{"id":331,"date":"2023-10-28T16:53:36","date_gmt":"2023-10-28T16:53:36","guid":{"rendered":"https:\/\/sietecolores.co\/?page_id=331"},"modified":"2023-11-02T16:29:38","modified_gmt":"2023-11-02T16:29:38","slug":"nosotros-3","status":"publish","type":"page","link":"https:\/\/sietecolores.co\/?page_id=331","title":{"rendered":"Nosotros"},"content":{"rendered":"\t\t<div data-elementor-type=\"wp-page\" data-elementor-id=\"331\" class=\"elementor elementor-331\" data-elementor-post-type=\"page\">\n\t\t\t\t<div class=\"elementor-element elementor-element-619fa8e e-con-full e-flex e-con e-parent\" data-id=\"619fa8e\" data-element_type=\"container\">\n\t\t\t\t<div class=\"elementor-element elementor-element-de3f6c7 elementor-widget elementor-widget-image\" data-id=\"de3f6c7\" data-element_type=\"widget\" data-widget_type=\"image.default\">\n\t\t\t\t<div class=\"elementor-widget-container\">\n\t\t\t\t\t\t\t\t\t\t\t\t\t\t\t<img fetchpriority=\"high\" decoding=\"async\" width=\"1866\" height=\"288\" src=\"https:\/\/sietecolores.co\/wp-content\/uploads\/2023\/10\/nosotros-nuevo.png\" class=\"attachment-full size-full wp-image-333\" alt=\"\" srcset=\"https:\/\/sietecolores.co\/wp-content\/uploads\/2023\/10\/nosotros-nuevo.png 1866w, https:\/\/sietecolores.co\/wp-content\/uploads\/2023\/10\/nosotros-nuevo-300x46.png 300w, https:\/\/sietecolores.co\/wp-content\/uploads\/2023\/10\/nosotros-nuevo-1024x158.png 1024w, https:\/\/sietecolores.co\/wp-content\/uploads\/2023\/10\/nosotros-nuevo-768x119.png 768w, https:\/\/sietecolores.co\/wp-content\/uploads\/2023\/10\/nosotros-nuevo-1536x237.png 1536w, https:\/\/sietecolores.co\/wp-content\/uploads\/2023\/10\/nosotros-nuevo-600x93.png 600w\" sizes=\"(max-width: 1866px) 100vw, 1866px\" \/>\t\t\t\t\t\t\t\t\t\t\t\t\t\t\t<\/div>\n\t\t\t\t<\/div>\n\t\t\t\t<\/div>\n\t\t<div class=\"elementor-element elementor-element-fc9fcc0 e-flex e-con-boxed e-con e-parent\" data-id=\"fc9fcc0\" data-element_type=\"container\">\n\t\t\t\t\t<div class=\"e-con-inner\">\n\t\t<div class=\"elementor-element elementor-element-fcb5b11 e-con-full e-flex e-con e-child\" data-id=\"fcb5b11\" data-element_type=\"container\">\n\t\t\t\t<div class=\"elementor-element elementor-element-6c8e349 elementor-widget elementor-widget-heading\" data-id=\"6c8e349\" data-element_type=\"widget\" data-widget_type=\"heading.default\">\n\t\t\t\t<div class=\"elementor-widget-container\">\n\t\t\t\t\t<h2 class=\"elementor-heading-title elementor-size-default\"><h3 dir=\"auto\" style=\"padding: 0px;margin: 0px;font-family: var(--h3-font-family);font-size: var(--fontSizeDesktop, var(--h3-font-size));font-weight: var(--h3-font-weight);line-height: var(--lineHeightDesktop, var(--h3-line-height));--lineHeightDesktop: 0.98;--fontSizeDesktop: 48px\"><span style=\"padding: 0px;margin: 0px;color: inherit;font-size: var(--fontSizeDesktop);font-weight: 400\">GLORIA BOH\u00d3RQUEZ<\/span><\/h3><\/h2>\t\t\t\t<\/div>\n\t\t\t\t<\/div>\n\t\t\t\t<div class=\"elementor-element elementor-element-c7294a9 elementor-widget elementor-widget-text-editor\" data-id=\"c7294a9\" data-element_type=\"widget\" data-widget_type=\"text-editor.default\">\n\t\t\t\t<div class=\"elementor-widget-container\">\n\t\t\t\t\t\t\t\t\t<h3 dir=\"auto\" style=\"padding: 0px; margin: 0px; color: #0f0a14; font-family: var(--h3-font-family); font-size: var(--fontSizeDesktop, var(--h3-font-size)); font-weight: var(--h3-font-weight); line-height: var(--lineHeightDesktop, var(--h3-line-height)); white-space-collapse: break-spaces; --lineheightmobile: 1.3; --lineheightdesktop: 1.3; --fontsizemobile: 11px; --fontsizedesktop: 16px;\"><span style=\"padding: 0px; margin: 0px; color: inherit; font-size: var(--fontSizeDesktop); font-family: Poppins;\">Las manos que buscan los sue\u00f1os de siete colores<\/span><\/h3>\t\t\t\t\t\t\t\t<\/div>\n\t\t\t\t<\/div>\n\t\t\t\t<div class=\"elementor-element elementor-element-2e4dbe0 elementor-widget elementor-widget-text-editor\" data-id=\"2e4dbe0\" data-element_type=\"widget\" data-widget_type=\"text-editor.default\">\n\t\t\t\t<div class=\"elementor-widget-container\">\n\t\t\t\t\t\t\t\t\t<p dir=\"auto\" style=\"padding: 0px; margin: 0px 0px 24px; color: #0f0a14; font-family: var(--body-large-font-family); font-size: medium; line-height: var(--lineHeightDesktop, var(--body-large-line-height)); text-align: justify; --lineheightdesktop: 1.3; --fontsizedesktop: 16px;\"><span style=\"padding: 0px; margin: 0px; color: inherit; font-size: var(--fontSizeDesktop); font-family: Poppins;\">Siete Colores es una inspiraci\u00f3n Divina que llega a mi vida como una bendici\u00f3n del cielo en un momento de sanaci\u00f3n importante de mi ser. Reconociendo el gran poder que hab\u00eda en m\u00ed, fui emprendiendo un camino consciente de regreso a mi interior, al origen de la fuente misma.<\/span><\/p>\t\t\t\t\t\t\t\t<\/div>\n\t\t\t\t<\/div>\n\t\t\t\t<div class=\"elementor-element elementor-element-775aa22 elementor-widget elementor-widget-text-editor\" data-id=\"775aa22\" data-element_type=\"widget\" data-widget_type=\"text-editor.default\">\n\t\t\t\t<div class=\"elementor-widget-container\">\n\t\t\t\t\t\t\t\t\t<p><span style=\"font-weight: bold; color: #0f0a14; font-family: Poppins; font-size: medium; text-align: justify;\">\u201cViv\u00ed momentos de dolor, angustia, emociones atrapadas e incluso enfermedad, que estuvieron bloqueando casi por completo mi vida\u201d<\/span><\/p>\t\t\t\t\t\t\t\t<\/div>\n\t\t\t\t<\/div>\n\t\t\t\t<\/div>\n\t\t<div class=\"elementor-element elementor-element-5b9ee2b e-con-full e-flex e-con e-child\" data-id=\"5b9ee2b\" data-element_type=\"container\">\n\t\t\t\t<div class=\"elementor-element elementor-element-7000b3a elementor-widget elementor-widget-text-editor\" data-id=\"7000b3a\" data-element_type=\"widget\" data-widget_type=\"text-editor.default\">\n\t\t\t\t<div class=\"elementor-widget-container\">\n\t\t\t\t\t\t\t\t\t<p dir=\"auto\" style=\"padding: 0px; margin: 0px 0px 24px; color: #0f0a14; font-family: var(--body-large-font-family); font-size: medium; line-height: var(--lineHeightDesktop, var(--body-large-line-height)); text-align: justify; --lineheightdesktop: 1.3; --fontsizedesktop: 16px;\">\u00a0<\/p><p dir=\"auto\" style=\"padding: 0px; margin: 0px 0px 24px; color: #0f0a14; font-family: var(--body-large-font-family); font-size: medium; line-height: var(--lineHeightDesktop, var(--body-large-line-height)); text-align: justify; --lineheightdesktop: 1.3; --fontsizedesktop: 16px;\">\u00a0<\/p><p dir=\"auto\" style=\"padding: 0px; margin: 0px 0px 24px; color: #0f0a14; font-family: var(--body-large-font-family); font-size: medium; line-height: var(--lineHeightDesktop, var(--body-large-line-height)); text-align: justify; --lineheightdesktop: 1.3; --fontsizedesktop: 16px;\"><span style=\"color: inherit; font-family: Poppins; font-size: var(--fontSizeDesktop); font-weight: var( --e-global-typography-text-font-weight );\">Viv\u00ed momentos de dolor, angustia, emociones atrapadas e incluso enfermedad, que estuvieron bloqueando casi por completo mi vida. Pero fue en ese reencuentro Divino, que pude reconectarme con mi esencia y emprender un nuevo camino que, desde el arte y la alquimia sagrada, me permiti\u00f3 traer a la memoria momentos olvidados, no sanados, y de los cuales pude tener m\u00faltiples aprendizajes para encontrar seguidamente el equilibrio y el bienestar.<\/span><\/p>\t\t\t\t\t\t\t\t<\/div>\n\t\t\t\t<\/div>\n\t\t\t\t<div class=\"elementor-element elementor-element-50f4060 elementor-widget elementor-widget-text-editor\" data-id=\"50f4060\" data-element_type=\"widget\" data-widget_type=\"text-editor.default\">\n\t\t\t\t<div class=\"elementor-widget-container\">\n\t\t\t\t\t\t\t\t\t<p><b>\u201cA trav\u00e9s de los siete Prop\u00f3sitos de Siete7 Colores, quiero compartir contigo la esencia sagrada de las plantas\u201d<\/b><\/p>\t\t\t\t\t\t\t\t<\/div>\n\t\t\t\t<\/div>\n\t\t\t\t<\/div>\n\t\t\t\t\t<\/div>\n\t\t\t\t<\/div>\n\t\t<div class=\"elementor-element elementor-element-01309e9 e-flex e-con-boxed e-con e-parent\" data-id=\"01309e9\" data-element_type=\"container\" data-settings=\"{&quot;background_background&quot;:&quot;classic&quot;}\">\n\t\t\t\t\t<div class=\"e-con-inner\">\n\t\t\t\t<div class=\"elementor-element elementor-element-aee6c47 elementor-widget__width-initial elementor-widget elementor-widget-text-editor\" data-id=\"aee6c47\" data-element_type=\"widget\" data-widget_type=\"text-editor.default\">\n\t\t\t\t<div class=\"elementor-widget-container\">\n\t\t\t\t\t\t\t\t\t<h3 dir=\"auto\"><strong>\u00a1BIENVENIDOS A ESTE MUNDO M\u00c1GICO, ENCUENTRO CON LO ESENCIAL!<\/strong><\/h3>\t\t\t\t\t\t\t\t<\/div>\n\t\t\t\t<\/div>\n\t\t\t\t\t<\/div>\n\t\t\t\t<\/div>\n\t\t<div class=\"elementor-element elementor-element-aa5f095 e-flex e-con-boxed e-con e-parent\" data-id=\"aa5f095\" data-element_type=\"container\">\n\t\t\t\t\t<div class=\"e-con-inner\">\n\t\t\t\t<div class=\"elementor-element elementor-element-f0f4974 elementor-widget elementor-widget-text-editor\" data-id=\"f0f4974\" data-element_type=\"widget\" data-widget_type=\"text-editor.default\">\n\t\t\t\t<div class=\"elementor-widget-container\">\n\t\t\t\t\t\t\t\t\t<p dir=\"ltr\" style=\"line-height: 1.38; text-align: justify; margin-top: 0pt; margin-bottom: 16pt;\"><span style=\"font-size: 11pt; font-family: Roboto,sans-serif; color: #000000; background-color: transparent; font-weight: 400; font-style: italic; font-variant: normal; text-decoration: none; vertical-align: baseline; white-space: pre-wrap;\">Es por esto que, a trav\u00e9s de los siete Prop\u00f3sitos de Siete Colores, quiero compartir contigo la esencia sagrada de las plantas, porque cada cuerpo que habita este planeta est\u00e1 dotado de divinidad y as\u00ed mismo toda la creaci\u00f3n fue impregnada de un elixir sagrado que nos permite conectarnos, sanar y tener el equilibrio y el bienestar deseado.<\/span><\/p><p dir=\"ltr\" style=\"line-height: 1.38; text-align: justify; margin-top: 0pt; margin-bottom: 16pt;\"><span style=\"font-size: 11pt; font-family: Roboto,sans-serif; color: #000000; background-color: transparent; font-weight: 400; font-style: normal; font-variant: normal; text-decoration: none; vertical-align: baseline; white-space: pre-wrap;\">Si ya has tenido acercamiento a la aromaterapia y sus bondades, estos prop\u00f3sitos van a hacerte vibrar de una sutil manera por sus componentes seleccionados con todo el amor y el cuidado.<\/span><\/p><p dir=\"ltr\" style=\"line-height: 1.38; text-align: center; margin-top: 0pt; margin-bottom: 16pt;\"><span style=\"font-size: 11pt; font-family: Roboto,sans-serif; color: #000000; background-color: transparent; font-weight: bold; font-style: normal; font-variant: normal; text-decoration: none; vertical-align: baseline; white-space: pre-wrap;\">\u201cUn proyecto guiado de manera muy especial por Miguel, Gabriel y Rafael, Arc\u00e1ngeles, que con sus poderes sagrados y consagraciones han hecho que estas esencias sean \u00fanicas\u201d.<\/span><\/p><p dir=\"ltr\" style=\"line-height: 1.38; text-align: justify; margin-top: 0pt; margin-bottom: 16pt;\"><span style=\"font-size: 11pt; font-family: Roboto,sans-serif; color: #000000; background-color: transparent; font-weight: 400; font-style: italic; font-variant: normal; text-decoration: none; vertical-align: baseline; white-space: pre-wrap;\">Si llegas por primera vez a ellos, deja que te conecten nuevamente con las bondades de la tierra y la bot\u00e1nica, los elementos de las plantas, y esenciales cortezas, resinas, \u00e1rboles, y minerales. \u00a1Con la creaci\u00f3n misma!<\/span><\/p><p>\u00a0<\/p><p dir=\"ltr\" style=\"line-height: 1.38; text-align: justify; margin-top: 0pt; margin-bottom: 16pt;\"><span style=\"font-size: 11pt; font-family: Roboto,sans-serif; color: #000000; background-color: transparent; font-weight: 400; font-style: normal; font-variant: normal; text-decoration: none; vertical-align: baseline; white-space: pre-wrap;\">Disfruta de esta maravillosa experiencia de conexi\u00f3n a trav\u00e9s de los Prop\u00f3sitos de Siete Colores y los aceites sagrados y esenciales, cuidadosamente seleccionados para ti. Un proyecto guiado de manera muy especial por Miguel, Gabriel y Rafael, Arc\u00e1ngeles, que con sus poderes sagrados y consagraciones han hecho que estas esencias sean \u00fanicas.<\/span><\/p>\t\t\t\t\t\t\t\t<\/div>\n\t\t\t\t<\/div>\n\t\t\t\t\t<\/div>\n\t\t\t\t<\/div>\n\t\t<div class=\"elementor-element elementor-element-e7519b6 e-flex e-con-boxed e-con e-parent\" data-id=\"e7519b6\" data-element_type=\"container\" data-settings=\"{&quot;background_background&quot;:&quot;classic&quot;}\">\n\t\t\t\t\t<div class=\"e-con-inner\">\n\t\t\t\t\t<\/div>\n\t\t\t\t<\/div>\n\t\t<div class=\"elementor-element elementor-element-05428e5 e-flex e-con-boxed e-con e-parent\" data-id=\"05428e5\" data-element_type=\"container\">\n\t\t\t\t\t<div class=\"e-con-inner\">\n\t\t<div class=\"elementor-element elementor-element-dfbd9b1 e-con-full e-flex e-con e-child\" data-id=\"dfbd9b1\" data-element_type=\"container\">\n\t\t\t\t<div class=\"elementor-element elementor-element-43e35d7 elementor-widget elementor-widget-video\" data-id=\"43e35d7\" data-element_type=\"widget\" data-settings=\"{&quot;youtube_url&quot;:&quot;https:\\\/\\\/youtu.be\\\/dg0vwovgwhk?si=d08J348ssku6tOka&quot;,&quot;video_type&quot;:&quot;youtube&quot;,&quot;controls&quot;:&quot;yes&quot;}\" data-widget_type=\"video.default\">\n\t\t\t\t<div class=\"elementor-widget-container\">\n\t\t\t\t\t\t\t<div class=\"elementor-wrapper elementor-open-inline\">\n\t\t\t<div class=\"elementor-video\"><\/div>\t\t<\/div>\n\t\t\t\t\t\t<\/div>\n\t\t\t\t<\/div>\n\t\t\t\t<\/div>\n\t\t<div class=\"elementor-element elementor-element-47af16d e-con-full e-flex e-con e-child\" data-id=\"47af16d\" data-element_type=\"container\">\n\t\t\t\t<div class=\"elementor-element elementor-element-38c741b elementor-widget elementor-widget-text-editor\" data-id=\"38c741b\" data-element_type=\"widget\" data-widget_type=\"text-editor.default\">\n\t\t\t\t<div class=\"elementor-widget-container\">\n\t\t\t\t\t\t\t\t\t<h3 dir=\"auto\" style=\"padding: 0px; margin: 0px; color: rgb(58, 138, 4); font-family: var(--h3-font-family); font-size: var(--fontSizeDesktop, var(--h3-font-size)); line-height: var(--lineHeightDesktop, var(--h3-line-height)); white-space-collapse: break-spaces; --lineHeightMobile: 1.3; --lineHeightDesktop: 1.3; --fontSizeMobile: 24px; --fontSizeDesktop: 48px;\"><span style=\"padding: 0px; margin: 0px; color: inherit; font-size: var(--fontSizeDesktop); font-family: &quot;Cinzel Bold Regular&quot;;\"><b>ACEITES ESENCIALES<\/b><\/span><\/h3>\t\t\t\t\t\t\t\t<\/div>\n\t\t\t\t<\/div>\n\t\t\t\t<div class=\"elementor-element elementor-element-fd38937 elementor-widget elementor-widget-text-editor\" data-id=\"fd38937\" data-element_type=\"widget\" data-widget_type=\"text-editor.default\">\n\t\t\t\t<div class=\"elementor-widget-container\">\n\t\t\t\t\t\t\t\t\t<h3 dir=\"auto\" style=\"padding: 0px; margin: 0px; color: rgb(58, 138, 4); font-family: var(--h3-font-family); font-size: var(--fontSizeDesktop, var(--h3-font-size)); line-height: var(--lineHeightDesktop, var(--h3-line-height)); text-align: center; white-space-collapse: break-spaces; --lineHeightMobile: 1.3; --lineHeightDesktop: 1.3; --fontSizeMobile: 18px; --fontSizeDesktop: 32px;\"><span style=\"padding: 0px; margin: 0px; color: inherit; font-size: var(--fontSizeDesktop); font-family: &quot;Cinzel Bold Regular&quot;;\"><b>SIETE COLORES<\/b><\/span><\/h3>\t\t\t\t\t\t\t\t<\/div>\n\t\t\t\t<\/div>\n\t\t\t\t<div class=\"elementor-element elementor-element-b38bffa elementor-widget elementor-widget-text-editor\" data-id=\"b38bffa\" data-element_type=\"widget\" data-widget_type=\"text-editor.default\">\n\t\t\t\t<div class=\"elementor-widget-container\">\n\t\t\t\t\t\t\t\t\t<p><b>El alma de las plantas, su esencia m\u00e1s pura para brindarte todo el bienestar&#8230;<\/b><\/p>\n<p>La exuberante generosidad de la naturaleza en los m\u00e1s exquisitos aceites extra\u00eddos de manera artesanal, de plantas y flores que proporcionan a tu vida en siete colores el descanso, la armon\u00eda, la plenitud, el alivio&#8230;<\/p>\t\t\t\t\t\t\t\t<\/div>\n\t\t\t\t<\/div>\n\t\t\t\t<\/div>\n\t\t\t\t\t<\/div>\n\t\t\t\t<\/div>\n\t\t<div class=\"elementor-element elementor-element-86c0af5 e-flex e-con-boxed e-con e-parent\" data-id=\"86c0af5\" data-element_type=\"container\" data-settings=\"{&quot;background_background&quot;:&quot;classic&quot;}\">\n\t\t\t\t\t<div class=\"e-con-inner\">\n\t\t\t\t<div class=\"elementor-element elementor-element-cd68d92 elementor-widget__width-initial elementor-widget-mobile__width-initial elementor-widget elementor-widget-text-editor\" data-id=\"cd68d92\" data-element_type=\"widget\" data-widget_type=\"text-editor.default\">\n\t\t\t\t<div class=\"elementor-widget-container\">\n\t\t\t\t\t\t\t\t\t<h3 dir=\"auto\"><strong>ACEITES, SAGRADOS,<br \/><\/strong><strong>ESENCIALES<br \/>Y CON UN<br \/>PROP\u00d3SITO<\/strong><\/h3><p><strong>\u00a1TU BIENESTAR!<\/strong><\/p>\t\t\t\t\t\t\t\t<\/div>\n\t\t\t\t<\/div>\n\t\t\t\t\t<\/div>\n\t\t\t\t<\/div>\n\t\t\t\t<\/div>\n\t\t","protected":false},"excerpt":{"rendered":"<p>GLORIA BOH\u00d3RQUEZ Las manos que buscan los sue\u00f1os de siete colores Siete Colores es una inspiraci\u00f3n Divina que llega a mi vida como una bendici\u00f3n del cielo en un momento de sanaci\u00f3n importante de mi ser. Reconociendo el gran poder que hab\u00eda en m\u00ed, fui emprendiendo un camino consciente de regreso a mi interior, al [&hellip;]<\/p>\n","protected":false},"author":1,"featured_media":0,"parent":0,"menu_order":0,"comment_status":"closed","ping_status":"closed","template":"","meta":{"_monsterinsights_skip_tracking":false,"_monsterinsights_sitenote_active":false,"_monsterinsights_sitenote_note":"","_monsterinsights_sitenote_category":0,"_joinchat":[],"footnotes":""},"class_list":["post-331","page","type-page","status-publish","hentry"],"aioseo_notices":[],"_links":{"self":[{"href":"https:\/\/sietecolores.co\/index.php?rest_route=\/wp\/v2\/pages\/331","targetHints":{"allow":["GET"]}}],"collection":[{"href":"https:\/\/sietecolores.co\/index.php?rest_route=\/wp\/v2\/pages"}],"about":[{"href":"https:\/\/sietecolores.co\/index.php?rest_route=\/wp\/v2\/types\/page"}],"author":[{"embeddable":true,"href":"https:\/\/sietecolores.co\/index.php?rest_route=\/wp\/v2\/users\/1"}],"replies":[{"embeddable":true,"href":"https:\/\/sietecolores.co\/index.php?rest_route=%2Fwp%2Fv2%2Fcomments&post=331"}],"version-history":[{"count":24,"href":"https:\/\/sietecolores.co\/index.php?rest_route=\/wp\/v2\/pages\/331\/revisions"}],"predecessor-version":[{"id":767,"href":"https:\/\/sietecolores.co\/index.php?rest_route=\/wp\/v2\/pages\/331\/revisions\/767"}],"wp:attachment":[{"href":"https:\/\/sietecolores.co\/index.php?rest_route=%2Fwp%2Fv2%2Fmedia&parent=331"}],"curies":[{"name":"wp","href":"https:\/\/api.w.org\/{rel}","templated":true}]}}