{"id":370,"date":"2023-10-28T17:25:50","date_gmt":"2023-10-28T17:25:50","guid":{"rendered":"https:\/\/sietecolores.co\/?page_id=370"},"modified":"2025-07-21T22:53:56","modified_gmt":"2025-07-21T22:53:56","slug":"blog-2","status":"publish","type":"page","link":"https:\/\/sietecolores.co\/?page_id=370","title":{"rendered":"Blog"},"content":{"rendered":"\t\t<div data-elementor-type=\"wp-page\" data-elementor-id=\"370\" class=\"elementor elementor-370\" data-elementor-post-type=\"page\">\n\t\t\t\t<div class=\"elementor-element elementor-element-6d0d2b5 e-flex e-con-boxed e-con e-parent\" data-id=\"6d0d2b5\" data-element_type=\"container\">\n\t\t\t\t\t<div class=\"e-con-inner\">\n\t\t\t\t<div class=\"elementor-element elementor-element-1913fc7 elementor-grid-3 elementor-grid-tablet-2 elementor-grid-mobile-1 elementor-posts--thumbnail-top elementor-posts--show-avatar elementor-card-shadow-yes elementor-posts__hover-gradient elementor-widget elementor-widget-posts\" data-id=\"1913fc7\" data-element_type=\"widget\" data-settings=\"{&quot;cards_columns&quot;:&quot;3&quot;,&quot;cards_columns_tablet&quot;:&quot;2&quot;,&quot;cards_columns_mobile&quot;:&quot;1&quot;,&quot;cards_row_gap&quot;:{&quot;unit&quot;:&quot;px&quot;,&quot;size&quot;:35,&quot;sizes&quot;:[]},&quot;cards_row_gap_tablet&quot;:{&quot;unit&quot;:&quot;px&quot;,&quot;size&quot;:&quot;&quot;,&quot;sizes&quot;:[]},&quot;cards_row_gap_mobile&quot;:{&quot;unit&quot;:&quot;px&quot;,&quot;size&quot;:&quot;&quot;,&quot;sizes&quot;:[]}}\" data-widget_type=\"posts.cards\">\n\t\t\t\t<div class=\"elementor-widget-container\">\n\t\t\t\t\t\t\t<div class=\"elementor-posts-container elementor-posts elementor-posts--skin-cards elementor-grid\">\n\t\t\t\t<article class=\"elementor-post elementor-grid-item post-1227 post type-post status-publish format-standard has-post-thumbnail hentry category-blog\">\n\t\t\t<div class=\"elementor-post__card\">\n\t\t\t\t<a class=\"elementor-post__thumbnail__link\" href=\"https:\/\/sietecolores.co\/?p=1227\" tabindex=\"-1\" ><div class=\"elementor-post__thumbnail\"><img fetchpriority=\"high\" decoding=\"async\" width=\"300\" height=\"226\" src=\"https:\/\/sietecolores.co\/wp-content\/uploads\/2025\/07\/2662241d-4e9a-489f-b9a2-9f3b831e404a-300x226.webp\" class=\"attachment-medium size-medium wp-image-1230\" alt=\"\" srcset=\"https:\/\/sietecolores.co\/wp-content\/uploads\/2025\/07\/2662241d-4e9a-489f-b9a2-9f3b831e404a-300x226.webp 300w, https:\/\/sietecolores.co\/wp-content\/uploads\/2025\/07\/2662241d-4e9a-489f-b9a2-9f3b831e404a-1024x770.webp 1024w, https:\/\/sietecolores.co\/wp-content\/uploads\/2025\/07\/2662241d-4e9a-489f-b9a2-9f3b831e404a-768x577.webp 768w, https:\/\/sietecolores.co\/wp-content\/uploads\/2025\/07\/2662241d-4e9a-489f-b9a2-9f3b831e404a-600x451.webp 600w, https:\/\/sietecolores.co\/wp-content\/uploads\/2025\/07\/2662241d-4e9a-489f-b9a2-9f3b831e404a.webp 1152w\" sizes=\"(max-width: 300px) 100vw, 300px\" \/><\/div><\/a>\n\t\t\t\t<div class=\"elementor-post__badge\">Blog<\/div>\n\t\t\t\t<div class=\"elementor-post__avatar\">\n\t\t\t<img alt='sietecolores.co' src='https:\/\/secure.gravatar.com\/avatar\/63dbbdc7e8bc00652024fdb364cdf7f6?s=128&#038;d=mm&#038;r=g' srcset='https:\/\/secure.gravatar.com\/avatar\/63dbbdc7e8bc00652024fdb364cdf7f6?s=256&#038;d=mm&#038;r=g 2x' class='avatar avatar-128 photo' height='128' width='128' \/>\t\t<\/div>\n\t\t\t\t<div class=\"elementor-post__text\">\n\t\t\t\t<h3 class=\"elementor-post__title\">\n\t\t\t<a href=\"https:\/\/sietecolores.co\/?p=1227\" >\n\t\t\t\t\ud83c\udf3c\u00a0Neroli: Ilumina la vida confirmando la encarnaci\u00f3n\t\t\t<\/a>\n\t\t<\/h3>\n\t\t\t\t<div class=\"elementor-post__excerpt\">\n\t\t\t<p>En momentos donde el cuerpo y el alma parecen desconectarse del presente,&nbsp;Neroli&nbsp;act\u00faa como un puente amoroso que nos devuelve al aqu\u00ed y al ahora.Este aceite<\/p>\n\t\t<\/div>\n\t\t\t\t\t<div class=\"elementor-post__read-more-wrapper\">\n\t\t\n\t\t<a class=\"elementor-post__read-more\" href=\"https:\/\/sietecolores.co\/?p=1227\" aria-label=\"Read more about \ud83c\udf3c\u00a0Neroli: Ilumina la vida confirmando la encarnaci\u00f3n\" tabindex=\"-1\" >\n\t\t\tRead More \u00bb\t\t<\/a>\n\n\t\t\t\t\t<\/div>\n\t\t\t\t<\/div>\n\t\t\t\t<div class=\"elementor-post__meta-data\">\n\t\t\t\t\t<span class=\"elementor-post-date\">\n\t\t\tjulio 21, 2025\t\t<\/span>\n\t\t\t\t<span class=\"elementor-post-avatar\">\n\t\t\tNo hay comentarios\t\t<\/span>\n\t\t\t\t<\/div>\n\t\t\t\t\t<\/div>\n\t\t<\/article>\n\t\t\t\t<article class=\"elementor-post elementor-grid-item post-1225 post type-post status-publish format-standard has-post-thumbnail hentry category-blog\">\n\t\t\t<div class=\"elementor-post__card\">\n\t\t\t\t<a class=\"elementor-post__thumbnail__link\" href=\"https:\/\/sietecolores.co\/?p=1225\" tabindex=\"-1\" ><div class=\"elementor-post__thumbnail\"><img decoding=\"async\" width=\"225\" height=\"300\" src=\"https:\/\/sietecolores.co\/wp-content\/uploads\/2024\/12\/sueno-225x300.jpg\" class=\"attachment-medium size-medium wp-image-1176\" alt=\"\" srcset=\"https:\/\/sietecolores.co\/wp-content\/uploads\/2024\/12\/sueno-225x300.jpg 225w, https:\/\/sietecolores.co\/wp-content\/uploads\/2024\/12\/sueno-768x1024.jpg 768w, https:\/\/sietecolores.co\/wp-content\/uploads\/2024\/12\/sueno-1152x1536.jpg 1152w, https:\/\/sietecolores.co\/wp-content\/uploads\/2024\/12\/sueno-1536x2048.jpg 1536w, https:\/\/sietecolores.co\/wp-content\/uploads\/2024\/12\/sueno-600x800.jpg 600w, https:\/\/sietecolores.co\/wp-content\/uploads\/2024\/12\/sueno-scaled.jpg 1920w\" sizes=\"(max-width: 225px) 100vw, 225px\" \/><\/div><\/a>\n\t\t\t\t<div class=\"elementor-post__badge\">Blog<\/div>\n\t\t\t\t<div class=\"elementor-post__avatar\">\n\t\t\t<img alt='sietecolores.co' src='https:\/\/secure.gravatar.com\/avatar\/63dbbdc7e8bc00652024fdb364cdf7f6?s=128&#038;d=mm&#038;r=g' srcset='https:\/\/secure.gravatar.com\/avatar\/63dbbdc7e8bc00652024fdb364cdf7f6?s=256&#038;d=mm&#038;r=g 2x' class='avatar avatar-128 photo' height='128' width='128' \/>\t\t<\/div>\n\t\t\t\t<div class=\"elementor-post__text\">\n\t\t\t\t<h3 class=\"elementor-post__title\">\n\t\t\t<a href=\"https:\/\/sietecolores.co\/?p=1225\" >\n\t\t\t\t\ud83c\udf19 Ritual Sue\u00f1o Violeta: c\u00f3mo crear una noche de descanso profundo y conexi\u00f3n interior\t\t\t<\/a>\n\t\t<\/h3>\n\t\t\t\t<div class=\"elementor-post__excerpt\">\n\t\t\t<p>\ud83e\uddd8\u200d\u2640\ufe0f \u00bfTe cuesta dormir profundamente o encontrar calma al final del d\u00eda? En medio de la rutina, muchas veces dejamos el descanso para el final\u2026<\/p>\n\t\t<\/div>\n\t\t\t\t\t<div class=\"elementor-post__read-more-wrapper\">\n\t\t\n\t\t<a class=\"elementor-post__read-more\" href=\"https:\/\/sietecolores.co\/?p=1225\" aria-label=\"Read more about \ud83c\udf19 Ritual Sue\u00f1o Violeta: c\u00f3mo crear una noche de descanso profundo y conexi\u00f3n interior\" tabindex=\"-1\" >\n\t\t\tRead More \u00bb\t\t<\/a>\n\n\t\t\t\t\t<\/div>\n\t\t\t\t<\/div>\n\t\t\t\t<div class=\"elementor-post__meta-data\">\n\t\t\t\t\t<span class=\"elementor-post-date\">\n\t\t\tjulio 21, 2025\t\t<\/span>\n\t\t\t\t<span class=\"elementor-post-avatar\">\n\t\t\tNo hay comentarios\t\t<\/span>\n\t\t\t\t<\/div>\n\t\t\t\t\t<\/div>\n\t\t<\/article>\n\t\t\t\t<article class=\"elementor-post elementor-grid-item post-1214 post type-post status-publish format-standard has-post-thumbnail hentry category-blog tag-aceite-esencial tag-aceites-para-el-sueno tag-essential-oils tag-lavanda-para-dormir-mejor tag-sueno-profundo\">\n\t\t\t<div class=\"elementor-post__card\">\n\t\t\t\t<a class=\"elementor-post__thumbnail__link\" href=\"https:\/\/sietecolores.co\/?p=1214\" tabindex=\"-1\" ><div class=\"elementor-post__thumbnail\"><img decoding=\"async\" width=\"300\" height=\"169\" src=\"https:\/\/sietecolores.co\/wp-content\/uploads\/2023\/11\/BANNER-HOME_SUEa\u00a4-VIOLETA-300x169.jpg\" class=\"attachment-medium size-medium wp-image-965\" alt=\"\" srcset=\"https:\/\/sietecolores.co\/wp-content\/uploads\/2023\/11\/BANNER-HOME_SUEa\u00a4-VIOLETA-300x169.jpg 300w, https:\/\/sietecolores.co\/wp-content\/uploads\/2023\/11\/BANNER-HOME_SUEa\u00a4-VIOLETA-1024x576.jpg 1024w, https:\/\/sietecolores.co\/wp-content\/uploads\/2023\/11\/BANNER-HOME_SUEa\u00a4-VIOLETA-768x432.jpg 768w, https:\/\/sietecolores.co\/wp-content\/uploads\/2023\/11\/BANNER-HOME_SUEa\u00a4-VIOLETA-1536x864.jpg 1536w, https:\/\/sietecolores.co\/wp-content\/uploads\/2023\/11\/BANNER-HOME_SUEa\u00a4-VIOLETA-600x338.jpg 600w, https:\/\/sietecolores.co\/wp-content\/uploads\/2023\/11\/BANNER-HOME_SUEa\u00a4-VIOLETA.jpg 1920w\" sizes=\"(max-width: 300px) 100vw, 300px\" \/><\/div><\/a>\n\t\t\t\t<div class=\"elementor-post__badge\">Blog<\/div>\n\t\t\t\t<div class=\"elementor-post__avatar\">\n\t\t\t<img alt='sietecolores.co' src='https:\/\/secure.gravatar.com\/avatar\/63dbbdc7e8bc00652024fdb364cdf7f6?s=128&#038;d=mm&#038;r=g' srcset='https:\/\/secure.gravatar.com\/avatar\/63dbbdc7e8bc00652024fdb364cdf7f6?s=256&#038;d=mm&#038;r=g 2x' class='avatar avatar-128 photo' height='128' width='128' \/>\t\t<\/div>\n\t\t\t\t<div class=\"elementor-post__text\">\n\t\t\t\t<h3 class=\"elementor-post__title\">\n\t\t\t<a href=\"https:\/\/sietecolores.co\/?p=1214\" >\n\t\t\t\tNo es normal dormir mal\t\t\t<\/a>\n\t\t<\/h3>\n\t\t\t\t<div class=\"elementor-post__excerpt\">\n\t\t\t<p>La lavanda es reconocida por su gran beneficio a la hora de inducir el sue\u00f1o, sin embargo, hay m\u00e1s. Y esta uni\u00f3n se llama Sue\u00f1o<\/p>\n\t\t<\/div>\n\t\t\t\t\t<div class=\"elementor-post__read-more-wrapper\">\n\t\t\n\t\t<a class=\"elementor-post__read-more\" href=\"https:\/\/sietecolores.co\/?p=1214\" aria-label=\"Read more about No es normal dormir mal\" tabindex=\"-1\" >\n\t\t\tRead More \u00bb\t\t<\/a>\n\n\t\t\t\t\t<\/div>\n\t\t\t\t<\/div>\n\t\t\t\t<div class=\"elementor-post__meta-data\">\n\t\t\t\t\t<span class=\"elementor-post-date\">\n\t\t\tjunio 17, 2025\t\t<\/span>\n\t\t\t\t<span class=\"elementor-post-avatar\">\n\t\t\tNo hay comentarios\t\t<\/span>\n\t\t\t\t<\/div>\n\t\t\t\t\t<\/div>\n\t\t<\/article>\n\t\t\t\t<article class=\"elementor-post elementor-grid-item post-1209 post type-post status-publish format-standard has-post-thumbnail hentry category-blog tag-aceite-esencial tag-aceites-para-el-dolor tag-aceites-para-el-estres tag-ansiedad tag-essential-oils tag-estres\">\n\t\t\t<div class=\"elementor-post__card\">\n\t\t\t\t<a class=\"elementor-post__thumbnail__link\" href=\"https:\/\/sietecolores.co\/?p=1209\" tabindex=\"-1\" ><div class=\"elementor-post__thumbnail\"><img loading=\"lazy\" decoding=\"async\" width=\"300\" height=\"169\" src=\"https:\/\/sietecolores.co\/wp-content\/uploads\/2023\/11\/BANNER-HOME_EQUILIBRIO-AMBAR-300x169.jpg\" class=\"attachment-medium size-medium wp-image-963\" alt=\"\" srcset=\"https:\/\/sietecolores.co\/wp-content\/uploads\/2023\/11\/BANNER-HOME_EQUILIBRIO-AMBAR-300x169.jpg 300w, https:\/\/sietecolores.co\/wp-content\/uploads\/2023\/11\/BANNER-HOME_EQUILIBRIO-AMBAR-1024x576.jpg 1024w, https:\/\/sietecolores.co\/wp-content\/uploads\/2023\/11\/BANNER-HOME_EQUILIBRIO-AMBAR-768x432.jpg 768w, https:\/\/sietecolores.co\/wp-content\/uploads\/2023\/11\/BANNER-HOME_EQUILIBRIO-AMBAR-1536x864.jpg 1536w, https:\/\/sietecolores.co\/wp-content\/uploads\/2023\/11\/BANNER-HOME_EQUILIBRIO-AMBAR-600x338.jpg 600w, https:\/\/sietecolores.co\/wp-content\/uploads\/2023\/11\/BANNER-HOME_EQUILIBRIO-AMBAR.jpg 1920w\" sizes=\"(max-width: 300px) 100vw, 300px\" \/><\/div><\/a>\n\t\t\t\t<div class=\"elementor-post__badge\">Blog<\/div>\n\t\t\t\t<div class=\"elementor-post__avatar\">\n\t\t\t<img alt='sietecolores.co' src='https:\/\/secure.gravatar.com\/avatar\/63dbbdc7e8bc00652024fdb364cdf7f6?s=128&#038;d=mm&#038;r=g' srcset='https:\/\/secure.gravatar.com\/avatar\/63dbbdc7e8bc00652024fdb364cdf7f6?s=256&#038;d=mm&#038;r=g 2x' class='avatar avatar-128 photo' height='128' width='128' \/>\t\t<\/div>\n\t\t\t\t<div class=\"elementor-post__text\">\n\t\t\t\t<h3 class=\"elementor-post__title\">\n\t\t\t<a href=\"https:\/\/sietecolores.co\/?p=1209\" >\n\t\t\t\tEs posible vivir sin estr\u00e9s y sin ansiedad\t\t\t<\/a>\n\t\t<\/h3>\n\t\t\t\t<div class=\"elementor-post__excerpt\">\n\t\t\t<p>Son muchos los aceites esenciales para el estr\u00e9s y la ansiedad, por ejemplo: Salvia, Rosa, Bergamota, Naranja, Limoncillo, Ylang Ylang entre otros. Pero, \u00bfy si<\/p>\n\t\t<\/div>\n\t\t\t\t\t<div class=\"elementor-post__read-more-wrapper\">\n\t\t\n\t\t<a class=\"elementor-post__read-more\" href=\"https:\/\/sietecolores.co\/?p=1209\" aria-label=\"Read more about Es posible vivir sin estr\u00e9s y sin ansiedad\" tabindex=\"-1\" >\n\t\t\tRead More \u00bb\t\t<\/a>\n\n\t\t\t\t\t<\/div>\n\t\t\t\t<\/div>\n\t\t\t\t<div class=\"elementor-post__meta-data\">\n\t\t\t\t\t<span class=\"elementor-post-date\">\n\t\t\tjunio 10, 2025\t\t<\/span>\n\t\t\t\t<span class=\"elementor-post-avatar\">\n\t\t\tNo hay comentarios\t\t<\/span>\n\t\t\t\t<\/div>\n\t\t\t\t\t<\/div>\n\t\t<\/article>\n\t\t\t\t<article class=\"elementor-post elementor-grid-item post-1204 post type-post status-publish format-standard has-post-thumbnail hentry category-blog\">\n\t\t\t<div class=\"elementor-post__card\">\n\t\t\t\t<a class=\"elementor-post__thumbnail__link\" href=\"https:\/\/sietecolores.co\/?p=1204\" tabindex=\"-1\" ><div class=\"elementor-post__thumbnail\"><img loading=\"lazy\" decoding=\"async\" width=\"300\" height=\"169\" src=\"https:\/\/sietecolores.co\/wp-content\/uploads\/2023\/11\/BANNER-HOME_ALIVIO-CELESTE-300x169.jpg\" class=\"attachment-medium size-medium wp-image-962\" alt=\"\" srcset=\"https:\/\/sietecolores.co\/wp-content\/uploads\/2023\/11\/BANNER-HOME_ALIVIO-CELESTE-300x169.jpg 300w, https:\/\/sietecolores.co\/wp-content\/uploads\/2023\/11\/BANNER-HOME_ALIVIO-CELESTE-1024x576.jpg 1024w, https:\/\/sietecolores.co\/wp-content\/uploads\/2023\/11\/BANNER-HOME_ALIVIO-CELESTE-768x432.jpg 768w, https:\/\/sietecolores.co\/wp-content\/uploads\/2023\/11\/BANNER-HOME_ALIVIO-CELESTE-1536x864.jpg 1536w, https:\/\/sietecolores.co\/wp-content\/uploads\/2023\/11\/BANNER-HOME_ALIVIO-CELESTE-600x338.jpg 600w, https:\/\/sietecolores.co\/wp-content\/uploads\/2023\/11\/BANNER-HOME_ALIVIO-CELESTE.jpg 1920w\" sizes=\"(max-width: 300px) 100vw, 300px\" \/><\/div><\/a>\n\t\t\t\t<div class=\"elementor-post__badge\">Blog<\/div>\n\t\t\t\t<div class=\"elementor-post__avatar\">\n\t\t\t<img alt='sietecolores.co' src='https:\/\/secure.gravatar.com\/avatar\/63dbbdc7e8bc00652024fdb364cdf7f6?s=128&#038;d=mm&#038;r=g' srcset='https:\/\/secure.gravatar.com\/avatar\/63dbbdc7e8bc00652024fdb364cdf7f6?s=256&#038;d=mm&#038;r=g 2x' class='avatar avatar-128 photo' height='128' width='128' \/>\t\t<\/div>\n\t\t\t\t<div class=\"elementor-post__text\">\n\t\t\t\t<h3 class=\"elementor-post__title\">\n\t\t\t<a href=\"https:\/\/sietecolores.co\/?p=1204\" >\n\t\t\t\tAceite esencial para el dolor\t\t\t<\/a>\n\t\t<\/h3>\n\t\t\t\t<div class=\"elementor-post__excerpt\">\n\t\t\t<p>Para el dolor puedes usar eucalipto, menta, \u00e1rbol de t\u00e9, o todos juntos en Alivio Celeste. Hay varios aceites esenciales que te ayudan a lidiar<\/p>\n\t\t<\/div>\n\t\t\t\t\t<div class=\"elementor-post__read-more-wrapper\">\n\t\t\n\t\t<a class=\"elementor-post__read-more\" href=\"https:\/\/sietecolores.co\/?p=1204\" aria-label=\"Read more about Aceite esencial para el dolor\" tabindex=\"-1\" >\n\t\t\tRead More \u00bb\t\t<\/a>\n\n\t\t\t\t\t<\/div>\n\t\t\t\t<\/div>\n\t\t\t\t<div class=\"elementor-post__meta-data\">\n\t\t\t\t\t<span class=\"elementor-post-date\">\n\t\t\tjunio 3, 2025\t\t<\/span>\n\t\t\t\t<span class=\"elementor-post-avatar\">\n\t\t\tNo hay comentarios\t\t<\/span>\n\t\t\t\t<\/div>\n\t\t\t\t\t<\/div>\n\t\t<\/article>\n\t\t\t\t<article class=\"elementor-post elementor-grid-item post-1201 post type-post status-publish format-standard has-post-thumbnail hentry category-blog tag-aceite-esencial tag-essential-oils tag-romero\">\n\t\t\t<div class=\"elementor-post__card\">\n\t\t\t\t<a class=\"elementor-post__thumbnail__link\" href=\"https:\/\/sietecolores.co\/?p=1201\" tabindex=\"-1\" ><div class=\"elementor-post__thumbnail\"><img loading=\"lazy\" decoding=\"async\" width=\"300\" height=\"300\" src=\"https:\/\/sietecolores.co\/wp-content\/uploads\/2023\/12\/8-300x300.jpg\" class=\"attachment-medium size-medium wp-image-1048\" alt=\"\" srcset=\"https:\/\/sietecolores.co\/wp-content\/uploads\/2023\/12\/8-300x300.jpg 300w, https:\/\/sietecolores.co\/wp-content\/uploads\/2023\/12\/8-1024x1024.jpg 1024w, https:\/\/sietecolores.co\/wp-content\/uploads\/2023\/12\/8-150x150.jpg 150w, https:\/\/sietecolores.co\/wp-content\/uploads\/2023\/12\/8-768x767.jpg 768w, https:\/\/sietecolores.co\/wp-content\/uploads\/2023\/12\/8-600x600.jpg 600w, https:\/\/sietecolores.co\/wp-content\/uploads\/2023\/12\/8-100x100.jpg 100w, https:\/\/sietecolores.co\/wp-content\/uploads\/2023\/12\/8.jpg 1201w\" sizes=\"(max-width: 300px) 100vw, 300px\" \/><\/div><\/a>\n\t\t\t\t<div class=\"elementor-post__badge\">Blog<\/div>\n\t\t\t\t<div class=\"elementor-post__avatar\">\n\t\t\t<img alt='sietecolores.co' src='https:\/\/secure.gravatar.com\/avatar\/63dbbdc7e8bc00652024fdb364cdf7f6?s=128&#038;d=mm&#038;r=g' srcset='https:\/\/secure.gravatar.com\/avatar\/63dbbdc7e8bc00652024fdb364cdf7f6?s=256&#038;d=mm&#038;r=g 2x' class='avatar avatar-128 photo' height='128' width='128' \/>\t\t<\/div>\n\t\t\t\t<div class=\"elementor-post__text\">\n\t\t\t\t<h3 class=\"elementor-post__title\">\n\t\t\t<a href=\"https:\/\/sietecolores.co\/?p=1201\" >\n\t\t\t\tEl verdadero poder del romero\t\t\t<\/a>\n\t\t<\/h3>\n\t\t\t\t<div class=\"elementor-post__excerpt\">\n\t\t\t<p>\u00bfPor qu\u00e9 todos est\u00e1n amando el aceite esencial de Romero? Los siguientes son sus beneficios f\u00edsicos y energ\u00e9ticos para que conozcas m\u00e1s sobre este aceite<\/p>\n\t\t<\/div>\n\t\t\t\t\t<div class=\"elementor-post__read-more-wrapper\">\n\t\t\n\t\t<a class=\"elementor-post__read-more\" href=\"https:\/\/sietecolores.co\/?p=1201\" aria-label=\"Read more about El verdadero poder del romero\" tabindex=\"-1\" >\n\t\t\tRead More \u00bb\t\t<\/a>\n\n\t\t\t\t\t<\/div>\n\t\t\t\t<\/div>\n\t\t\t\t<div class=\"elementor-post__meta-data\">\n\t\t\t\t\t<span class=\"elementor-post-date\">\n\t\t\tmayo 29, 2025\t\t<\/span>\n\t\t\t\t<span class=\"elementor-post-avatar\">\n\t\t\tNo hay comentarios\t\t<\/span>\n\t\t\t\t<\/div>\n\t\t\t\t\t<\/div>\n\t\t<\/article>\n\t\t\t\t<\/div>\n\t\t\n\t\t\t\t\t\t<\/div>\n\t\t\t\t<\/div>\n\t\t\t\t\t<\/div>\n\t\t\t\t<\/div>\n\t\t\t\t<\/div>\n\t\t","protected":false},"excerpt":{"rendered":"","protected":false},"author":1,"featured_media":0,"parent":0,"menu_order":0,"comment_status":"closed","ping_status":"closed","template":"","meta":{"_monsterinsights_skip_tracking":false,"_monsterinsights_sitenote_active":false,"_monsterinsights_sitenote_note":"","_monsterinsights_sitenote_category":0,"_joinchat":[],"footnotes":""},"class_list":["post-370","page","type-page","status-publish","hentry"],"aioseo_notices":[],"_links":{"self":[{"href":"https:\/\/sietecolores.co\/index.php?rest_route=\/wp\/v2\/pages\/370","targetHints":{"allow":["GET"]}}],"collection":[{"href":"https:\/\/sietecolores.co\/index.php?rest_route=\/wp\/v2\/pages"}],"about":[{"href":"https:\/\/sietecolores.co\/index.php?rest_route=\/wp\/v2\/types\/page"}],"author":[{"embeddable":true,"href":"https:\/\/sietecolores.co\/index.php?rest_route=\/wp\/v2\/users\/1"}],"replies":[{"embeddable":true,"href":"https:\/\/sietecolores.co\/index.php?rest_route=%2Fwp%2Fv2%2Fcomments&post=370"}],"version-history":[{"count":13,"href":"https:\/\/sietecolores.co\/index.php?rest_route=\/wp\/v2\/pages\/370\/revisions"}],"predecessor-version":[{"id":805,"href":"https:\/\/sietecolores.co\/index.php?rest_route=\/wp\/v2\/pages\/370\/revisions\/805"}],"wp:attachment":[{"href":"https:\/\/sietecolores.co\/index.php?rest_route=%2Fwp%2Fv2%2Fmedia&parent=370"}],"curies":[{"name":"wp","href":"https:\/\/api.w.org\/{rel}","templated":true}]}}