{"id":522,"date":"2023-10-31T16:29:44","date_gmt":"2023-10-31T16:29:44","guid":{"rendered":"https:\/\/sietecolores.co\/?page_id=522"},"modified":"2023-10-31T16:30:33","modified_gmt":"2023-10-31T16:30:33","slug":"politica-de-privacidad","status":"publish","type":"page","link":"https:\/\/sietecolores.co\/?page_id=522","title":{"rendered":"Pol\u00edtica de Privacidad"},"content":{"rendered":"\t\t<div data-elementor-type=\"wp-page\" data-elementor-id=\"522\" class=\"elementor elementor-522\" data-elementor-post-type=\"page\">\n\t\t\t\t<div class=\"elementor-element elementor-element-00468c8 e-flex e-con-boxed e-con e-parent\" data-id=\"00468c8\" data-element_type=\"container\">\n\t\t\t\t\t<div class=\"e-con-inner\">\n\t\t\t\t<div class=\"elementor-element elementor-element-dacd0bb elementor-widget elementor-widget-text-editor\" data-id=\"dacd0bb\" data-element_type=\"widget\" data-widget_type=\"text-editor.default\">\n\t\t\t\t<div class=\"elementor-widget-container\">\n\t\t\t\t\t\t\t\t\t<ol style=\"margin-top:0;margin-bottom:0;padding-inline-start:48px;\"><li dir=\"ltr\" style=\"list-style-type:decimal;font-size:12pt;font-family:Arial,sans-serif;color:#000000;background-color:transparent;font-weight:700;font-style:normal;font-variant:normal;text-decoration:none;vertical-align:baseline;white-space:pre;\" aria-level=\"1\"><p dir=\"ltr\" style=\"line-height:1.2;text-align: justify;margin-top:0pt;margin-bottom:0pt;\" role=\"presentation\"><span style=\"font-size:12pt;font-family:Arial,sans-serif;color:#000000;background-color:transparent;font-weight:700;font-style:normal;font-variant:normal;text-decoration:none;vertical-align:baseline;white-space:pre;white-space:pre-wrap;\">POL\u00cdTICA DE PRIVACIDAD&nbsp;<\/span><\/p><\/li><\/ol><p><b style=\"font-weight:normal;\" id=\"docs-internal-guid-5999cf88-7fff-dfc0-845a-0139664369c8\"><br><\/b><\/p><p dir=\"ltr\" style=\"line-height:1.2;text-align: justify;margin-top:0pt;margin-bottom:0pt;\"><span style=\"font-size:12pt;font-family:Arial,sans-serif;color:#000000;background-color:transparent;font-weight:400;font-style:normal;font-variant:normal;text-decoration:none;vertical-align:baseline;white-space:pre;white-space:pre-wrap;\">La presente Pol\u00edtica de Privacidad establece los t\u00e9rminos en que&nbsp;SIETE7 COLORES S.A.S. usa y protege la informaci\u00f3n que es proporcionada por sus usuarios al momento de utilizar su sitio web www.sietecolores.co. Dando cumplimiento a la Ley 1581 de 2012&nbsp; \u201cLey de protecci\u00f3n de datos personales\u201d y el Decreto 1377 de 2013. SIETE7 COLORES S.A.S. informa que es responsable de la administraci\u00f3n de dichos datos. Seg\u00fan nuestras pol\u00edticas de tratamiento de datos personales, los mecanismos a trav\u00e9s de los cuales hacemos uso de \u00e9stos son seguros y confidenciales, pues contamos con los medios tecnol\u00f3gicos id\u00f3neos para asegurar que sean almacenados para evitar el acceso indeseado por parte de terceras personas, y en ese mismo orden aseguramos la confidencialidad de los mismos.<\/span><span style=\"font-size:12pt;font-family:Arial,sans-serif;color:#222222;background-color:#f9f9f9;font-weight:400;font-style:normal;font-variant:normal;text-decoration:none;vertical-align:baseline;white-space:pre;white-space:pre-wrap;\"> <\/span><span style=\"font-size:12pt;font-family:Arial,sans-serif;color:#000000;background-color:transparent;font-weight:400;font-style:normal;font-variant:normal;text-decoration:none;vertical-align:baseline;white-space:pre;white-space:pre-wrap;\">Sin embargo, esta Pol\u00edtica de Privacidad puede cambiar con el tiempo o ser actualizada por lo que le recomendamos y enfatizamos revisar continuamente esta p\u00e1gina para asegurarse que est\u00e1 de acuerdo con dichos cambios.<\/span><\/p><p><b style=\"font-weight:normal;\"><br><\/b><\/p><p dir=\"ltr\" style=\"line-height:1.2;text-align: justify;margin-top:0pt;margin-bottom:0pt;\"><span style=\"font-size:12pt;font-family:Arial,sans-serif;color:#000000;background-color:transparent;font-weight:400;font-style:normal;font-variant:normal;text-decoration:none;vertical-align:baseline;white-space:pre;white-space:pre-wrap;\">SIETE7 COLORES S.A.S utilizar\u00e1 la informaci\u00f3n entregada por los clientes para realizar el procesamiento y entrega de los pedidos, enviar notificaciones acerca del estado de los pedidos y para enviar informaci\u00f3n que pueda ser \u00fatil a sus clientes o que hayan solicitado espec\u00edficamente, incluida informaci\u00f3n sobre productos y servicios, a menos que hayan comunicado que se oponen a ser contactados para estos fines.<\/span><\/p><p><b style=\"font-weight:normal;\"><br><\/b><\/p><p dir=\"ltr\" style=\"line-height:1.2;text-align: justify;margin-top:0pt;margin-bottom:0pt;\"><span style=\"font-size:12pt;font-family:Arial,sans-serif;color:#000000;background-color:transparent;font-weight:400;font-style:normal;font-variant:normal;text-decoration:none;vertical-align:baseline;white-space:pre;white-space:pre-wrap;\">Nuestro sitio web emplea la informaci\u00f3n con el fin de proporcionar el mejor servicio posible, particularmente para mantener un registro de usuarios, de pedidos en caso de que aplique, y mejorar nuestros productos y servicios. Es posible que sean enviados correos electr\u00f3nicos peri\u00f3dicamente a trav\u00e9s de nuestro sitio con ofertas especiales, nuevos productos y otra informaci\u00f3n publicitaria que consideremos relevante para usted o que pueda brindarle alg\u00fan beneficio, estos correos electr\u00f3nicos ser\u00e1n enviados a la direcci\u00f3n que usted proporcione y podr\u00e1n ser cancelados en cualquier momento a trav\u00e9s de <\/span><a href=\"mailto:siete7coloresesencias@gmail.com\" style=\"text-decoration:none;\"><span style=\"font-size:12pt;font-family:Arial,sans-serif;color:#0563c1;background-color:transparent;font-weight:400;font-style:normal;font-variant:normal;text-decoration:underline;-webkit-text-decoration-skip:none;text-decoration-skip-ink:none;vertical-align:baseline;white-space:pre;white-space:pre-wrap;\">siete7coloresesencias@gmail.com<\/span><\/a><span style=\"font-size:12pt;font-family:Arial,sans-serif;color:#000000;background-color:transparent;font-weight:400;font-style:normal;font-variant:normal;text-decoration:none;vertical-align:baseline;white-space:pre;white-space:pre-wrap;\">.<\/span><\/p><p><b style=\"font-weight:normal;\"><br><\/b><\/p><p dir=\"ltr\" style=\"line-height:1.2;text-align: justify;margin-top:0pt;margin-bottom:0pt;\"><span style=\"font-size:12pt;font-family:Arial,sans-serif;color:#000000;background-color:transparent;font-weight:700;font-style:normal;font-variant:normal;text-decoration:none;vertical-align:baseline;white-space:pre;white-space:pre-wrap;\">TERCEROS<\/span><\/p><p><b style=\"font-weight:normal;\"><br><\/b><\/p><p dir=\"ltr\" style=\"line-height:1.2;text-align: justify;margin-top:0pt;margin-bottom:0pt;\"><span style=\"font-size:12pt;font-family:Arial,sans-serif;color:#000000;background-color:transparent;font-weight:400;font-style:normal;font-variant:normal;text-decoration:none;vertical-align:baseline;white-space:pre;white-space:pre-wrap;\">SIETE7 COLORES S.A.S. podr\u00e1 compartir sus datos a terceros para que le ayuden con cualquiera de las funciones mencionadas en su Pol\u00edtica de Privacidad. Por ejemplo, podr\u00e1 utilizar a terceros para que le ayuden con la entrega de promoci\u00f3n de productos, recaudar sus pagos, enviar productos o tercerizar su sistema de servicio al cliente. SIETE7 COLORES S.A.S podr\u00e1 intercambiar informaci\u00f3n con terceros a efectos de protecci\u00f3n contra el fraude y la reducci\u00f3n de riesgo de cr\u00e9dito. Los terceros se comprometen a mantener las pol\u00edticas de privacidad del presente documento para el manejo de sus datos.<\/span><\/p><p><b style=\"font-weight:normal;\"><br><\/b><\/p><p dir=\"ltr\" style=\"line-height:1.2;text-align: justify;margin-top:0pt;margin-bottom:0pt;\"><span style=\"font-size:12pt;font-family:Arial,sans-serif;color:#000000;background-color:transparent;font-weight:700;font-style:normal;font-variant:normal;text-decoration:none;vertical-align:baseline;white-space:pre;white-space:pre-wrap;\">SEGURIDAD INFORMACI\u00d3N DE PAGO<\/span><\/p><p><br><\/p><p dir=\"ltr\" style=\"line-height:1.2;text-align: justify;margin-top:0pt;margin-bottom:0pt;\"><span style=\"font-size:12pt;font-family:Arial,sans-serif;color:#000000;background-color:transparent;font-weight:400;font-style:normal;font-variant:normal;text-decoration:none;vertical-align:baseline;white-space:pre;white-space:pre-wrap;\">Los pagos que se realicen a trav\u00e9s del Sitio ser\u00e1n procesados por nuestro agente de pagos en l\u00ednea. S\u00f3lo se debe proporcionar su informaci\u00f3n en nuestro sitio. Dicha informaci\u00f3n debe ser precisa y veraz y debe mantenerse al d\u00eda. Si ocurre alg\u00fan cambio en sus datos estos deber\u00e1n ser actualizados en nuestra plataforma de comercio electr\u00f3nico.<\/span><\/p>\t\t\t\t\t\t\t\t<\/div>\n\t\t\t\t<\/div>\n\t\t\t\t\t<\/div>\n\t\t\t\t<\/div>\n\t\t\t\t<\/div>\n\t\t","protected":false},"excerpt":{"rendered":"<p>POL\u00cdTICA DE PRIVACIDAD&nbsp; La presente Pol\u00edtica de Privacidad establece los t\u00e9rminos en que&nbsp;SIETE7 COLORES S.A.S. usa y protege la informaci\u00f3n que es proporcionada por sus usuarios al momento de utilizar su sitio web www.sietecolores.co. Dando cumplimiento a la Ley 1581 de 2012&nbsp; \u201cLey de protecci\u00f3n de datos personales\u201d y el Decreto 1377 de 2013. SIETE7 [&hellip;]<\/p>\n","protected":false},"author":1,"featured_media":0,"parent":0,"menu_order":0,"comment_status":"closed","ping_status":"closed","template":"","meta":{"_monsterinsights_skip_tracking":false,"_monsterinsights_sitenote_active":false,"_monsterinsights_sitenote_note":"","_monsterinsights_sitenote_category":0,"_joinchat":[],"footnotes":""},"class_list":["post-522","page","type-page","status-publish","hentry"],"aioseo_notices":[],"_links":{"self":[{"href":"https:\/\/sietecolores.co\/index.php?rest_route=\/wp\/v2\/pages\/522","targetHints":{"allow":["GET"]}}],"collection":[{"href":"https:\/\/sietecolores.co\/index.php?rest_route=\/wp\/v2\/pages"}],"about":[{"href":"https:\/\/sietecolores.co\/index.php?rest_route=\/wp\/v2\/types\/page"}],"author":[{"embeddable":true,"href":"https:\/\/sietecolores.co\/index.php?rest_route=\/wp\/v2\/users\/1"}],"replies":[{"embeddable":true,"href":"https:\/\/sietecolores.co\/index.php?rest_route=%2Fwp%2Fv2%2Fcomments&post=522"}],"version-history":[{"count":4,"href":"https:\/\/sietecolores.co\/index.php?rest_route=\/wp\/v2\/pages\/522\/revisions"}],"predecessor-version":[{"id":526,"href":"https:\/\/sietecolores.co\/index.php?rest_route=\/wp\/v2\/pages\/522\/revisions\/526"}],"wp:attachment":[{"href":"https:\/\/sietecolores.co\/index.php?rest_route=%2Fwp%2Fv2%2Fmedia&parent=522"}],"curies":[{"name":"wp","href":"https:\/\/api.w.org\/{rel}","templated":true}]}}