{"id":527,"date":"2023-10-31T17:04:44","date_gmt":"2023-10-31T17:04:44","guid":{"rendered":"https:\/\/sietecolores.co\/?page_id=527"},"modified":"2023-10-31T17:25:35","modified_gmt":"2023-10-31T17:25:35","slug":"medio-ambiente-2","status":"publish","type":"page","link":"https:\/\/sietecolores.co\/?page_id=527","title":{"rendered":"Medio Ambiente"},"content":{"rendered":"\t\t<div data-elementor-type=\"wp-page\" data-elementor-id=\"527\" class=\"elementor elementor-527\" data-elementor-post-type=\"page\">\n\t\t\t\t<div class=\"elementor-element elementor-element-37de488 e-flex e-con-boxed e-con e-parent\" data-id=\"37de488\" data-element_type=\"container\">\n\t\t\t\t\t<div class=\"e-con-inner\">\n\t\t\t\t<div class=\"elementor-element elementor-element-71a9989 elementor-widget elementor-widget-heading\" data-id=\"71a9989\" data-element_type=\"widget\" data-widget_type=\"heading.default\">\n\t\t\t\t<div class=\"elementor-widget-container\">\n\t\t\t\t\t<h2 class=\"elementor-heading-title elementor-size-default\"><h1 dir=\"auto\" data-pm-slice=\"1 1 []\">Retorna tu botella<\/h1><\/h2>\t\t\t\t<\/div>\n\t\t\t\t<\/div>\n\t\t\t\t<div class=\"elementor-element elementor-element-892cd80 elementor-widget elementor-widget-text-editor\" data-id=\"892cd80\" data-element_type=\"widget\" data-widget_type=\"text-editor.default\">\n\t\t\t\t<div class=\"elementor-widget-container\">\n\t\t\t\t\t\t\t\t\t<h3 dir=\"auto\" style=\"color: rgb(26, 26, 26)\" data-pm-slice=\"1 1 []\">\u00a1Ay\u00fadanos a cuidar el planeta!<\/h3>\n<p class=\"body\" dir=\"auto\" style=\"color: #1a1a1a;\" data-pm-slice=\"1 1 []\">El programa de medio ambiente de siete colores es una iniciativa que promueve el reciclaje de botellas de aceites esenciales, corporales y sagrados. Para participar debes:<\/p>\n<ul dir=\"auto\">\n<li style=\"color: #1a1a1a;\">\n<p class=\"body\" dir=\"auto\">Devolver las botellas completas con la <b>v\u00e1lvula de pl\u00e1stico en buen estado, sin grietas ni ning\u00fan otro da\u00f1o externo<\/b>. Este requisito garantiza que las botellas se puedan reciclar de manera eficiente y se evite cualquier contaminaci\u00f3n adicional.<\/p>\n<\/li>\n<li style=\"color: #1a1a1a;\">\n<p class=\"body\" dir=\"auto\" style=\"--lineheightdesktop: 0.5;\">Contactarnos a nuestro n\u00famero de WhatsApp <u><a style=\"text-decoration-line: none;\" href=\"https:\/\/wa.me\/573003532208?text=Quiero%20m%C3%A1s%20informaci%C3%B3n\" target=\"_blank\" rel=\"nofollow noopener\">+57 300 353 2208<\/a><\/u><\/p>\n<\/li>\n<\/ul>\n<p class=\"body\" dir=\"auto\" style=\"color: #1a1a1a;\">\n<\/p><p class=\"body\" dir=\"auto\" style=\"color: #1a1a1a;\">Nosotros nos encargaremos de enviarte los datos de la direcci\u00f3n a la que debes enviar tu producto. Al reciclar estas botellas, estamos contribuyendo a cuidar el medio ambiente y reducir la cantidad de residuos que se generan. Es importante seguir estas instrucciones para asegurar que el proceso de reciclaje sea exitoso y podamos crear un entorno m\u00e1s sostenible.<\/p>\t\t\t\t\t\t\t\t<\/div>\n\t\t\t\t<\/div>\n\t\t\t\t\t<\/div>\n\t\t\t\t<\/div>\n\t\t\t\t<\/div>\n\t\t","protected":false},"excerpt":{"rendered":"<p>Retorna tu botella \u00a1Ay\u00fadanos a cuidar el planeta! El programa de medio ambiente de siete colores es una iniciativa que promueve el reciclaje de botellas de aceites esenciales, corporales y sagrados. Para participar debes: Devolver las botellas completas con la v\u00e1lvula de pl\u00e1stico en buen estado, sin grietas ni ning\u00fan otro da\u00f1o externo. Este requisito [&hellip;]<\/p>\n","protected":false},"author":1,"featured_media":0,"parent":0,"menu_order":0,"comment_status":"closed","ping_status":"closed","template":"","meta":{"_monsterinsights_skip_tracking":false,"_monsterinsights_sitenote_active":false,"_monsterinsights_sitenote_note":"","_monsterinsights_sitenote_category":0,"_joinchat":[],"footnotes":""},"class_list":["post-527","page","type-page","status-publish","hentry"],"aioseo_notices":[],"_links":{"self":[{"href":"https:\/\/sietecolores.co\/index.php?rest_route=\/wp\/v2\/pages\/527","targetHints":{"allow":["GET"]}}],"collection":[{"href":"https:\/\/sietecolores.co\/index.php?rest_route=\/wp\/v2\/pages"}],"about":[{"href":"https:\/\/sietecolores.co\/index.php?rest_route=\/wp\/v2\/types\/page"}],"author":[{"embeddable":true,"href":"https:\/\/sietecolores.co\/index.php?rest_route=\/wp\/v2\/users\/1"}],"replies":[{"embeddable":true,"href":"https:\/\/sietecolores.co\/index.php?rest_route=%2Fwp%2Fv2%2Fcomments&post=527"}],"version-history":[{"count":7,"href":"https:\/\/sietecolores.co\/index.php?rest_route=\/wp\/v2\/pages\/527\/revisions"}],"predecessor-version":[{"id":534,"href":"https:\/\/sietecolores.co\/index.php?rest_route=\/wp\/v2\/pages\/527\/revisions\/534"}],"wp:attachment":[{"href":"https:\/\/sietecolores.co\/index.php?rest_route=%2Fwp%2Fv2%2Fmedia&parent=527"}],"curies":[{"name":"wp","href":"https:\/\/api.w.org\/{rel}","templated":true}]}}