{"id":1005,"date":"2023-11-25T01:43:42","date_gmt":"2023-11-25T01:43:42","guid":{"rendered":"https:\/\/sietecolores.co\/?post_type=product&#038;p=1005"},"modified":"2023-11-28T16:45:36","modified_gmt":"2023-11-28T16:45:36","slug":"hojas-de-canela-2","status":"publish","type":"product","link":"https:\/\/sietecolores.co\/?product=hojas-de-canela-2","title":{"rendered":"Hojas de canela"},"content":{"rendered":"<p><b>HOJAS DE CANELA (<\/b><b>Cinnamomum zeylanicum)<\/b><\/p>\n<p><b>PROSPERIDAD<\/b><\/p>\n<p><span style=\"font-weight: 400;\">Orden: Laurales<\/span><\/p>\n<p><span style=\"font-weight: 400;\">Familia: Lauraceae<\/span><\/p>\n<p><span style=\"font-weight: 400;\">G\u00e9nero: Cinnamomum\u00a0<\/span><\/p>\n<p><span style=\"font-weight: 400;\">Especie: C.zeylanicum\u00a0<\/span><\/p>\n<p>&nbsp;<\/p>\n<p><span style=\"font-weight: 400;\">Es un \u00e1rbol de aprox 10 o 15 metros de altura originario de Sri Lanka e India.\u00a0 De su corteza interna se produce la especia de la canela y hay dos tipos de aceite esencial del \u00e1rbol de canela, el de las hojas y el de la corteza del \u00e1rbol. El aceite de la corteza es mucho m\u00e1s potente y m\u00e1s costoso. <\/span><span style=\"font-weight: 400;\">El ingrediente principal del aceite esencial de canela depende de la parte de la planta de la que proviene el aceite: cinamaldeh\u00eddo (corteza), eugenol (hoja) o alcanfor<\/span><span style=\"font-weight: 400;\">\u00a0(ra\u00edz<\/span><span style=\"font-weight: 400;\">). <\/span><span style=\"font-weight: 400;\">\u00a0La especia es usada en gastronom\u00eda.<\/span><\/p>\n<p><span style=\"font-weight: 400;\">De la canela se habla desde tiempos antiguos, para los egipcios el valor de la canela era equivalente al valor del oro y solo hombres muy ricos pod\u00edan obtenerla.<\/span><\/p>\n<p>&nbsp;<\/p>\n<p><b>PROPIEDADES TERAP\u00c9UTICAS F\u00cdSICAS<\/b><\/p>\n<ul>\n<li aria-level=\"1\"><span style=\"font-weight: 400;\">Es antioxidante evitando el envejecimiento<\/span><\/li>\n<\/ul>\n<ul>\n<li aria-level=\"1\"><span style=\"font-weight: 400;\">Favorece la digesti\u00f3n controlando la acidez estomacal<\/span><\/li>\n<\/ul>\n<ul>\n<li aria-level=\"1\"><span style=\"font-weight: 400;\">Es antibacteriano<\/span><\/li>\n<\/ul>\n<ul>\n<li aria-level=\"1\"><span style=\"font-weight: 400;\">Regulador de niveles de az\u00facar<\/span><\/li>\n<\/ul>\n<ul>\n<li aria-level=\"1\"><span style=\"font-weight: 400;\">Act\u00faa en los meridianos de coraz\u00f3n, h\u00edgado, bazo y ri\u00f1\u00f3n<\/span><\/li>\n<\/ul>\n<ul>\n<li aria-level=\"1\"><span style=\"font-weight: 400;\">Act\u00faa sobre dolores debidos al fr\u00edo interno como c\u00f3licos menstruales y dolores articulares<\/span><\/li>\n<\/ul>\n<ul>\n<li aria-level=\"1\"><span style=\"font-weight: 400;\">Antiinflamatorio<\/span><\/li>\n<\/ul>\n<ul>\n<li aria-level=\"1\"><span style=\"font-weight: 400;\">Dilata vasos sangu\u00edneos aumentando el flujo circulatorio<\/span><\/li>\n<\/ul>\n<ul>\n<li aria-level=\"1\"><span style=\"font-weight: 400;\">Disminuye el colesterol<\/span><\/li>\n<\/ul>\n<p>&nbsp;<\/p>\n<p><b>PROPIEDADES TERAP\u00c9UTICAS ENERG\u00c9TICAS<\/b><\/p>\n<ul>\n<li aria-level=\"1\"><span style=\"font-weight: 400;\">Estimulante<\/span><\/li>\n<\/ul>\n<ul>\n<li aria-level=\"1\"><span style=\"font-weight: 400;\">Energizante<\/span><\/li>\n<\/ul>\n<ul>\n<li aria-level=\"1\"><span style=\"font-weight: 400;\">Ligada a la protecci\u00f3n y a la prosperidad<\/span><\/li>\n<\/ul>\n<ul>\n<li aria-level=\"1\"><span style=\"font-weight: 400;\">Se le atribuye la capacidad de atraer riqueza<\/span><\/li>\n<\/ul>\n<ul>\n<li aria-level=\"1\"><span style=\"font-weight: 400;\">Equilibra la energ\u00eda permitiendo que las cosas fluyan<\/span><\/li>\n<\/ul>\n<ul>\n<li aria-level=\"1\"><span style=\"font-weight: 400;\">Protecci\u00f3n frente a energ\u00edas negativas<\/span><\/li>\n<\/ul>\n<ul>\n<li aria-level=\"1\"><span style=\"font-weight: 400;\">Afrodisiaca<\/span><\/li>\n<\/ul>\n<ul>\n<li aria-level=\"1\"><span style=\"font-weight: 400;\">Mejora la conexi\u00f3n emocional entre dos personas.<\/span><\/li>\n<\/ul>\n<ul>\n<li aria-level=\"1\"><span style=\"font-weight: 400;\">Aumenta la intuici\u00f3n y la consciencia espiritual.<\/span><\/li>\n<\/ul>\n<p>&nbsp;<\/p>\n","protected":false},"excerpt":{"rendered":"<p><b>PROSPERIDAD.\u00a0<\/b><span style=\"font-weight: 400;\">Act\u00faa en los meridianos de coraz\u00f3n, h\u00edgado, bazo y ri\u00f1\u00f3n.\u00a0<\/span><span style=\"font-weight: 400;\">Aumenta la intuici\u00f3n y la consciencia espiritual.<\/span><\/p>\n","protected":false},"featured_media":1006,"comment_status":"open","ping_status":"closed","template":"","meta":{"_monsterinsights_skip_tracking":false,"_monsterinsights_sitenote_active":false,"_monsterinsights_sitenote_note":"","_monsterinsights_sitenote_category":0,"_joinchat":[]},"product_brand":[],"product_cat":[27],"product_tag":[],"class_list":{"0":"post-1005","1":"product","2":"type-product","3":"status-publish","4":"has-post-thumbnail","6":"product_cat-aceites-esenciales","8":"first","9":"instock","10":"shipping-taxable","11":"purchasable","12":"product-type-simple"},"aioseo_notices":[],"_links":{"self":[{"href":"https:\/\/sietecolores.co\/index.php?rest_route=\/wp\/v2\/product\/1005","targetHints":{"allow":["GET"]}}],"collection":[{"href":"https:\/\/sietecolores.co\/index.php?rest_route=\/wp\/v2\/product"}],"about":[{"href":"https:\/\/sietecolores.co\/index.php?rest_route=\/wp\/v2\/types\/product"}],"replies":[{"embeddable":true,"href":"https:\/\/sietecolores.co\/index.php?rest_route=%2Fwp%2Fv2%2Fcomments&post=1005"}],"wp:featuredmedia":[{"embeddable":true,"href":"https:\/\/sietecolores.co\/index.php?rest_route=\/wp\/v2\/media\/1006"}],"wp:attachment":[{"href":"https:\/\/sietecolores.co\/index.php?rest_route=%2Fwp%2Fv2%2Fmedia&parent=1005"}],"wp:term":[{"taxonomy":"product_brand","embeddable":true,"href":"https:\/\/sietecolores.co\/index.php?rest_route=%2Fwp%2Fv2%2Fproduct_brand&post=1005"},{"taxonomy":"product_cat","embeddable":true,"href":"https:\/\/sietecolores.co\/index.php?rest_route=%2Fwp%2Fv2%2Fproduct_cat&post=1005"},{"taxonomy":"product_tag","embeddable":true,"href":"https:\/\/sietecolores.co\/index.php?rest_route=%2Fwp%2Fv2%2Fproduct_tag&post=1005"}],"curies":[{"name":"wp","href":"https:\/\/api.w.org\/{rel}","templated":true}]}}