{"id":1009,"date":"2023-11-25T02:10:33","date_gmt":"2023-11-25T02:10:33","guid":{"rendered":"https:\/\/sietecolores.co\/?post_type=product&#038;p=1009"},"modified":"2023-11-28T16:32:20","modified_gmt":"2023-11-28T16:32:20","slug":"limon-2","status":"publish","type":"product","link":"https:\/\/sietecolores.co\/?product=limon-2","title":{"rendered":"Lim\u00f3n"},"content":{"rendered":"<p><b>LIMON (Citrus lim\u00f3n, limonero)<\/b><\/p>\n<p><b>\u00a0LIBERA EL ESP\u00cdRITU<\/b><\/p>\n<p><span style=\"font-weight: 400;\">Orden: Sapindales<\/span><\/p>\n<p><span style=\"font-weight: 400;\">Familia: Rutaceae<\/span><\/p>\n<p><span style=\"font-weight: 400;\">G\u00e9nero: Citrus<\/span><\/p>\n<p><span style=\"font-weight: 400;\">Especie: Citrus lim\u00f3n<\/span><\/p>\n<p>&nbsp;<\/p>\n<p><span style=\"font-weight: 400;\">Es un \u00e1rbol\u00a0con espinas, que puede alcanzar los cuatro metros de altura, su copa puede ser abierta y muy ramificada. Su tallo y sus hojas de color verde mate lustroso. Las\u00a0<\/span><span style=\"font-weight: 400;\">flores<\/span><span style=\"font-weight: 400;\">, com\u00fanmente llamadas (al igual que las del\u00a0<\/span><span style=\"font-weight: 400;\">naranjo<\/span><span style=\"font-weight: 400;\">)\u00a0<\/span><span style=\"font-weight: 400;\">azahares<\/span><span style=\"font-weight: 400;\">\u00a0o flores de azahar, son solitarias o en pares, sus p\u00e9talos blancos te\u00f1idos de rosa o viol\u00e1ceo en el env\u00e9s.\u00a0<\/span><\/p>\n<p><span style=\"font-weight: 400;\">Es originario de Asia, pero se ha extendido por todo el mundo. Tiene un alto contenido de vitamina C.<\/span><\/p>\n<p><span style=\"font-weight: 400;\">El aceite esencial se obtiene por prensado en frio de la cascara de limones frescos.<\/span><\/p>\n<p>&nbsp;<\/p>\n<p><b>PROPIEDADES FISICAS TERAP\u00c9UTICAS<\/b><\/p>\n<ul>\n<li aria-level=\"1\"><span style=\"font-weight: 400;\">T\u00f3nico sistema circulatorio: estimula la circulaci\u00f3n cut\u00e1nea y por esto act\u00faa controlando varices y celulitis, dep\u00f3sitos escler\u00f3ticos, capilares rotos visibles.<\/span><\/li>\n<\/ul>\n<ul>\n<li aria-level=\"1\"><span style=\"font-weight: 400;\">Cicatrizante<\/span><\/li>\n<\/ul>\n<ul>\n<li aria-level=\"1\"><span style=\"font-weight: 400;\">Tiene propiedades astringentes regulando la piel grasosa, controlando acn\u00e9 y erupciones en piel.<\/span><\/li>\n<\/ul>\n<ul>\n<li aria-level=\"1\"><span style=\"font-weight: 400;\">Purifica el ambiente<\/span><\/li>\n<\/ul>\n<ul>\n<li aria-level=\"1\"><span style=\"font-weight: 400;\">Repelente de insectos<\/span><\/li>\n<\/ul>\n<ul>\n<li aria-level=\"1\"><span style=\"font-weight: 400;\">Antis\u00e9ptico, bactericida, antiviral.<\/span><\/li>\n<\/ul>\n<ul>\n<li aria-level=\"1\"><span style=\"font-weight: 400;\">Diur\u00e9tico<\/span><\/li>\n<\/ul>\n<ul>\n<li aria-level=\"1\"><span style=\"font-weight: 400;\">Estimulante sistema inmunol\u00f3gico: induce formaci\u00f3n de c\u00e9lulas blancas.<\/span><\/li>\n<\/ul>\n<ul>\n<li aria-level=\"1\"><span style=\"font-weight: 400;\">Sistema respiratorio: expectorante, usado en resfriados, bronquitis, sinusitis, asma y en general enfermedades respiratorias.<\/span><\/li>\n<\/ul>\n<ul>\n<li aria-level=\"1\"><span style=\"font-weight: 400;\">Estimulante controlando la ansiedad<\/span><\/li>\n<\/ul>\n<ul>\n<li aria-level=\"1\"><span style=\"font-weight: 400;\">Hep\u00e1toprotector<\/span><\/li>\n<\/ul>\n<ul>\n<li aria-level=\"1\"><span style=\"font-weight: 400;\">Hipotensor: regula la presi\u00f3n arterial.<\/span><\/li>\n<\/ul>\n<ul>\n<li aria-level=\"1\"><span style=\"font-weight: 400;\">Por su acci\u00f3n sedante es \u00fatil en migra\u00f1as y dolores de cabeza persistentes.\u00a0<\/span><\/li>\n<\/ul>\n<ul>\n<li aria-level=\"1\"><span style=\"font-weight: 400;\">Act\u00faa en el SPM, como analg\u00e9sico haciendo. masaje en el abdomen bajo.<\/span><\/li>\n<\/ul>\n<ul>\n<li aria-level=\"1\"><span style=\"font-weight: 400;\">Contrarresta el efecto de envejecimiento en la piel.<\/span><\/li>\n<\/ul>\n<ul>\n<li aria-level=\"1\"><span style=\"font-weight: 400;\">Sistema digestivo: obesidad, p\u00e9rdida de apetito. Estimula producci\u00f3n de jugos pancre\u00e1tico y g\u00e1strico<\/span><\/li>\n<\/ul>\n<ul>\n<li aria-level=\"1\"><span style=\"font-weight: 400;\">Este aceite es fotosensible por lo que no debe usarse cuando se recibe sol.<\/span><\/li>\n<\/ul>\n<p>&nbsp;<\/p>\n<p><b>PROPIEDADES TERAP\u00c9UTICAS ENERG\u00c9TICAS<\/b><\/p>\n<ul>\n<li aria-level=\"1\"><span style=\"font-weight: 400;\">Libera energ\u00edas bloqueadas.<\/span><\/li>\n<\/ul>\n<ul>\n<li aria-level=\"1\"><span style=\"font-weight: 400;\">Estimula la creatividad<\/span><\/li>\n<\/ul>\n<ul>\n<li aria-level=\"1\"><span style=\"font-weight: 400;\">Mejora la memoria e Induce la concentraci\u00f3n.<\/span><\/li>\n<\/ul>\n<ul>\n<li aria-level=\"1\"><span style=\"font-weight: 400;\">Promueve la alegr\u00eda y el optimismo<\/span><\/li>\n<\/ul>\n<ul>\n<li aria-level=\"1\"><span style=\"font-weight: 400;\">Favorece el buen humor y el entusiasmo<\/span><\/li>\n<\/ul>\n<ul>\n<li aria-level=\"1\"><span style=\"font-weight: 400;\">Promueve el Hacer; tener actividad proactiva y eficaz.<\/span><\/li>\n<\/ul>\n<ul>\n<li aria-level=\"1\"><span style=\"font-weight: 400;\">Alivia la fatiga mental.<\/span><\/li>\n<\/ul>\n<ul>\n<li aria-level=\"1\"><span style=\"font-weight: 400;\">Permite tener claridad y enfoque en la toma de decisiones<\/span><\/li>\n<\/ul>\n<ul>\n<li aria-level=\"1\"><span style=\"font-weight: 400;\">Acondiciona los espacios creando un ambiente positivo y limpiando energ\u00edas densas.<\/span><\/li>\n<\/ul>\n<ul>\n<li aria-level=\"1\"><span style=\"font-weight: 400;\">Libera el esp\u00edritu permitiendo que r\u00edas, que juegues, que seas libre en la manifestaci\u00f3n de la alegr\u00eda y la dicha de la vida; esto te permite ser creativo y despertar tu intuici\u00f3n, lleva tu nivel de inteligencia a un nivel mas all\u00e1 del racional\u00a0<\/span><\/li>\n<\/ul>\n<p>&nbsp;<\/p>\n<p>&nbsp;<\/p>\n","protected":false},"excerpt":{"rendered":"<p><span style=\"font-weight: 400;\"><b>\u00a0LIBERA EL ESP\u00cdRITU.\u00a0<\/b>Por su acci\u00f3n sedante es \u00fatil en migra\u00f1as y dolores de cabeza persistentes.\u00a0<\/span><span style=\"font-weight: 400;\">Libera el esp\u00edritu permitiendo que r\u00edas, \u00a0juegues, que seas libre en la manifestaci\u00f3n de la alegr\u00eda y la dicha de la vida.\u00a0<\/span><\/p>\n","protected":false},"featured_media":1010,"comment_status":"open","ping_status":"closed","template":"","meta":{"_monsterinsights_skip_tracking":false,"_monsterinsights_sitenote_active":false,"_monsterinsights_sitenote_note":"","_monsterinsights_sitenote_category":0,"_joinchat":[]},"product_brand":[],"product_cat":[27],"product_tag":[],"class_list":{"0":"post-1009","1":"product","2":"type-product","3":"status-publish","4":"has-post-thumbnail","6":"product_cat-aceites-esenciales","8":"first","9":"instock","10":"shipping-taxable","11":"purchasable","12":"product-type-simple"},"aioseo_notices":[],"_links":{"self":[{"href":"https:\/\/sietecolores.co\/index.php?rest_route=\/wp\/v2\/product\/1009","targetHints":{"allow":["GET"]}}],"collection":[{"href":"https:\/\/sietecolores.co\/index.php?rest_route=\/wp\/v2\/product"}],"about":[{"href":"https:\/\/sietecolores.co\/index.php?rest_route=\/wp\/v2\/types\/product"}],"replies":[{"embeddable":true,"href":"https:\/\/sietecolores.co\/index.php?rest_route=%2Fwp%2Fv2%2Fcomments&post=1009"}],"wp:featuredmedia":[{"embeddable":true,"href":"https:\/\/sietecolores.co\/index.php?rest_route=\/wp\/v2\/media\/1010"}],"wp:attachment":[{"href":"https:\/\/sietecolores.co\/index.php?rest_route=%2Fwp%2Fv2%2Fmedia&parent=1009"}],"wp:term":[{"taxonomy":"product_brand","embeddable":true,"href":"https:\/\/sietecolores.co\/index.php?rest_route=%2Fwp%2Fv2%2Fproduct_brand&post=1009"},{"taxonomy":"product_cat","embeddable":true,"href":"https:\/\/sietecolores.co\/index.php?rest_route=%2Fwp%2Fv2%2Fproduct_cat&post=1009"},{"taxonomy":"product_tag","embeddable":true,"href":"https:\/\/sietecolores.co\/index.php?rest_route=%2Fwp%2Fv2%2Fproduct_tag&post=1009"}],"curies":[{"name":"wp","href":"https:\/\/api.w.org\/{rel}","templated":true}]}}