{"id":1015,"date":"2023-11-25T02:27:17","date_gmt":"2023-11-25T02:27:17","guid":{"rendered":"https:\/\/sietecolores.co\/?post_type=product&#038;p=1015"},"modified":"2023-11-29T14:08:44","modified_gmt":"2023-11-29T14:08:44","slug":"patchouli","status":"publish","type":"product","link":"https:\/\/sietecolores.co\/?product=patchouli","title":{"rendered":"Patchouli"},"content":{"rendered":"<p>PATCHOULI (Pogostemon cablin)<\/p>\n<p>VIGOR.<\/p>\n<p>Orden: L\u00e1miales<br \/>\nFamilia: Lamiaceas<br \/>\nG\u00e9nero: Pogostemon<br \/>\nEspecie: P. Cablin<\/p>\n<p>Es la planta conocida com\u00fanmente como Patchouli o Pachuli.<br \/>\nEs una hierba arbust\u00edfera frondosa que alcanza los 90 cm de altura, la planta crece en climas templados y h\u00famedos, no tolera la luz directa del sol. Tiene peque\u00f1as flores rosadas, blancas y lilas. Su flor es fragante y se abre en las tardes. La planta se reconoce por su rica fragancia a almizcle dulce.<br \/>\nEs pariente de la menta, la lavanda y la salvia<br \/>\nLa planta es nativa del Sureste de Asia, sin embargo, hoy crece en muchos lugares tropicales.<br \/>\nLos comerciantes ingleses perfumaban con este aceite las telas que vend\u00edan para que resultaran irresistibles al olfato de sus clientes. Lleg\u00f3 a ser un aceite muy costoso que intercambiaban por oro puro.<br \/>\nSu aceite esencial se extrae de las hojas de la planta. Se ha usado por cientos de a\u00f1os en perfumes.<br \/>\nEs un aroma fuerte e intenso, herb\u00e1ceo y alcanforado, amaderado y terroso. Es un aroma que mejora con el tiempo.<br \/>\nSu aceite por su color \u00e1mbar, su fragancia y su poder curativo le dio el nombre de \u201cOro l\u00edquido\u201d<\/p>\n<p>PROPIEDADES TERAP\u00c9UTICAS F\u00cdSICAS<br \/>\nPromueve un cutis suave y brillante reduciendo el aspecto de las arrugas, manchas e imperfecciones de la piel.<br \/>\nRegula la oleosidad de la piel<br \/>\nRefresca y calma pieles secas y agrietadas<br \/>\nTonifica y combate la flacidez<br \/>\nControla caspa y seborrea en el cuero cabelludo<br \/>\nCicatrizante mejorando el aspecto de la piel<br \/>\nMejora la apariencia de la piel en casos de acn\u00e9, dermatitis, alergias, quemaduras solares<br \/>\nAntimicrobiano: antiviral, antimic\u00f3tico.<\/p>\n<p>PROPIEDADES TERAP\u00c9UTICAS ENERG\u00c9TICAS<br \/>\nEs la fuerza del vigor en esencia<br \/>\nConquista el amor, estimulando el deseo, reconectando los afectos y las pasiones<br \/>\nEquilibra las emociones<br \/>\nEstimula la l\u00edbido y el deseo sexual<br \/>\nPromueve la comunicaci\u00f3n en pareja<br \/>\nEstimula la producci\u00f3n de endorfinas llamadas hormonas de la felicidad que proporciona una sensaci\u00f3n de bienestar, evitando la depresi\u00f3n y regulando la ansiedad.<br \/>\nAgudiza la inteligencia.<br \/>\nRestablece el equilibrio mental.<br \/>\nEstimula la actividad mental sin provocar una sobre estimulaci\u00f3n f\u00edsica<br \/>\nAumenta la concentraci\u00f3n<br \/>\nConvierte en irresistible a quien lo usa por eso se debe usar con cuidado para no robar libertades.<br \/>\nAumenta la atenci\u00f3n y la concentraci\u00f3n<br \/>\nTiene energ\u00eda masculina, energ\u00eda Yang<br \/>\nEs un fuerte potenciador de la vitalidad<br \/>\nCombate la frigidez y la impotencia<br \/>\nMejora el amor propio<br \/>\nEstimula la fertilidad<br \/>\nTrae abundancia y prosperidad<br \/>\nLibera dopamina y serotonina las hormonas del placer<br \/>\nEs un aceite para mantenerse despierto<br \/>\nSe asocia con el elemento Tierra<br \/>\nSu planeta regente Saturno<br \/>\nSigno astrol\u00f3gico: Escorpi\u00f3n<br \/>\nPuede llevar a la lujuria porque quita libertades<br \/>\nLibera el estr\u00e9s de las gl\u00e1ndulas suprarrenales<\/p>\n<p>&nbsp;<\/p>\n","protected":false},"excerpt":{"rendered":"<p>VIGOR. Aumenta la atenci\u00f3n y la concentraci\u00f3n.\u00a0Regula la oleosidad de la piel<\/p>\n","protected":false},"featured_media":1029,"comment_status":"open","ping_status":"closed","template":"","meta":{"_monsterinsights_skip_tracking":false,"_monsterinsights_sitenote_active":false,"_monsterinsights_sitenote_note":"","_monsterinsights_sitenote_category":0,"_joinchat":[]},"product_brand":[],"product_cat":[26],"product_tag":[],"class_list":{"0":"post-1015","1":"product","2":"type-product","3":"status-publish","4":"has-post-thumbnail","6":"product_cat-aceites-sagrados","8":"first","9":"instock","10":"shipping-taxable","11":"purchasable","12":"product-type-simple"},"aioseo_notices":[],"_links":{"self":[{"href":"https:\/\/sietecolores.co\/index.php?rest_route=\/wp\/v2\/product\/1015","targetHints":{"allow":["GET"]}}],"collection":[{"href":"https:\/\/sietecolores.co\/index.php?rest_route=\/wp\/v2\/product"}],"about":[{"href":"https:\/\/sietecolores.co\/index.php?rest_route=\/wp\/v2\/types\/product"}],"replies":[{"embeddable":true,"href":"https:\/\/sietecolores.co\/index.php?rest_route=%2Fwp%2Fv2%2Fcomments&post=1015"}],"wp:featuredmedia":[{"embeddable":true,"href":"https:\/\/sietecolores.co\/index.php?rest_route=\/wp\/v2\/media\/1029"}],"wp:attachment":[{"href":"https:\/\/sietecolores.co\/index.php?rest_route=%2Fwp%2Fv2%2Fmedia&parent=1015"}],"wp:term":[{"taxonomy":"product_brand","embeddable":true,"href":"https:\/\/sietecolores.co\/index.php?rest_route=%2Fwp%2Fv2%2Fproduct_brand&post=1015"},{"taxonomy":"product_cat","embeddable":true,"href":"https:\/\/sietecolores.co\/index.php?rest_route=%2Fwp%2Fv2%2Fproduct_cat&post=1015"},{"taxonomy":"product_tag","embeddable":true,"href":"https:\/\/sietecolores.co\/index.php?rest_route=%2Fwp%2Fv2%2Fproduct_tag&post=1015"}],"curies":[{"name":"wp","href":"https:\/\/api.w.org\/{rel}","templated":true}]}}