{"id":1039,"date":"2023-12-06T15:54:59","date_gmt":"2023-12-06T15:54:59","guid":{"rendered":"https:\/\/sietecolores.co\/?post_type=product&#038;p=1039"},"modified":"2023-12-07T16:35:17","modified_gmt":"2023-12-07T16:35:17","slug":"bruma-navidena-de-temporada","status":"publish","type":"product","link":"https:\/\/sietecolores.co\/?product=bruma-navidena-de-temporada","title":{"rendered":"BRUMA NAVIDE\u00d1A DE TEMPORADA"},"content":{"rendered":"<p>Navidad es tiempo de paz de amor de armon\u00eda y de renovaci\u00f3n para nuestro esp\u00edritu.\u00a0Los aceites contenidos en BRUMA NAVIDAD cada uno te da sus m\u00e1ximas cualidades para iniciar un nuevo a\u00f1o en abundancia y prosperidad.<\/p>\n<p>Esta bruma te prepara para recibir los regalos que el universo tiene para ti en este nuevo a\u00f1o.<\/p>\n<p>Presentaci\u00f3n: Bruma \u00a0x 50 ml.<br \/>\nBruma Navide\u00f1a es un producto elaborado a base de agua desionizada, alcohol de uso cosm\u00e9tico y aceites esenciales. Un solo toque, permitir\u00e1 que diminutas part\u00edculas se esparzan por tus ambientes d\u00e1ndoles un suave y refrescante aroma que te dejar\u00e1 sentir la energ\u00eda renovadora y vital de las plantas, despertando tus sentidos.<\/p>\n<p>&nbsp;<\/p>\n<p><span style=\"font-weight: 400;\">CANELA: <\/span><span style=\"font-weight: 400;\">Es antioxidante evitando el envejecimiento<\/span><\/p>\n<ul>\n<li aria-level=\"1\"><span style=\"font-weight: 400;\">Favorece la digesti\u00f3n controlando la acidez estomacal<\/span><\/li>\n<li aria-level=\"1\"><span style=\"font-weight: 400;\">Es antibacteriano<\/span><\/li>\n<li aria-level=\"1\"><span style=\"font-weight: 400;\">Regulador de niveles de az\u00facar<\/span><\/li>\n<\/ul>\n<ul>\n<li aria-level=\"1\"><span style=\"font-weight: 400;\">Estimulante<\/span><\/li>\n<li aria-level=\"1\"><span style=\"font-weight: 400;\">Energizante<\/span><\/li>\n<li aria-level=\"1\"><span style=\"font-weight: 400;\">Ligada a la protecci\u00f3n y a la prosperidad<\/span><\/li>\n<\/ul>\n<p>&nbsp;<\/p>\n<p><span style=\"font-weight: 400;\">NARANJA:<\/span><\/p>\n<ul>\n<li aria-level=\"1\"><span style=\"font-weight: 400;\">Antidepresivo, relajante muscular y ansiol\u00edtico; incluyendo efectos secundarios como los dolores de cabeza, migra\u00f1as, insomnio, anorexia, etc.<\/span><\/li>\n<li aria-level=\"1\">Produce sensaciones de optimismo, entusiasmo, alegr\u00eda y felicidad.<\/li>\n<li aria-level=\"1\"><span style=\"font-weight: 400;\">El aceite esencial de naranja equilibra las emociones y act\u00faa como relajante o estimulante seg\u00fan lo requiera el organismo.\u00a0<\/span><\/li>\n<\/ul>\n<ul>\n<li aria-level=\"1\"><span style=\"font-weight: 400;\">Revitaliza en casos de tedio y letargo. Calma los nervios, combate la ansiedad<\/span><\/li>\n<li aria-level=\"1\"><span style=\"font-weight: 400;\">Calma el miedo a lo desconocido y alienta actitudes audaces.\u00a0<\/span><\/li>\n<\/ul>\n<p>&nbsp;<\/p>\n<p><span style=\"font-weight: 400;\">CLAVO:\u00a0<\/span><\/p>\n<ul>\n<li><span style=\"font-weight: 400;\">Analg\u00e9sico de uso dental por el alto contenido de eugenol,\u00a0 actuando como anest\u00e9sico local.<\/span><\/li>\n<li style=\"font-weight: 400;\" aria-level=\"1\"><span style=\"font-weight: 400;\">Combate halitosis: refrescante del aliento<\/span><\/li>\n<li style=\"font-weight: 400;\" aria-level=\"1\"><span style=\"font-weight: 400;\">Incrementa la memoria y la concentraci\u00f3n<\/span><\/li>\n<li style=\"font-weight: 400;\" aria-level=\"1\"><span style=\"font-weight: 400;\">Es ideal en el apoyo con adicciones\u00a0<\/span><\/li>\n<li style=\"font-weight: 400;\" aria-level=\"1\"><span style=\"font-weight: 400;\">Apoya las codependencias en las relaciones, los objetos, los medicamentos: todo a lo que se le haya dado valor externamente.<\/span><\/li>\n<\/ul>\n<p>&nbsp;<\/p>\n<p><span style=\"font-weight: 400;\">ROMERO:\u00a0<\/span><\/p>\n<ul>\n<li style=\"font-weight: 400;\" aria-level=\"1\"><span style=\"font-weight: 400;\">Estimula la memoria y la concentraci\u00f3n, al inhalarlo aumenta la oxigenaci\u00f3n cerebral mejorando la capacidad cognitiva favoreciendo as\u00ed, la concentraci\u00f3n y el aprendizaje.<\/span><\/li>\n<li style=\"font-weight: 400;\" aria-level=\"1\"><span style=\"font-weight: 400;\">Favorece la digesti\u00f3n.<\/span><\/li>\n<\/ul>\n<ul>\n<li style=\"font-weight: 400;\" aria-level=\"1\"><span style=\"font-weight: 400;\">Regula el flujo menstrual.<\/span><\/li>\n<li style=\"font-weight: 400;\" aria-level=\"1\">Limpia, purifica y protege.<\/li>\n<\/ul>\n<ul>\n<li aria-level=\"1\"><span style=\"font-weight: 400;\">Induce los sue\u00f1os felices y placenteros.<\/span><\/li>\n<li aria-level=\"1\"><span style=\"font-weight: 400;\">Nos impulsa a vivir en el presente, en el aqu\u00ed y en el ahora bajo la conciencia de mi cuerpo f\u00edsico<\/span><\/li>\n<\/ul>\n<p>&nbsp;<\/p>\n<p><span style=\"font-weight: 400;\">JENGIBRE: <\/span><\/p>\n<ul>\n<li><span style=\"font-weight: 400;\">Ayuda en la digesti\u00f3n acelerando el vaciado del est\u00f3mago y disminuyendo las molestias de la pesadez estomacal; estimula el apetito y en general reduce problemas digestivos.<\/span><\/li>\n<li aria-level=\"1\"><span style=\"font-weight: 400;\">Por su relacion con el elemento fuego es un potente afrodisiaco armonizando la expresi\u00f3n sexual<\/span><\/li>\n<\/ul>\n<ul>\n<li aria-level=\"1\"><span style=\"font-weight: 400;\">Atrae prosperidad y abundancia<\/span><\/li>\n<\/ul>\n<ul>\n<li aria-level=\"1\"><span style=\"font-weight: 400;\">Combate pesadillas<\/span><\/li>\n<li aria-level=\"1\"><span style=\"font-weight: 400;\">Por su conexi\u00f3n con el sol tiene el poder de mejorar la salud en general<\/span><\/li>\n<\/ul>\n<p>&nbsp;<\/p>\n<p><span style=\"font-weight: 400;\">NEROLI:\u00a0<\/span><\/p>\n<ul>\n<li aria-level=\"1\"><span style=\"font-weight: 400;\">Elimina toxinas y grasa corporales<\/span><\/li>\n<\/ul>\n<ul>\n<li aria-level=\"1\"><span style=\"font-weight: 400;\">Estimula el sistema cardiovascular<\/span><\/li>\n<li><span style=\"font-weight: 400;\">Alivia temores causados por heridas f\u00edsicas y ps\u00edquicas.<\/span><\/li>\n<li style=\"font-weight: 400;\" aria-level=\"1\"><span style=\"font-weight: 400;\">Disminuye las m\u00e1s \u00edntimas inseguridades<\/span><\/li>\n<li style=\"font-weight: 400;\" aria-level=\"1\"><span style=\"font-weight: 400;\">Transmite una intensa sensaci\u00f3n de paz, calma y armon\u00eda<\/span><\/li>\n<\/ul>\n<p>&nbsp;<\/p>\n<p>&nbsp;<\/p>\n","protected":false},"excerpt":{"rendered":"<p><strong>Los olores de la Navidad.<\/strong> Esta bruma te prepara para recibir los regalos que el universo tiene para ti en este nuevo a\u00f1o. Son la mezcla ideal para la prosperidad y la abundancia. \u00a0Canela, Clavo, Naranja, Neroli, Romero, S\u00e1ndalo y Jengibre.<\/p>\n","protected":false},"featured_media":1041,"comment_status":"open","ping_status":"closed","template":"","meta":{"_monsterinsights_skip_tracking":false,"_monsterinsights_sitenote_active":false,"_monsterinsights_sitenote_note":"","_monsterinsights_sitenote_category":0,"_joinchat":[]},"product_brand":[],"product_cat":[41],"product_tag":[],"class_list":{"0":"post-1039","1":"product","2":"type-product","3":"status-publish","4":"has-post-thumbnail","6":"product_cat-bruma","8":"first","9":"instock","10":"shipping-taxable","11":"purchasable","12":"product-type-simple"},"aioseo_notices":[],"_links":{"self":[{"href":"https:\/\/sietecolores.co\/index.php?rest_route=\/wp\/v2\/product\/1039","targetHints":{"allow":["GET"]}}],"collection":[{"href":"https:\/\/sietecolores.co\/index.php?rest_route=\/wp\/v2\/product"}],"about":[{"href":"https:\/\/sietecolores.co\/index.php?rest_route=\/wp\/v2\/types\/product"}],"replies":[{"embeddable":true,"href":"https:\/\/sietecolores.co\/index.php?rest_route=%2Fwp%2Fv2%2Fcomments&post=1039"}],"wp:featuredmedia":[{"embeddable":true,"href":"https:\/\/sietecolores.co\/index.php?rest_route=\/wp\/v2\/media\/1041"}],"wp:attachment":[{"href":"https:\/\/sietecolores.co\/index.php?rest_route=%2Fwp%2Fv2%2Fmedia&parent=1039"}],"wp:term":[{"taxonomy":"product_brand","embeddable":true,"href":"https:\/\/sietecolores.co\/index.php?rest_route=%2Fwp%2Fv2%2Fproduct_brand&post=1039"},{"taxonomy":"product_cat","embeddable":true,"href":"https:\/\/sietecolores.co\/index.php?rest_route=%2Fwp%2Fv2%2Fproduct_cat&post=1039"},{"taxonomy":"product_tag","embeddable":true,"href":"https:\/\/sietecolores.co\/index.php?rest_route=%2Fwp%2Fv2%2Fproduct_tag&post=1039"}],"curies":[{"name":"wp","href":"https:\/\/api.w.org\/{rel}","templated":true}]}}