{"id":1130,"date":"2024-05-08T01:40:22","date_gmt":"2024-05-08T01:40:22","guid":{"rendered":"https:\/\/sietecolores.co\/?post_type=product&#038;p=1130"},"modified":"2025-04-01T21:22:14","modified_gmt":"2025-04-01T21:22:14","slug":"jabon-artesanal-alivio-celeste","status":"publish","type":"product","link":"https:\/\/sietecolores.co\/?product=jabon-artesanal-alivio-celeste","title":{"rendered":"Jab\u00f3n artesanal &#8211; Alivio Celeste"},"content":{"rendered":"<p><span style=\"font-weight: 400;\">Descubre en esta importante selecci\u00f3n de aceites esenciales energizados con cristales de sodalita, la mezcla necesaria para controlar los dolores, revitalizarte y encontrarte de nuevo con tu cuerpo sano. En consecuencia controla dolores como la migra\u00f1a, articulares y musculares. Siente un efecto analg\u00e9sico y relajante sin efectos secundarios.\u00a0<\/span><\/p>\n<p><span style=\"font-weight: 400;\">Principales componentes: Ylang Ylang, Eucalipto Menta, \u00c1rbol de t\u00e9, Romero, Cal\u00e9ndula, \u00c1rnica, Cannabis, Pronto Alivio, Or\u00e9gano, Jengibre, Winter Green, C\u00farcuma, Pimienta negra y cristales de Sodalita y Celestita.<\/span><\/p>\n<p><span style=\"font-weight: 400;\">La piel es el \u00f3rgano m\u00e1s grande de nuestro cuerpo, su capacidad de absorber todo lo que sobre ella aplicamos, hace que nuestros jabones fabricados artesanalmente con aceites vegetales y\u00a0 con nuestras mezclas de aceites esenciales con prop\u00f3sitos sean la herramienta para sanar y equilibrar tu cuerpo y tu alma<\/span><\/p>\n<p>&nbsp;<\/p>\n","protected":false},"excerpt":{"rendered":"<p>100% org\u00e1nicos. Con mezcla de aceites esenciales para cada prop\u00f3sito y vegetales para nutrir tu piel.<\/p>\n","protected":false},"featured_media":1131,"comment_status":"open","ping_status":"closed","template":"","meta":{"_monsterinsights_skip_tracking":false,"_monsterinsights_sitenote_active":false,"_monsterinsights_sitenote_note":"","_monsterinsights_sitenote_category":0,"_joinchat":[]},"product_brand":[],"product_cat":[34,75,25],"product_tag":[],"class_list":{"0":"post-1130","1":"product","2":"type-product","3":"status-publish","4":"has-post-thumbnail","6":"product_cat-alivio-celeste","7":"product_cat-jabon","8":"product_cat-propositos-maestros","10":"first","11":"instock","12":"shipping-taxable","13":"purchasable","14":"product-type-simple"},"aioseo_notices":[],"_links":{"self":[{"href":"https:\/\/sietecolores.co\/index.php?rest_route=\/wp\/v2\/product\/1130","targetHints":{"allow":["GET"]}}],"collection":[{"href":"https:\/\/sietecolores.co\/index.php?rest_route=\/wp\/v2\/product"}],"about":[{"href":"https:\/\/sietecolores.co\/index.php?rest_route=\/wp\/v2\/types\/product"}],"replies":[{"embeddable":true,"href":"https:\/\/sietecolores.co\/index.php?rest_route=%2Fwp%2Fv2%2Fcomments&post=1130"}],"wp:featuredmedia":[{"embeddable":true,"href":"https:\/\/sietecolores.co\/index.php?rest_route=\/wp\/v2\/media\/1131"}],"wp:attachment":[{"href":"https:\/\/sietecolores.co\/index.php?rest_route=%2Fwp%2Fv2%2Fmedia&parent=1130"}],"wp:term":[{"taxonomy":"product_brand","embeddable":true,"href":"https:\/\/sietecolores.co\/index.php?rest_route=%2Fwp%2Fv2%2Fproduct_brand&post=1130"},{"taxonomy":"product_cat","embeddable":true,"href":"https:\/\/sietecolores.co\/index.php?rest_route=%2Fwp%2Fv2%2Fproduct_cat&post=1130"},{"taxonomy":"product_tag","embeddable":true,"href":"https:\/\/sietecolores.co\/index.php?rest_route=%2Fwp%2Fv2%2Fproduct_tag&post=1130"}],"curies":[{"name":"wp","href":"https:\/\/api.w.org\/{rel}","templated":true}]}}