{"id":1142,"date":"2024-05-08T01:47:31","date_gmt":"2024-05-08T01:47:31","guid":{"rendered":"https:\/\/sietecolores.co\/?post_type=product&#038;p=1142"},"modified":"2024-05-09T18:14:40","modified_gmt":"2024-05-09T18:14:40","slug":"jabon-artesanal-equilibrio-ambar","status":"publish","type":"product","link":"https:\/\/sietecolores.co\/?product=jabon-artesanal-equilibrio-ambar","title":{"rendered":"Jab\u00f3n Artesanal &#8211; Equilibrio\u00a0Ambar"},"content":{"rendered":"<p><span style=\"font-weight: 400;\">\u00a0La poderosa combinaci\u00f3n de los aceites esenciales seleccionados para este prop\u00f3sito, energizados con cristales de Obsidiana, brindan el equilibrio que tu cuerpo y mente necesitan para sentirse en armon\u00eda y estabilidad, elevando tu conciencia, disminuyendo tus niveles de ansiedad y los desequilibrios emocionales.<\/span><\/p>\n<p><span style=\"font-weight: 400;\">Controla ansiedad, depresi\u00f3n, fobias y adicciones. Expande tu consciencia, estabiliza tu plexo solar controlando tu ansiedad y tus emociones permitiendo una relaci\u00f3n arm\u00f3nica con tu entorno.<\/span><\/p>\n<p><span style=\"font-weight: 400;\">Principales componentes: Salvia, Rosa, Bergamota, Naranja, Limoncillo, Ylang Ylang, Romero, Jazm\u00edn, Patchouli, Incienso, Albahaca, \u00c1rbol de t\u00e9, S\u00e1ndalo, Neroli, An\u00eds, C\u00farcuma, Tomillo, Vainilla, Mirra, Cipr\u00e9s Eucalipto.<\/span><\/p>\n<p><span style=\"font-weight: 400;\">La piel es el \u00f3rgano m\u00e1s grande de nuestro cuerpo, su capacidad de absorber todo lo que sobre ella aplicamos, hace que nuestros jabones fabricados artesanalmente con aceites vegetales y\u00a0 con nuestras mezclas de aceites esenciales con prop\u00f3sitos sean la herramienta para sanar y equilibrar tu cuerpo y tu alma<\/span><\/p>\n<p>&nbsp;<\/p>\n","protected":false},"excerpt":{"rendered":"<p>100% org\u00e1nicos. Con mezcla de aceites esenciales para cada prop\u00f3sito y vegetales para nutrir tu piel.<\/p>\n","protected":false},"featured_media":1143,"comment_status":"open","ping_status":"closed","template":"","meta":{"_monsterinsights_skip_tracking":false,"_monsterinsights_sitenote_active":false,"_monsterinsights_sitenote_note":"","_monsterinsights_sitenote_category":0,"_joinchat":[]},"product_brand":[],"product_cat":[36,75,25],"product_tag":[],"class_list":{"0":"post-1142","1":"product","2":"type-product","3":"status-publish","4":"has-post-thumbnail","6":"product_cat-equilibrio-ambar","7":"product_cat-jabon","8":"product_cat-propositos-maestros","10":"first","11":"instock","12":"shipping-taxable","13":"purchasable","14":"product-type-simple"},"aioseo_notices":[],"_links":{"self":[{"href":"https:\/\/sietecolores.co\/index.php?rest_route=\/wp\/v2\/product\/1142","targetHints":{"allow":["GET"]}}],"collection":[{"href":"https:\/\/sietecolores.co\/index.php?rest_route=\/wp\/v2\/product"}],"about":[{"href":"https:\/\/sietecolores.co\/index.php?rest_route=\/wp\/v2\/types\/product"}],"replies":[{"embeddable":true,"href":"https:\/\/sietecolores.co\/index.php?rest_route=%2Fwp%2Fv2%2Fcomments&post=1142"}],"wp:featuredmedia":[{"embeddable":true,"href":"https:\/\/sietecolores.co\/index.php?rest_route=\/wp\/v2\/media\/1143"}],"wp:attachment":[{"href":"https:\/\/sietecolores.co\/index.php?rest_route=%2Fwp%2Fv2%2Fmedia&parent=1142"}],"wp:term":[{"taxonomy":"product_brand","embeddable":true,"href":"https:\/\/sietecolores.co\/index.php?rest_route=%2Fwp%2Fv2%2Fproduct_brand&post=1142"},{"taxonomy":"product_cat","embeddable":true,"href":"https:\/\/sietecolores.co\/index.php?rest_route=%2Fwp%2Fv2%2Fproduct_cat&post=1142"},{"taxonomy":"product_tag","embeddable":true,"href":"https:\/\/sietecolores.co\/index.php?rest_route=%2Fwp%2Fv2%2Fproduct_tag&post=1142"}],"curies":[{"name":"wp","href":"https:\/\/api.w.org\/{rel}","templated":true}]}}