{"id":1145,"date":"2024-05-08T01:50:15","date_gmt":"2024-05-08T01:50:15","guid":{"rendered":"https:\/\/sietecolores.co\/?post_type=product&#038;p=1145"},"modified":"2024-05-09T18:13:22","modified_gmt":"2024-05-09T18:13:22","slug":"jabon-artesanal-sueno-violeta","status":"publish","type":"product","link":"https:\/\/sietecolores.co\/?product=jabon-artesanal-sueno-violeta","title":{"rendered":"Jab\u00f3n Artesanal &#8211; Sue\u00f1o Violeta"},"content":{"rendered":"<p><span style=\"font-weight: 400;\">Su prop\u00f3sito es inducir a un sue\u00f1o reparador y un completo descanso. Cuando duermes le entregas al universo tus sue\u00f1os y anhelos. Con Sue\u00f1o Violeta podr\u00e1s conectarte con lo que el universo tiene planeado para ti.\u00a0<\/span><\/p>\n<p><span style=\"font-weight: 400;\">Mezcla de Aceites esenciales de: Lavanda, Romero, Vainilla, Cedro, Mirra, Neroli, Jazm\u00edn, Cannabis.<\/span><\/p>\n<p><span style=\"font-weight: 400;\">La piel es el \u00f3rgano m\u00e1s grande de nuestro cuerpo, su capacidad de absorber todo lo que sobre ella aplicamos, hace que nuestros jabones fabricados artesanalmente con aceites vegetales y\u00a0 con nuestras mezclas de aceites esenciales con prop\u00f3sitos sean la herramienta para sanar y equilibrar tu cuerpo y tu alma<\/span><\/p>\n<p>&nbsp;<\/p>\n","protected":false},"excerpt":{"rendered":"<p>100% org\u00e1nicos. Con mezcla de aceites esenciales para cada prop\u00f3sito y vegetales para nutrir tu piel.<\/p>\n","protected":false},"featured_media":1148,"comment_status":"open","ping_status":"closed","template":"","meta":{"_monsterinsights_skip_tracking":false,"_monsterinsights_sitenote_active":false,"_monsterinsights_sitenote_note":"","_monsterinsights_sitenote_category":0,"_joinchat":[]},"product_brand":[],"product_cat":[75,25,35],"product_tag":[],"class_list":{"0":"post-1145","1":"product","2":"type-product","3":"status-publish","4":"has-post-thumbnail","6":"product_cat-jabon","7":"product_cat-propositos-maestros","8":"product_cat-sueno-violeta","10":"first","11":"instock","12":"shipping-taxable","13":"purchasable","14":"product-type-simple"},"aioseo_notices":[],"_links":{"self":[{"href":"https:\/\/sietecolores.co\/index.php?rest_route=\/wp\/v2\/product\/1145","targetHints":{"allow":["GET"]}}],"collection":[{"href":"https:\/\/sietecolores.co\/index.php?rest_route=\/wp\/v2\/product"}],"about":[{"href":"https:\/\/sietecolores.co\/index.php?rest_route=\/wp\/v2\/types\/product"}],"replies":[{"embeddable":true,"href":"https:\/\/sietecolores.co\/index.php?rest_route=%2Fwp%2Fv2%2Fcomments&post=1145"}],"wp:featuredmedia":[{"embeddable":true,"href":"https:\/\/sietecolores.co\/index.php?rest_route=\/wp\/v2\/media\/1148"}],"wp:attachment":[{"href":"https:\/\/sietecolores.co\/index.php?rest_route=%2Fwp%2Fv2%2Fmedia&parent=1145"}],"wp:term":[{"taxonomy":"product_brand","embeddable":true,"href":"https:\/\/sietecolores.co\/index.php?rest_route=%2Fwp%2Fv2%2Fproduct_brand&post=1145"},{"taxonomy":"product_cat","embeddable":true,"href":"https:\/\/sietecolores.co\/index.php?rest_route=%2Fwp%2Fv2%2Fproduct_cat&post=1145"},{"taxonomy":"product_tag","embeddable":true,"href":"https:\/\/sietecolores.co\/index.php?rest_route=%2Fwp%2Fv2%2Fproduct_tag&post=1145"}],"curies":[{"name":"wp","href":"https:\/\/api.w.org\/{rel}","templated":true}]}}