{"id":1156,"date":"2024-05-08T01:53:40","date_gmt":"2024-05-08T01:53:40","guid":{"rendered":"https:\/\/sietecolores.co\/?post_type=product&#038;p=1156"},"modified":"2025-05-06T00:38:23","modified_gmt":"2025-05-06T00:38:23","slug":"jabon-artesanal-vitalidad-granate","status":"publish","type":"product","link":"https:\/\/sietecolores.co\/?product=jabon-artesanal-vitalidad-granate","title":{"rendered":"Jab\u00f3n Artesanal &#8211; Vitalidad Granate"},"content":{"rendered":"<p><span style=\"font-weight: 400;\">La fusi\u00f3n de estos aceites esenciales y la vibraci\u00f3n del cristal de Jaspe rojo, te dar\u00e1n la energ\u00eda y la concentraci\u00f3n que requieres para rendir de manera efectiva en tus actividades diarias. Reactiva las fibras interiores de tu ser y convi\u00e9rtelas\u00a0 en una malla energ\u00e9tica que se nutre de todo lo que el universo nos ofrece.<\/span><\/p>\n<p><span style=\"font-weight: 400;\">Principales componentes: albahaca, menta, ylang ylang, romero, lim\u00f3n, cardamomo, tomillo, an\u00eds, jengibre.\u00a0<\/span><\/p>\n<p><span style=\"font-weight: 400;\">\u00a0La piel es el \u00f3rgano m\u00e1s grande de nuestro cuerpo, su capacidad de absorber todo lo que sobre ella aplicamos, hace que nuestros jabones fabricados artesanalmente con aceites vegetales y\u00a0 con nuestras mezclas de aceites esenciales con prop\u00f3sitos sean la herramienta para sanar y equilibrar tu cuerpo y tu alma<\/span><\/p>\n<p>&nbsp;<\/p>\n","protected":false},"excerpt":{"rendered":"<p>100% org\u00e1nicos. Con mezcla de aceites esenciales para cada prop\u00f3sito y vegetales para nutrir tu piel.<\/p>\n","protected":false},"featured_media":1157,"comment_status":"open","ping_status":"closed","template":"","meta":{"_monsterinsights_skip_tracking":false,"_monsterinsights_sitenote_active":false,"_monsterinsights_sitenote_note":"","_monsterinsights_sitenote_category":0,"_joinchat":[]},"product_brand":[],"product_cat":[27,75,25,37],"product_tag":[],"class_list":{"0":"post-1156","1":"product","2":"type-product","3":"status-publish","4":"has-post-thumbnail","6":"product_cat-aceites-esenciales","7":"product_cat-jabon","8":"product_cat-propositos-maestros","9":"product_cat-vitalidad-granate","11":"first","12":"instock","13":"shipping-taxable","14":"purchasable","15":"product-type-simple"},"aioseo_notices":[],"_links":{"self":[{"href":"https:\/\/sietecolores.co\/index.php?rest_route=\/wp\/v2\/product\/1156","targetHints":{"allow":["GET"]}}],"collection":[{"href":"https:\/\/sietecolores.co\/index.php?rest_route=\/wp\/v2\/product"}],"about":[{"href":"https:\/\/sietecolores.co\/index.php?rest_route=\/wp\/v2\/types\/product"}],"replies":[{"embeddable":true,"href":"https:\/\/sietecolores.co\/index.php?rest_route=%2Fwp%2Fv2%2Fcomments&post=1156"}],"wp:featuredmedia":[{"embeddable":true,"href":"https:\/\/sietecolores.co\/index.php?rest_route=\/wp\/v2\/media\/1157"}],"wp:attachment":[{"href":"https:\/\/sietecolores.co\/index.php?rest_route=%2Fwp%2Fv2%2Fmedia&parent=1156"}],"wp:term":[{"taxonomy":"product_brand","embeddable":true,"href":"https:\/\/sietecolores.co\/index.php?rest_route=%2Fwp%2Fv2%2Fproduct_brand&post=1156"},{"taxonomy":"product_cat","embeddable":true,"href":"https:\/\/sietecolores.co\/index.php?rest_route=%2Fwp%2Fv2%2Fproduct_cat&post=1156"},{"taxonomy":"product_tag","embeddable":true,"href":"https:\/\/sietecolores.co\/index.php?rest_route=%2Fwp%2Fv2%2Fproduct_tag&post=1156"}],"curies":[{"name":"wp","href":"https:\/\/api.w.org\/{rel}","templated":true}]}}