{"id":1174,"date":"2024-12-09T18:51:59","date_gmt":"2024-12-09T18:51:59","guid":{"rendered":"https:\/\/sietecolores.co\/?post_type=product&#038;p=1174"},"modified":"2025-05-06T00:32:30","modified_gmt":"2025-05-06T00:32:30","slug":"ritual-para-tu-equilibrio-2","status":"publish","type":"product","link":"https:\/\/sietecolores.co\/?product=ritual-para-tu-equilibrio-2","title":{"rendered":"Ritual para tu Equilibrio"},"content":{"rendered":"<p>Esta caja kit contiene:<\/p>\n<p>Una vela, una bomba efervescente, un roll on y un jab\u00f3n artesanal. Todos estos productos est\u00e1n hechos con la mezcla siguiente mezcla de aceites:<\/p>\n<p>La poderosa combinaci\u00f3n de los aceites esenciales seleccionados para este prop\u00f3sito, energizados con cristales de Obsidiana, brindan el equilibrio que tu cuerpo y mente necesitan para sentirse en armon\u00eda y estabilidad, elevando tu conciencia, disminuyendo tus niveles de ansiedad y los altibajos emocionales.<\/p>\n<p>Controla ansiedades, depresiones, fobias y adicciones.<\/p>\n<p>Expande tu consciencia, estabiliza tu plexo solar controlando tu ansiedad y tus emociones permitiendo una relaci\u00f3n arm\u00f3nica con tu entorno.<\/p>\n<p>Principales componentes:<\/p>\n<p>Salvia, Rosa, Bergamota, Naranja, Limoncillo, Ylang Ylang, Romero, Jazm\u00edn, Patchouli, Incienso, Albahaca, \u00c1rbol de t\u00e9, S\u00e1ndalo, Neroli, An\u00eds, C\u00farcuma, Tomillo, Vainilla, Mirra, Cipr\u00e9s Eucalipto.<\/p>\n","protected":false},"excerpt":{"rendered":"<p>Reserva un d\u00eda para t\u00ed, para tu descanso, para cuidar de tu tranquilidad y equilibrio.<\/p>\n<p>Comienza el d\u00eda con este ritual de armon\u00eda y equilibrio.<\/p>\n","protected":false},"featured_media":1171,"comment_status":"open","ping_status":"closed","template":"","meta":{"_monsterinsights_skip_tracking":false,"_monsterinsights_sitenote_active":false,"_monsterinsights_sitenote_note":"","_monsterinsights_sitenote_category":0,"_joinchat":[]},"product_brand":[],"product_cat":[29,36,74,77],"product_tag":[],"class_list":{"0":"post-1174","1":"product","2":"type-product","3":"status-publish","4":"has-post-thumbnail","6":"product_cat-complementos","7":"product_cat-equilibrio-ambar","8":"product_cat-kits","9":"product_cat-kits-2","11":"first","12":"instock","13":"shipping-taxable","14":"purchasable","15":"product-type-simple"},"aioseo_notices":[],"_links":{"self":[{"href":"https:\/\/sietecolores.co\/index.php?rest_route=\/wp\/v2\/product\/1174","targetHints":{"allow":["GET"]}}],"collection":[{"href":"https:\/\/sietecolores.co\/index.php?rest_route=\/wp\/v2\/product"}],"about":[{"href":"https:\/\/sietecolores.co\/index.php?rest_route=\/wp\/v2\/types\/product"}],"replies":[{"embeddable":true,"href":"https:\/\/sietecolores.co\/index.php?rest_route=%2Fwp%2Fv2%2Fcomments&post=1174"}],"wp:featuredmedia":[{"embeddable":true,"href":"https:\/\/sietecolores.co\/index.php?rest_route=\/wp\/v2\/media\/1171"}],"wp:attachment":[{"href":"https:\/\/sietecolores.co\/index.php?rest_route=%2Fwp%2Fv2%2Fmedia&parent=1174"}],"wp:term":[{"taxonomy":"product_brand","embeddable":true,"href":"https:\/\/sietecolores.co\/index.php?rest_route=%2Fwp%2Fv2%2Fproduct_brand&post=1174"},{"taxonomy":"product_cat","embeddable":true,"href":"https:\/\/sietecolores.co\/index.php?rest_route=%2Fwp%2Fv2%2Fproduct_cat&post=1174"},{"taxonomy":"product_tag","embeddable":true,"href":"https:\/\/sietecolores.co\/index.php?rest_route=%2Fwp%2Fv2%2Fproduct_tag&post=1174"}],"curies":[{"name":"wp","href":"https:\/\/api.w.org\/{rel}","templated":true}]}}