{"id":1177,"date":"2024-12-09T19:06:43","date_gmt":"2024-12-09T19:06:43","guid":{"rendered":"https:\/\/sietecolores.co\/?post_type=product&#038;p=1177"},"modified":"2025-05-06T00:35:56","modified_gmt":"2025-05-06T00:35:56","slug":"ritual-para-tu-plenitud","status":"publish","type":"product","link":"https:\/\/sietecolores.co\/?product=ritual-para-tu-plenitud","title":{"rendered":"Ritual para tu Plenitud"},"content":{"rendered":"<p>Esta caja kit contiene:<\/p>\n<p>Una vela, una bomba efervescente, un roll on y un jab\u00f3n artesanal. Todos estos productos est\u00e1n hechos con la mezcla siguiente mezcla de aceites:<\/p>\n<p>Plenitud Rosa:<\/p>\n<p>Es un aceite cuyo aceite vehicular y portador vegetal es el Aceite de Aguacate, es un aceite m\u00e1s denso que se localiza y permanece por m\u00e1s tiempo para permitir a los aceites esenciales su acci\u00f3n.<\/p>\n<p>Inspirada en la felicidad, la suavidad y la fortaleza, esta delicada uni\u00f3n de esencias te brinda la capacidad de reconstruir tu amor propio e impulsar tus pasos hacia la felicidad y la plenitud con tu ser interior. Energizado con cristales de Cuarzo Rosa.<\/p>\n<p>Principales componentes:<\/p>\n<p>\u2013 Geranio, Vainilla, Lim\u00f3n, Rosa, Neroli, An\u00eds, Gardenia.<\/p>\n","protected":false},"excerpt":{"rendered":"<p>Reserva un tiempo para t\u00ed, para tu cuidado, para tu tranquilidad, y plenitud. Puedes compartirlo con tu pareja.<\/p>\n<p>Este ritual es una invitaci\u00f3n para recibir todo el amor que tienes para tu ser interior, para fortalecer tu autoestima y autoconfianza.<\/p>\n<p>&nbsp;<\/p>\n<p>&nbsp;<\/p>\n","protected":false},"featured_media":1180,"comment_status":"open","ping_status":"closed","template":"","meta":{"_monsterinsights_skip_tracking":false,"_monsterinsights_sitenote_active":false,"_monsterinsights_sitenote_note":"","_monsterinsights_sitenote_category":0,"_joinchat":[]},"product_brand":[],"product_cat":[29,74,77,38],"product_tag":[],"class_list":{"0":"post-1177","1":"product","2":"type-product","3":"status-publish","4":"has-post-thumbnail","6":"product_cat-complementos","7":"product_cat-kits","8":"product_cat-kits-2","9":"product_cat-plenitud-rosa","11":"first","12":"instock","13":"shipping-taxable","14":"purchasable","15":"product-type-simple"},"aioseo_notices":[],"_links":{"self":[{"href":"https:\/\/sietecolores.co\/index.php?rest_route=\/wp\/v2\/product\/1177","targetHints":{"allow":["GET"]}}],"collection":[{"href":"https:\/\/sietecolores.co\/index.php?rest_route=\/wp\/v2\/product"}],"about":[{"href":"https:\/\/sietecolores.co\/index.php?rest_route=\/wp\/v2\/types\/product"}],"replies":[{"embeddable":true,"href":"https:\/\/sietecolores.co\/index.php?rest_route=%2Fwp%2Fv2%2Fcomments&post=1177"}],"wp:featuredmedia":[{"embeddable":true,"href":"https:\/\/sietecolores.co\/index.php?rest_route=\/wp\/v2\/media\/1180"}],"wp:attachment":[{"href":"https:\/\/sietecolores.co\/index.php?rest_route=%2Fwp%2Fv2%2Fmedia&parent=1177"}],"wp:term":[{"taxonomy":"product_brand","embeddable":true,"href":"https:\/\/sietecolores.co\/index.php?rest_route=%2Fwp%2Fv2%2Fproduct_brand&post=1177"},{"taxonomy":"product_cat","embeddable":true,"href":"https:\/\/sietecolores.co\/index.php?rest_route=%2Fwp%2Fv2%2Fproduct_cat&post=1177"},{"taxonomy":"product_tag","embeddable":true,"href":"https:\/\/sietecolores.co\/index.php?rest_route=%2Fwp%2Fv2%2Fproduct_tag&post=1177"}],"curies":[{"name":"wp","href":"https:\/\/api.w.org\/{rel}","templated":true}]}}