{"id":1178,"date":"2024-12-09T19:13:15","date_gmt":"2024-12-09T19:13:15","guid":{"rendered":"https:\/\/sietecolores.co\/?post_type=product&#038;p=1178"},"modified":"2025-05-06T00:22:42","modified_gmt":"2025-05-06T00:22:42","slug":"ritual-para-tu-vitalidad","status":"publish","type":"product","link":"https:\/\/sietecolores.co\/?product=ritual-para-tu-vitalidad","title":{"rendered":"Ritual para tu Vitalidad"},"content":{"rendered":"<p>Esta caja kit contiene:<\/p>\n<p>Una vela, una bomba efervescente, un roll on y un jab\u00f3n artesanal. Todos estos productos est\u00e1n hechos con la mezcla siguiente mezcla de aceites:<\/p>\n<p>Vitalidad Granate:<\/p>\n<p>La fusi\u00f3n de estos aceites esenciales y la energ\u00eda del cristal de Jaspe rojo, te dar\u00e1n la energ\u00eda y la concentraci\u00f3n que requieres para rendir de manera efectiva en tus actividades diarias.<\/p>\n<p>Reactiva las fibras interiores de tu ser y transf\u00f3rmalas en una malla energ\u00e9tica que se nutre de todo lo que el universo nos ofrece.<\/p>\n<p>Permite que tus chacras se recarguen de la energ\u00eda vital para mantener tu cuerpo en \u00f3ptimas condiciones y \u00e9ste pueda ser el veh\u00edculo de tus experiencias en el plano f\u00edsico, para lograr de manera arm\u00f3nica, los aprendizajes que como almas eternas, debemos tener.<\/p>\n","protected":false},"excerpt":{"rendered":"<p>Este ritual es una invitaci\u00f3n para el d\u00eda en que necesitas estar llena de energ\u00eda, con objetividad y gran capacidad de enfoque.<\/p>\n","protected":false},"featured_media":1179,"comment_status":"open","ping_status":"closed","template":"","meta":{"_monsterinsights_skip_tracking":false,"_monsterinsights_sitenote_active":false,"_monsterinsights_sitenote_note":"","_monsterinsights_sitenote_category":0,"_joinchat":[]},"product_brand":[],"product_cat":[29,74,37],"product_tag":[],"class_list":{"0":"post-1178","1":"product","2":"type-product","3":"status-publish","4":"has-post-thumbnail","6":"product_cat-complementos","7":"product_cat-kits","8":"product_cat-vitalidad-granate","10":"first","11":"instock","12":"shipping-taxable","13":"purchasable","14":"product-type-simple"},"aioseo_notices":[],"_links":{"self":[{"href":"https:\/\/sietecolores.co\/index.php?rest_route=\/wp\/v2\/product\/1178","targetHints":{"allow":["GET"]}}],"collection":[{"href":"https:\/\/sietecolores.co\/index.php?rest_route=\/wp\/v2\/product"}],"about":[{"href":"https:\/\/sietecolores.co\/index.php?rest_route=\/wp\/v2\/types\/product"}],"replies":[{"embeddable":true,"href":"https:\/\/sietecolores.co\/index.php?rest_route=%2Fwp%2Fv2%2Fcomments&post=1178"}],"wp:featuredmedia":[{"embeddable":true,"href":"https:\/\/sietecolores.co\/index.php?rest_route=\/wp\/v2\/media\/1179"}],"wp:attachment":[{"href":"https:\/\/sietecolores.co\/index.php?rest_route=%2Fwp%2Fv2%2Fmedia&parent=1178"}],"wp:term":[{"taxonomy":"product_brand","embeddable":true,"href":"https:\/\/sietecolores.co\/index.php?rest_route=%2Fwp%2Fv2%2Fproduct_brand&post=1178"},{"taxonomy":"product_cat","embeddable":true,"href":"https:\/\/sietecolores.co\/index.php?rest_route=%2Fwp%2Fv2%2Fproduct_cat&post=1178"},{"taxonomy":"product_tag","embeddable":true,"href":"https:\/\/sietecolores.co\/index.php?rest_route=%2Fwp%2Fv2%2Fproduct_tag&post=1178"}],"curies":[{"name":"wp","href":"https:\/\/api.w.org\/{rel}","templated":true}]}}