{"id":440,"date":"2023-10-29T01:10:35","date_gmt":"2023-10-29T01:10:35","guid":{"rendered":"https:\/\/sietecolores.co\/?post_type=product&#038;p=440"},"modified":"2023-11-25T01:58:40","modified_gmt":"2023-11-25T01:58:40","slug":"aceite-vegetal-de-aguacate","status":"publish","type":"product","link":"https:\/\/sietecolores.co\/?product=aceite-vegetal-de-aguacate","title":{"rendered":"ACEITE VEGETAL DE AGUACATE"},"content":{"rendered":"<p>(Persea americana)<\/p>\n<p>Protege la piel de agresiones del sol y el viento, ya que es muy similar en su composici\u00f3n a la grasa que protege la piel.<\/p>\n<p>Contiene una mezcla de l\u00edpidos, omega 3,6 y 9, antioxidantes y vitaminas A, B, C, D, E, H, K. Tiene un alto contenido de vitamina E y \u00e1cido palmitoleico que le aporta propiedades contra el envejecimiento cut\u00e1neo, d\u00e1ndole flexibilidad a la piel, la hidrata, regenera y suaviza.<\/p>\n<p>Orden: Laurales<br \/>\nFamilia: Laur\u00e1ceas<br \/>\nG\u00e9nero: Persea<br \/>\nEspecie: P. americana<\/p>\n<p>Su aceite obtenido por presi\u00f3n en frio de la pulpa del aguacate. Ya era utilizado hace miles de a\u00f1os por los Aztecas y los pueblos ind\u00edgenas suramericanos. Su uso es cosm\u00e9tico y comestible.<\/p>\n<p>Posee efectos cicatrizantes y calmantes y es un buen emoliente para la prevenci\u00f3n de las estr\u00edas; adem\u00e1s es foto protector.<\/p>\n<p>El Aguacate es un \u00e1rbol mediano originario de Am\u00e9rica, pero ya cultivado en todo el mundo en climas c\u00e1lidos. Tambi\u00e9n llamado palta.<\/p>\n<p>Es un aceite espeso que se absorbe en piel r\u00e1pidamente. Clasificaci\u00f3n comedog\u00e9nica 3<\/p>\n","protected":false},"excerpt":{"rendered":"<p>(Persea americana) Aceite Vegetal 100 ml<\/p>\n<p>Protege la piel de agresiones del sol y el viento, ya que es muy similar en su composici\u00f3n a la grasa que protege la piel.<\/p>\n<p>Contiene una mezcla de l\u00edpidos, omega 3,6 y 9, antioxidantes y vitaminas A, B, C, D, E, H, K. Tiene un alto contenido de vitamina E y \u00e1cido palmitoleico que le aporta propiedades contra el envejecimiento cut\u00e1neo, d\u00e1ndole flexibilidad a la piel, la hidrata, regenera y suaviza.<\/p>\n","protected":false},"featured_media":153,"comment_status":"open","ping_status":"closed","template":"","meta":{"_monsterinsights_skip_tracking":false,"_monsterinsights_sitenote_active":false,"_monsterinsights_sitenote_note":"","_monsterinsights_sitenote_category":0,"_joinchat":[]},"product_brand":[],"product_cat":[21],"product_tag":[23,22],"class_list":{"0":"post-440","1":"product","2":"type-product","3":"status-publish","4":"has-post-thumbnail","6":"product_cat-aceites-vegetales","7":"product_tag-aguacate","8":"product_tag-vegetales","10":"first","11":"onbackorder","12":"shipping-taxable","13":"purchasable","14":"product-type-simple"},"aioseo_notices":[],"_links":{"self":[{"href":"https:\/\/sietecolores.co\/index.php?rest_route=\/wp\/v2\/product\/440","targetHints":{"allow":["GET"]}}],"collection":[{"href":"https:\/\/sietecolores.co\/index.php?rest_route=\/wp\/v2\/product"}],"about":[{"href":"https:\/\/sietecolores.co\/index.php?rest_route=\/wp\/v2\/types\/product"}],"replies":[{"embeddable":true,"href":"https:\/\/sietecolores.co\/index.php?rest_route=%2Fwp%2Fv2%2Fcomments&post=440"}],"wp:featuredmedia":[{"embeddable":true,"href":"https:\/\/sietecolores.co\/index.php?rest_route=\/wp\/v2\/media\/153"}],"wp:attachment":[{"href":"https:\/\/sietecolores.co\/index.php?rest_route=%2Fwp%2Fv2%2Fmedia&parent=440"}],"wp:term":[{"taxonomy":"product_brand","embeddable":true,"href":"https:\/\/sietecolores.co\/index.php?rest_route=%2Fwp%2Fv2%2Fproduct_brand&post=440"},{"taxonomy":"product_cat","embeddable":true,"href":"https:\/\/sietecolores.co\/index.php?rest_route=%2Fwp%2Fv2%2Fproduct_cat&post=440"},{"taxonomy":"product_tag","embeddable":true,"href":"https:\/\/sietecolores.co\/index.php?rest_route=%2Fwp%2Fv2%2Fproduct_tag&post=440"}],"curies":[{"name":"wp","href":"https:\/\/api.w.org\/{rel}","templated":true}]}}