{"id":577,"date":"2023-10-31T22:16:37","date_gmt":"2023-10-31T22:16:37","guid":{"rendered":"https:\/\/sietecolores.co\/?product=aceite-vegetal-de-ajonjoli-o-sesamo-2"},"modified":"2023-11-25T01:58:31","modified_gmt":"2023-11-25T01:58:31","slug":"aceite-vegetal-de-ajonjoli-o-sesamo-2","status":"publish","type":"product","link":"https:\/\/sietecolores.co\/?product=aceite-vegetal-de-ajonjoli-o-sesamo-2","title":{"rendered":"ACEITE VEGETAL DE AJONJOL\u00cd O SESAMO"},"content":{"rendered":"<p>(Sesamun indicum)<\/p>\n<p>Orden: L\u00e1miales<br \/>\nFamilia: Pedali\u00e1ceas<br \/>\nG\u00e9nero: Sesamun<br \/>\nEspecie: S. indicum<\/p>\n<p>Aporta firmeza a la piel, reduce estr\u00edas y elimina las manchas producidas por el acn\u00e9.<\/p>\n<p>El Sesamun indicum es una hierba que alcanza 1,5 metros de altura originaria de India y \u00c1frica. Cultivada desde hace miles de a\u00f1os por sus semillas ricas en aceites usadas en gastronom\u00eda y en cosm\u00e9tica.<\/p>\n<p>Fue usado desde la antig\u00fcedad por griegos, egipcios y romanos.<\/p>\n<p>El aceite vegetal se extrae por prensado en frio de sus semillas. Tambi\u00e9n pueden tostarse antes de extraer el aceite, pero muchos opinan que pierde cualidades org\u00e1nicas.<\/p>\n<p>La semilla de s\u00e9samo es rica en \u00e1cidos grasos insaturados, adem\u00e1s de Calcio, Fosforo, Hierro, Magnesio y Zinc; adem\u00e1s de vitaminas B y E. Adem\u00e1s de contener antioxidantes. Tiene amino\u00e1cidos como la metionina y el tript\u00f3fano. Es rico en Omega 3 y 6.<\/p>\n<p>El tript\u00f3fano cuida de la ca\u00edda y brillo del cabello y la resequedad de la piel y labios.<\/p>\n<p>El aceite vegetal de s\u00e9samo o ajonjol\u00ed tiene un olor distintivo y es usado en gastronom\u00eda y cosm\u00e9tica.<\/p>\n<p>Es un aceite muy usado en la Medicina Ayurveda para masajes y coadyuvante del sistema nervioso y sistema muscular y \u00f3seo.<\/p>\n<p>Es usado para nutrir la piel en caso de resequedad. Tambi\u00e9n usado para contra restar la piel agrietada y callosidades en pies.<\/p>\n<p>Por sus propiedades antioxidantes y alto contenido en vitamina E aporta beneficios reafirmantes y humectantes revitalizantes en piel.<\/p>\n<p>Mejora la elasticidad y aporta suavidad de la piel, mejora la textura y la apariencia ya que previene la oxidaci\u00f3n y el envejecimiento prematuro.<\/p>\n<p>Tambi\u00e9n es \u00fatil como protector solar y como protector de toxinas ambientales que pueden ser da\u00f1inas para la piel.<\/p>\n","protected":false},"excerpt":{"rendered":"<p>Aporta firmeza a la piel, reduce estr\u00edas y elimina las manchas producidas por el acn\u00e9.<\/p>\n","protected":false},"featured_media":0,"comment_status":"open","ping_status":"closed","template":"","meta":{"_monsterinsights_skip_tracking":false,"_monsterinsights_sitenote_active":false,"_monsterinsights_sitenote_note":"","_monsterinsights_sitenote_category":0,"_joinchat":[]},"product_brand":[],"product_cat":[21],"product_tag":[],"class_list":{"0":"post-577","1":"product","2":"type-product","3":"status-publish","5":"product_cat-aceites-vegetales","7":"first","8":"onbackorder","9":"shipping-taxable","10":"purchasable","11":"product-type-simple"},"aioseo_notices":[],"_links":{"self":[{"href":"https:\/\/sietecolores.co\/index.php?rest_route=\/wp\/v2\/product\/577","targetHints":{"allow":["GET"]}}],"collection":[{"href":"https:\/\/sietecolores.co\/index.php?rest_route=\/wp\/v2\/product"}],"about":[{"href":"https:\/\/sietecolores.co\/index.php?rest_route=\/wp\/v2\/types\/product"}],"replies":[{"embeddable":true,"href":"https:\/\/sietecolores.co\/index.php?rest_route=%2Fwp%2Fv2%2Fcomments&post=577"}],"wp:attachment":[{"href":"https:\/\/sietecolores.co\/index.php?rest_route=%2Fwp%2Fv2%2Fmedia&parent=577"}],"wp:term":[{"taxonomy":"product_brand","embeddable":true,"href":"https:\/\/sietecolores.co\/index.php?rest_route=%2Fwp%2Fv2%2Fproduct_brand&post=577"},{"taxonomy":"product_cat","embeddable":true,"href":"https:\/\/sietecolores.co\/index.php?rest_route=%2Fwp%2Fv2%2Fproduct_cat&post=577"},{"taxonomy":"product_tag","embeddable":true,"href":"https:\/\/sietecolores.co\/index.php?rest_route=%2Fwp%2Fv2%2Fproduct_tag&post=577"}],"curies":[{"name":"wp","href":"https:\/\/api.w.org\/{rel}","templated":true}]}}