{"id":578,"date":"2023-10-31T22:16:38","date_gmt":"2023-10-31T22:16:38","guid":{"rendered":"https:\/\/sietecolores.co\/?product=aceite-vegetal-de-almendras-dulces-2"},"modified":"2023-11-25T01:58:07","modified_gmt":"2023-11-25T01:58:07","slug":"aceite-vegetal-de-almendras-dulces-2","status":"publish","type":"product","link":"https:\/\/sietecolores.co\/?product=aceite-vegetal-de-almendras-dulces-2","title":{"rendered":"ACEITE VEGETAL DE ALMENDRAS DULCES"},"content":{"rendered":"<p>(Prunus dulcis)<\/p>\n<p>Orden: Rosales<br \/>\nFamilia: Ros\u00e1ceas<br \/>\nG\u00e9nero: Prunus<br \/>\nEspecie: P. dulcis<\/p>\n<p>Es un \u00e1rbol que se cultiva desde hace milenios por su aceite y por su semilla comestible. Tiene su origen en Asia Central, pero ya se cultiva en muchas regiones del mundo.<\/p>\n<p>Existe el Prunus dulcis y el Prunus dulcis amara que es el almendro amargo que contiene una sustancia toxica.<\/p>\n<p>No confundirlo con el Falso Almendro, Almendro de los tr\u00f3picos o almendro de la india que es un \u00e1rbol m\u00e1s conocido entre nosotros pero que pertenece a otra familia y su fruto no es la almendra dulce.<\/p>\n<p>El aceite vegetal se obtiene por prensado en frio del fruto (almendra del \u00e1rbol).<\/p>\n<p>El aceite de almendras dulces es un excelente emoliente, suavizante, hidratante, nutritivo y desinflamante ayudando al equilibrio de la piel.<\/p>\n<p>Es un aceite muy penetrante y se absorbe f\u00e1cilmente dejando la piel suave y tersa.<\/p>\n<p>Disminuye manchas y marcas cut\u00e1neas.<\/p>\n<p>Reduce ojeras.<\/p>\n<p>Nutre y protege el cabello.<\/p>\n<p>Es excelente su uso para hidratar las pesta\u00f1as.<\/p>\n<p>Rico en \u00e1cidos grasos linoleico como el omega 3 y 6 y \u00e1cido oleico. Adem\u00e1s, contiene antioxidantes y minerales esenciales<\/p>\n<p>Clasificaci\u00f3n comedog\u00e9nica 2<\/p>\n","protected":false},"excerpt":{"rendered":"<p>Disminuye manchas y marcas cut\u00e1neas, reduce ojeras; y nutre y protege el cabello.<\/p>\n","protected":false},"featured_media":155,"comment_status":"open","ping_status":"closed","template":"","meta":{"_monsterinsights_skip_tracking":false,"_monsterinsights_sitenote_active":false,"_monsterinsights_sitenote_note":"","_monsterinsights_sitenote_category":0,"_joinchat":[]},"product_brand":[],"product_cat":[21],"product_tag":[],"class_list":{"0":"post-578","1":"product","2":"type-product","3":"status-publish","4":"has-post-thumbnail","6":"product_cat-aceites-vegetales","8":"first","9":"onbackorder","10":"shipping-taxable","11":"purchasable","12":"product-type-simple"},"aioseo_notices":[],"_links":{"self":[{"href":"https:\/\/sietecolores.co\/index.php?rest_route=\/wp\/v2\/product\/578","targetHints":{"allow":["GET"]}}],"collection":[{"href":"https:\/\/sietecolores.co\/index.php?rest_route=\/wp\/v2\/product"}],"about":[{"href":"https:\/\/sietecolores.co\/index.php?rest_route=\/wp\/v2\/types\/product"}],"replies":[{"embeddable":true,"href":"https:\/\/sietecolores.co\/index.php?rest_route=%2Fwp%2Fv2%2Fcomments&post=578"}],"wp:featuredmedia":[{"embeddable":true,"href":"https:\/\/sietecolores.co\/index.php?rest_route=\/wp\/v2\/media\/155"}],"wp:attachment":[{"href":"https:\/\/sietecolores.co\/index.php?rest_route=%2Fwp%2Fv2%2Fmedia&parent=578"}],"wp:term":[{"taxonomy":"product_brand","embeddable":true,"href":"https:\/\/sietecolores.co\/index.php?rest_route=%2Fwp%2Fv2%2Fproduct_brand&post=578"},{"taxonomy":"product_cat","embeddable":true,"href":"https:\/\/sietecolores.co\/index.php?rest_route=%2Fwp%2Fv2%2Fproduct_cat&post=578"},{"taxonomy":"product_tag","embeddable":true,"href":"https:\/\/sietecolores.co\/index.php?rest_route=%2Fwp%2Fv2%2Fproduct_tag&post=578"}],"curies":[{"name":"wp","href":"https:\/\/api.w.org\/{rel}","templated":true}]}}