{"id":579,"date":"2023-10-31T22:16:38","date_gmt":"2023-10-31T22:16:38","guid":{"rendered":"https:\/\/sietecolores.co\/?product=aceite-vegetal-de-argan-2"},"modified":"2023-11-25T01:57:57","modified_gmt":"2023-11-25T01:57:57","slug":"aceite-vegetal-de-argan-2","status":"publish","type":"product","link":"https:\/\/sietecolores.co\/?product=aceite-vegetal-de-argan-2","title":{"rendered":"ACEITE VEGETAL DE ARG\u00c1N"},"content":{"rendered":"<p>(Argania spinosa)<\/p>\n<p>Orden: Ericales<br \/>\nFamilia: Sapot\u00e1ceas<br \/>\nG\u00e9nero: Argania<br \/>\nEspecie: A. Espinosa<\/p>\n<p>Contribuye al crecimiento de un cabello sano ya que sus antioxidantes ayudan a estimular las c\u00e9lulas del cuero cabelludo.<\/p>\n<p>Es un \u00e1rbol de 8 a 10 metros que crece en Marruecos. Como dato curioso, cuando escasea el alimento las cabras se suben a sus ramas y se alimentan de \u00e9l.<\/p>\n<p>El aceite de arg\u00e1n puro ha sido utilizado por las mujeres marroqu\u00edes para su cuidado personal desde tiempos inmemoriales.<\/p>\n<p>El aceite vegetal se extrae por prensado en frio de sus semillas maduras.<\/p>\n<p>Es un aceite con un 80 % de \u00e1cidos grasos esenciales: \u00e1cido linoleico, \u00e1cido alfa linoleico, \u00e1cido oleico, \u00e1cido araquid\u00f3nico, vitamina A, tiene tambi\u00e9n alto contenido de vitamina E, casi tres veces m\u00e1s que el aceite de oliva<\/p>\n<p>Es un aceite muy apreciado para la piel y el cabello por su efecto anti edad, ya que contiene numerosos antioxidantes; adem\u00e1s de su efecto fungicida y antis\u00e9ptico.<\/p>\n<p>El aceite de arg\u00e1n contribuye al crecimiento de un cabello sano ya que sus antioxidantes ayudan a estimular las c\u00e9lulas del cuero cabelludo.<\/p>\n<p>Clasificaci\u00f3n comedog\u00e9nica 2<\/p>\n","protected":false},"excerpt":{"rendered":"<p>Contribuye al crecimiento de un cabello sano ya que sus antioxidantes ayudan a estimular las c\u00e9lulas del cuero cabelludo<\/p>\n","protected":false},"featured_media":156,"comment_status":"open","ping_status":"closed","template":"","meta":{"_monsterinsights_skip_tracking":false,"_monsterinsights_sitenote_active":false,"_monsterinsights_sitenote_note":"","_monsterinsights_sitenote_category":0,"_joinchat":[]},"product_brand":[],"product_cat":[21],"product_tag":[],"class_list":{"0":"post-579","1":"product","2":"type-product","3":"status-publish","4":"has-post-thumbnail","6":"product_cat-aceites-vegetales","8":"first","9":"onbackorder","10":"shipping-taxable","11":"purchasable","12":"product-type-simple"},"aioseo_notices":[],"_links":{"self":[{"href":"https:\/\/sietecolores.co\/index.php?rest_route=\/wp\/v2\/product\/579","targetHints":{"allow":["GET"]}}],"collection":[{"href":"https:\/\/sietecolores.co\/index.php?rest_route=\/wp\/v2\/product"}],"about":[{"href":"https:\/\/sietecolores.co\/index.php?rest_route=\/wp\/v2\/types\/product"}],"replies":[{"embeddable":true,"href":"https:\/\/sietecolores.co\/index.php?rest_route=%2Fwp%2Fv2%2Fcomments&post=579"}],"wp:featuredmedia":[{"embeddable":true,"href":"https:\/\/sietecolores.co\/index.php?rest_route=\/wp\/v2\/media\/156"}],"wp:attachment":[{"href":"https:\/\/sietecolores.co\/index.php?rest_route=%2Fwp%2Fv2%2Fmedia&parent=579"}],"wp:term":[{"taxonomy":"product_brand","embeddable":true,"href":"https:\/\/sietecolores.co\/index.php?rest_route=%2Fwp%2Fv2%2Fproduct_brand&post=579"},{"taxonomy":"product_cat","embeddable":true,"href":"https:\/\/sietecolores.co\/index.php?rest_route=%2Fwp%2Fv2%2Fproduct_cat&post=579"},{"taxonomy":"product_tag","embeddable":true,"href":"https:\/\/sietecolores.co\/index.php?rest_route=%2Fwp%2Fv2%2Fproduct_tag&post=579"}],"curies":[{"name":"wp","href":"https:\/\/api.w.org\/{rel}","templated":true}]}}