{"id":580,"date":"2023-10-31T22:16:38","date_gmt":"2023-10-31T22:16:38","guid":{"rendered":"https:\/\/sietecolores.co\/?product=aceite-vegetal-de-calendula-2"},"modified":"2023-11-25T01:58:20","modified_gmt":"2023-11-25T01:58:20","slug":"aceite-vegetal-de-calendula-2","status":"publish","type":"product","link":"https:\/\/sietecolores.co\/?product=aceite-vegetal-de-calendula-2","title":{"rendered":"ACEITE VEGETAL DE CAL\u00c9NDULA"},"content":{"rendered":"<p>(Cal\u00e9ndula Officinalis)<\/p>\n<p>Orden: Asterales<br \/>\nFamilia: Aster\u00e1ceas<br \/>\nG\u00e9nero: Cal\u00e9ndula<br \/>\nEspecie: C. Officinalis<\/p>\n<p>Contribuye a la cicatrizaci\u00f3n de heridas y alivia las picaduras de insectos.<\/p>\n<p>Planta herb\u00e1cea y arom\u00e1tica que posee unas flores naranjas o amarillas; que crece en clima templado.<\/p>\n<p>Cal\u00e9ndula significa peque\u00f1o calendario ya que florece los primeros d\u00edas del mes marcando siempre el comienzo de un nuevo periodo. Usada hace miles de a\u00f1os, se cree que es originaria de Asia; fue usada por los egipcios por sus propiedades rejuvenecedoras.<\/p>\n<p>El aceite vegetal de cal\u00e9ndula es un excelente calmante para pieles muy sensibles, irritadas, agrietadas o en mal estado, reforzando las defensas naturales de la piel y favoreciendo su tonificaci\u00f3n.<\/p>\n<p>Tiene propiedades antinflamatorias, antis\u00e9pticas y antibacterianas. Al ser antinflamatorio ayuda a que los m\u00fasculos, esguinces y contusiones se recuperen con mayor rapidez y tambi\u00e9n ayuda con las ara\u00f1as vasculares y las venas varicosas.<\/p>\n<p>Excelente para tratar la dermatitis provocada por la pa\u00f1alitis.<\/p>\n<p>Contribuye a la cicatrizaci\u00f3n de heridas y alivia las picaduras de insectos.<\/p>\n","protected":false},"excerpt":{"rendered":"<p>Contribuye a la cicatrizaci\u00f3n de heridas y alivia las picaduras de insectos<\/p>\n","protected":false},"featured_media":158,"comment_status":"open","ping_status":"closed","template":"","meta":{"_monsterinsights_skip_tracking":false,"_monsterinsights_sitenote_active":false,"_monsterinsights_sitenote_note":"","_monsterinsights_sitenote_category":0,"_joinchat":[]},"product_brand":[],"product_cat":[21],"product_tag":[],"class_list":{"0":"post-580","1":"product","2":"type-product","3":"status-publish","4":"has-post-thumbnail","6":"product_cat-aceites-vegetales","8":"first","9":"onbackorder","10":"shipping-taxable","11":"purchasable","12":"product-type-simple"},"aioseo_notices":[],"_links":{"self":[{"href":"https:\/\/sietecolores.co\/index.php?rest_route=\/wp\/v2\/product\/580","targetHints":{"allow":["GET"]}}],"collection":[{"href":"https:\/\/sietecolores.co\/index.php?rest_route=\/wp\/v2\/product"}],"about":[{"href":"https:\/\/sietecolores.co\/index.php?rest_route=\/wp\/v2\/types\/product"}],"replies":[{"embeddable":true,"href":"https:\/\/sietecolores.co\/index.php?rest_route=%2Fwp%2Fv2%2Fcomments&post=580"}],"wp:featuredmedia":[{"embeddable":true,"href":"https:\/\/sietecolores.co\/index.php?rest_route=\/wp\/v2\/media\/158"}],"wp:attachment":[{"href":"https:\/\/sietecolores.co\/index.php?rest_route=%2Fwp%2Fv2%2Fmedia&parent=580"}],"wp:term":[{"taxonomy":"product_brand","embeddable":true,"href":"https:\/\/sietecolores.co\/index.php?rest_route=%2Fwp%2Fv2%2Fproduct_brand&post=580"},{"taxonomy":"product_cat","embeddable":true,"href":"https:\/\/sietecolores.co\/index.php?rest_route=%2Fwp%2Fv2%2Fproduct_cat&post=580"},{"taxonomy":"product_tag","embeddable":true,"href":"https:\/\/sietecolores.co\/index.php?rest_route=%2Fwp%2Fv2%2Fproduct_tag&post=580"}],"curies":[{"name":"wp","href":"https:\/\/api.w.org\/{rel}","templated":true}]}}