{"id":582,"date":"2023-10-31T22:16:39","date_gmt":"2023-10-31T22:16:39","guid":{"rendered":"https:\/\/sietecolores.co\/?product=aceite-vegetal-de-jojoba-2"},"modified":"2023-11-25T01:59:00","modified_gmt":"2023-11-25T01:59:00","slug":"aceite-vegetal-de-jojoba-2","status":"publish","type":"product","link":"https:\/\/sietecolores.co\/?product=aceite-vegetal-de-jojoba-2","title":{"rendered":"ACEITE VEGETAL DE JOJOBA"},"content":{"rendered":"<p>(Simmondsia chinensis)<\/p>\n<p>Orden: Caryophyllales<br \/>\nFamilia: Simmondsia Ceas<br \/>\nG\u00e9nero: Simmondsia<br \/>\nEspecie: S. chinensis<\/p>\n<p>&#8211; Revitaliza la piel seca, dando elasticidad y flexibilidad porque activa el metabolismo de la elastina.<\/p>\n<p>&#8211; Es una planta arbustiva originaria del desierto de Sonora y Mojave en Estados Unidos y M\u00e9xico.<\/p>\n<p>&#8211; Se extrae por prensado en fri\u00f3 de las semillas secas (frutos secos).<\/p>\n<p>&#8211; El aceite vegetal de Jojoba es en realidad una cera liquida y no un aceite; muy similar a la grasa de la piel.<\/p>\n<p>&#8211; Es usado en cosm\u00e9tica, y en general en la industria; puede reemplazar en un 80 % los aceites derivados del petr\u00f3leo.<\/p>\n<p>&#8211; Equilibra la acidez en la piel controlando del aspecto de la piel grasa y mixta y regulando la secreci\u00f3n seb\u00e1cea.<\/p>\n<p>&#8211; Revitaliza la piel seca, dando elasticidad y flexibilidad porque activa el metabolismo de la elastina.<\/p>\n<p>&#8211; El aceite de Jojoba contiene \u00e1cido miristico que es un potente antiinflamatorio y excelente en pieles envejecidas.<\/p>\n<p>&#8211; En su composici\u00f3n hay un 96 % de caramidas lo que lo hace supremamente estable al calor y a la oxidaci\u00f3n conserv\u00e1ndose perfectamente con el paso del tiempo y manteniendo integras sus propiedades.<\/p>\n<p>&#8211; Tambi\u00e9n tiene un alto contenido de vitamina E lo cual elimina los radicales libres que son responsables del envejecimiento prematuro.<\/p>\n<p>&#8211; Puede ser usado en piel y en cuero cabelludo.<\/p>\n<p>Clasificaci\u00f3n comedog\u00e9nica 2<\/p>\n","protected":false},"excerpt":{"rendered":"<p>Revitaliza la piel seca, dando elasticidad y flexibilidad porque activa el metabolismo de la elastina<\/p>\n","protected":false},"featured_media":227,"comment_status":"open","ping_status":"closed","template":"","meta":{"_monsterinsights_skip_tracking":false,"_monsterinsights_sitenote_active":false,"_monsterinsights_sitenote_note":"","_monsterinsights_sitenote_category":0,"_joinchat":[]},"product_brand":[],"product_cat":[21],"product_tag":[],"class_list":{"0":"post-582","1":"product","2":"type-product","3":"status-publish","4":"has-post-thumbnail","6":"product_cat-aceites-vegetales","8":"first","9":"onbackorder","10":"shipping-taxable","11":"purchasable","12":"product-type-simple"},"aioseo_notices":[],"_links":{"self":[{"href":"https:\/\/sietecolores.co\/index.php?rest_route=\/wp\/v2\/product\/582","targetHints":{"allow":["GET"]}}],"collection":[{"href":"https:\/\/sietecolores.co\/index.php?rest_route=\/wp\/v2\/product"}],"about":[{"href":"https:\/\/sietecolores.co\/index.php?rest_route=\/wp\/v2\/types\/product"}],"replies":[{"embeddable":true,"href":"https:\/\/sietecolores.co\/index.php?rest_route=%2Fwp%2Fv2%2Fcomments&post=582"}],"wp:featuredmedia":[{"embeddable":true,"href":"https:\/\/sietecolores.co\/index.php?rest_route=\/wp\/v2\/media\/227"}],"wp:attachment":[{"href":"https:\/\/sietecolores.co\/index.php?rest_route=%2Fwp%2Fv2%2Fmedia&parent=582"}],"wp:term":[{"taxonomy":"product_brand","embeddable":true,"href":"https:\/\/sietecolores.co\/index.php?rest_route=%2Fwp%2Fv2%2Fproduct_brand&post=582"},{"taxonomy":"product_cat","embeddable":true,"href":"https:\/\/sietecolores.co\/index.php?rest_route=%2Fwp%2Fv2%2Fproduct_cat&post=582"},{"taxonomy":"product_tag","embeddable":true,"href":"https:\/\/sietecolores.co\/index.php?rest_route=%2Fwp%2Fv2%2Fproduct_tag&post=582"}],"curies":[{"name":"wp","href":"https:\/\/api.w.org\/{rel}","templated":true}]}}