{"id":584,"date":"2023-10-31T22:16:39","date_gmt":"2023-10-31T22:16:39","guid":{"rendered":"https:\/\/sietecolores.co\/?product=aceite-vegetal-de-ricino-2"},"modified":"2023-11-25T01:57:25","modified_gmt":"2023-11-25T01:57:25","slug":"aceite-vegetal-de-ricino-2","status":"publish","type":"product","link":"https:\/\/sietecolores.co\/?product=aceite-vegetal-de-ricino-2","title":{"rendered":"ACEITE VEGETAL DE RICINO"},"content":{"rendered":"<p>(Ricinus communis)<\/p>\n<p>Orden: Malpighiales<br \/>\nFamilia: Euphorbiaceas<br \/>\nG\u00e9nero: Ricinus<br \/>\nEspecie: R. communis<\/p>\n<p>&#8211; Es un antibacteriano y antiinflamatorio natural que lo hace ideal para curar infecciones de la piel y para tratar infecciones t\u00f3picas por hongos y quemaduras solares.<\/p>\n<p>&#8211; Es una planta llamada tambi\u00e9n higuerilla, castor o ricino. Es una planta arbustiva que tiene gran capacidad para invadir territorios. Es originaria de \u00c1frica tropical pero ya extendida por el mundo, ha sido utilizado por siglos por muchas culturas. La planta produce una gran cantidad de semillas que contienen una toxina llamada ricina.<\/p>\n<p>&#8211; El aceite vegetal de higuerilla es obtenido por prensado de las semillas y calentado para destruir la ricina.<\/p>\n<p>&#8211; Su aceite vegetal contiene \u00e1cidos grasos principalmente el Rinoleico, omega 9, gran cantidad de vitamina E y minerales.<\/p>\n<p>&#8211; Ayuda a combatir y mejorar la apariencia del acn\u00e9, las estr\u00edas, las cicatrices, las manchas de la piel y las arrugas, a la vez que es bueno para tratar las quemaduras solares y las infecciones.<\/p>\n<p>&#8211; El aceite de Ricino sirve para tratar afecciones de la piel como la dermatitis y la psoriasis y el acn\u00e9 por su gran poder antinflamatorio y antibacteriano.<\/p>\n<p>&#8211; El aceite de ricino puede aumentar el recuento de un tipo de gl\u00f3bulo blanco en el cuerpo que puede ayudar a matar bacterias, virus, hongos e incluso c\u00e9lulas cancerosas.<\/p>\n<p>&#8211; El aceite de ricino es un antibacteriano y antiinflamatorio natural que lo hace ideal para curar infecciones de la piel y para tratar infecciones t\u00f3picas por hongos y quemaduras solares.<\/p>\n<p>&#8211; Estimula el crecimiento del cabello, pesta\u00f1as y cejas, el aceite estimula la circulaci\u00f3n sangu\u00ednea hacia los fol\u00edculos capilares.<\/p>\n<p>&#8211; Contribuye a cerrar las puntas abiertas del cabello, mejoramdo el cabello seco y da\u00f1ado.<\/p>\n<p>Clasificaci\u00f3n comedog\u00e9nica 1<\/p>\n","protected":false},"excerpt":{"rendered":"<p>Es un antibacteriano y antiinflamatorio natural que lo hace ideal para curar infecciones de la piel y para tratar infecciones t\u00f3picas por hongos y quemaduras solares.<\/p>\n","protected":false},"featured_media":161,"comment_status":"open","ping_status":"closed","template":"","meta":{"_monsterinsights_skip_tracking":false,"_monsterinsights_sitenote_active":false,"_monsterinsights_sitenote_note":"","_monsterinsights_sitenote_category":0,"_joinchat":[]},"product_brand":[],"product_cat":[21],"product_tag":[],"class_list":{"0":"post-584","1":"product","2":"type-product","3":"status-publish","4":"has-post-thumbnail","6":"product_cat-aceites-vegetales","8":"first","9":"onbackorder","10":"shipping-taxable","11":"purchasable","12":"product-type-simple"},"aioseo_notices":[],"_links":{"self":[{"href":"https:\/\/sietecolores.co\/index.php?rest_route=\/wp\/v2\/product\/584","targetHints":{"allow":["GET"]}}],"collection":[{"href":"https:\/\/sietecolores.co\/index.php?rest_route=\/wp\/v2\/product"}],"about":[{"href":"https:\/\/sietecolores.co\/index.php?rest_route=\/wp\/v2\/types\/product"}],"replies":[{"embeddable":true,"href":"https:\/\/sietecolores.co\/index.php?rest_route=%2Fwp%2Fv2%2Fcomments&post=584"}],"wp:featuredmedia":[{"embeddable":true,"href":"https:\/\/sietecolores.co\/index.php?rest_route=\/wp\/v2\/media\/161"}],"wp:attachment":[{"href":"https:\/\/sietecolores.co\/index.php?rest_route=%2Fwp%2Fv2%2Fmedia&parent=584"}],"wp:term":[{"taxonomy":"product_brand","embeddable":true,"href":"https:\/\/sietecolores.co\/index.php?rest_route=%2Fwp%2Fv2%2Fproduct_brand&post=584"},{"taxonomy":"product_cat","embeddable":true,"href":"https:\/\/sietecolores.co\/index.php?rest_route=%2Fwp%2Fv2%2Fproduct_cat&post=584"},{"taxonomy":"product_tag","embeddable":true,"href":"https:\/\/sietecolores.co\/index.php?rest_route=%2Fwp%2Fv2%2Fproduct_tag&post=584"}],"curies":[{"name":"wp","href":"https:\/\/api.w.org\/{rel}","templated":true}]}}