{"id":585,"date":"2023-10-31T22:16:39","date_gmt":"2023-10-31T22:16:39","guid":{"rendered":"https:\/\/sietecolores.co\/?product=aceite-vegetal-de-rosa-mosqueta-2"},"modified":"2024-09-16T19:55:25","modified_gmt":"2024-09-16T19:55:25","slug":"aceite-vegetal-de-rosa-mosqueta-2","status":"publish","type":"product","link":"https:\/\/sietecolores.co\/?product=aceite-vegetal-de-rosa-mosqueta-2","title":{"rendered":"ACEITE VEGETAL DE ROSA MOSQUETA"},"content":{"rendered":"<p>(Rosa eglanteria o rubiginosa)<\/p>\n<p>Orden: Rosales<br \/>\nFamilia: Ros\u00e1ceas<br \/>\nG\u00e9nero: Rosa<br \/>\nEspecie: R. Eglanteria<\/p>\n<p>&#8211; Mejora la apariencia de las pieles con hiperpigmentaci\u00f3n, estr\u00edas y ros\u00e1cea. Disminuye las l\u00edneas de expresi\u00f3n y las manchas causadas por quemaduras y cicatrices.<\/p>\n<p>&#8211; La Rosa Eglanteria o rubiginosa es un arbusto silvestre de la familia de las ros\u00e1ceas. Es una planta originaria de Europa de mucha tradici\u00f3n en Reino Unido, pero ya crece en la cordillera de los Andes. Su fruto es conocido como escaramujo y de sus semillas se extrae el aceite vegetal de rosa mosqueta por prensado en frio. No obstante, puede ser utilizado en pieles mixtas, secas y envejecidas.<\/p>\n<p>&#8211; Ayuda a mejorar la apariencia de las pieles con hiperpigmentaci\u00f3n, estr\u00edas y ros\u00e1cea, y disminuye las l\u00edneas de expresi\u00f3n y las manchas causadas por quemaduras y cicatrices.<\/p>\n<p>&#8211; El aceite de Rosa Mosqueta es rico en vitaminas A y C, y tiene un alto contenido de antioxidantes naturales como el retinol que mejoran, revitalizan y tonifican la piel.<\/p>\n<p>&#8211; Tiene gran poder de cicatrizaci\u00f3n en suturas postoperatorias o en quemaduras ya que tiene una gran capacidad regenerante no solo por la activaci\u00f3n de fibroblastos que sintetizan elastina y col\u00e1geno sino tambi\u00e9n por su capacidad astringente uniendo los bordes del tejido y facilitando la cicatrizaci\u00f3n natural.<\/p>\n<p>&#8211; Redistribuye la pigmentaci\u00f3n siendo muy \u00fatil en el control de manchas.<\/p>\n<p>&#8211; Previene y corrige el foto envejecimiento y los problemas cut\u00e1neos provocados por la sobreexposici\u00f3n a los rayos solares, mediante la autogeneraci\u00f3n de melanina, siendo as\u00ed \u00fatil tambi\u00e9n en la prevenci\u00f3n de afecciones d\u00e9rmicas relacionados con desequilibrios de la melanina.<\/p>\n<p>&#8211; Es absorbido r\u00e1pidamente por la piel por lo cual no deja residuos aceitosos.<\/p>\n<p>Clasificaci\u00f3n comedog\u00e9nica de 1<\/p>\n","protected":false},"excerpt":{"rendered":"<p>Mejora la apariencia de las pieles con hiperpigmentaci\u00f3n, estr\u00edas y ros\u00e1cea. Disminuye las l\u00edneas de expresi\u00f3n y las manchas causadas por quemaduras y cicatrices.<\/p>\n","protected":false},"featured_media":162,"comment_status":"open","ping_status":"closed","template":"","meta":{"_monsterinsights_skip_tracking":false,"_monsterinsights_sitenote_active":false,"_monsterinsights_sitenote_note":"","_monsterinsights_sitenote_category":0,"_joinchat":[]},"product_brand":[],"product_cat":[21],"product_tag":[],"class_list":{"0":"post-585","1":"product","2":"type-product","3":"status-publish","4":"has-post-thumbnail","6":"product_cat-aceites-vegetales","8":"first","9":"instock","10":"shipping-taxable","11":"purchasable","12":"product-type-simple"},"aioseo_notices":[],"_links":{"self":[{"href":"https:\/\/sietecolores.co\/index.php?rest_route=\/wp\/v2\/product\/585","targetHints":{"allow":["GET"]}}],"collection":[{"href":"https:\/\/sietecolores.co\/index.php?rest_route=\/wp\/v2\/product"}],"about":[{"href":"https:\/\/sietecolores.co\/index.php?rest_route=\/wp\/v2\/types\/product"}],"replies":[{"embeddable":true,"href":"https:\/\/sietecolores.co\/index.php?rest_route=%2Fwp%2Fv2%2Fcomments&post=585"}],"wp:featuredmedia":[{"embeddable":true,"href":"https:\/\/sietecolores.co\/index.php?rest_route=\/wp\/v2\/media\/162"}],"wp:attachment":[{"href":"https:\/\/sietecolores.co\/index.php?rest_route=%2Fwp%2Fv2%2Fmedia&parent=585"}],"wp:term":[{"taxonomy":"product_brand","embeddable":true,"href":"https:\/\/sietecolores.co\/index.php?rest_route=%2Fwp%2Fv2%2Fproduct_brand&post=585"},{"taxonomy":"product_cat","embeddable":true,"href":"https:\/\/sietecolores.co\/index.php?rest_route=%2Fwp%2Fv2%2Fproduct_cat&post=585"},{"taxonomy":"product_tag","embeddable":true,"href":"https:\/\/sietecolores.co\/index.php?rest_route=%2Fwp%2Fv2%2Fproduct_tag&post=585"}],"curies":[{"name":"wp","href":"https:\/\/api.w.org\/{rel}","templated":true}]}}