{"id":587,"date":"2023-10-31T22:16:40","date_gmt":"2023-10-31T22:16:40","guid":{"rendered":"https:\/\/sietecolores.co\/?product=arbol-de-te-2"},"modified":"2023-11-25T01:56:49","modified_gmt":"2023-11-25T01:56:49","slug":"arbol-de-te-2","status":"publish","type":"product","link":"https:\/\/sietecolores.co\/?product=arbol-de-te-2","title":{"rendered":"\u00c1rbol de t\u00e9"},"content":{"rendered":"<p>PROTEGE NUESTRO CAMPO ENERG\u00c9TICO<\/p>\n<p>&#8211; Originario de Australia, usado desde siempre por abor\u00edgenes australianos que lo consideraban bueno para todo; hoy en d\u00eda se ha extendido su siembra en todo el planeta.<\/p>\n<p>&#8211; El Aceite esencial se obtiene por destilaci\u00f3n al vapor de hojas y ramas frescas.<\/p>\n<p>&#8211; Su aceite esencial tambi\u00e9n es llamado Aceite de Malaleuca. Es un aceite considerado todo terreno ya que es la panacea de lo natural.<\/p>\n<p>&#8211; Su olor es c\u00e1lido, especiado, amaderado, alcanforado, fresco y penetrante<\/p>\n<p>PROPIEDADES TERAP\u00c9UTICAS F\u00cdSICAS<\/p>\n<p>&#8211; Antis\u00e9ptico: act\u00faa sobre bacterias, hongos y virus<br \/>\n&#8211; Desodorante<br \/>\n&#8211; Potente antimicrobiano :Como antimicrobiano es utilizado en tratamiento de acn\u00e9, pie de atleta, piojos, caspa, verrugas, hongos de u\u00f1as, herpes labial y picaduras de insectos.<br \/>\n&#8211; Cicatrizante para la piel mejorando su textura y suavizando la piel<br \/>\n&#8211; Usado en quemaduras por su poder cicatrizante<br \/>\n&#8211; Descongestiona v\u00edas respiratorias adem\u00e1s de combatir gripas y dolores de garganta por ser un potente antimicrobiano.<br \/>\n&#8211; Expectorante<br \/>\n&#8211; Antibi\u00f3tico<br \/>\n&#8211; Anti f\u00fangico demostrado como tratamiento de la C\u00e1ndida.<br \/>\n&#8211; Para el cabello regula la producci\u00f3n de sebo<\/p>\n<p>PROPIEDADES TERAP\u00c9UTICAS ENERG\u00c9TICAS<br \/>\n&#8211; Propiedades purificadoras<br \/>\n&#8211; Limpia nuestra aura<br \/>\n&#8211; Activa nuestras defensas espirituales<br \/>\n&#8211; Armoniza cuerpo y mente<br \/>\n&#8211; Renueva niveles de energ\u00eda<br \/>\n&#8211; Alivia cargas energ\u00e9ticas producidas por el estr\u00e9s<\/p>\n","protected":false},"excerpt":{"rendered":"<p>PROTEGE NUESTRO CAMPO ENERG\u00c9TICO. Descongestiona v\u00edas respiratorias adem\u00e1s de combatir gripas y dolores de garganta por ser un potente antimicrobiano y antis\u00e9ptico.<\/p>\n","protected":false},"featured_media":136,"comment_status":"open","ping_status":"closed","template":"","meta":{"_monsterinsights_skip_tracking":false,"_monsterinsights_sitenote_active":false,"_monsterinsights_sitenote_note":"","_monsterinsights_sitenote_category":0,"_joinchat":[]},"product_brand":[],"product_cat":[27],"product_tag":[],"class_list":{"0":"post-587","1":"product","2":"type-product","3":"status-publish","4":"has-post-thumbnail","6":"product_cat-aceites-esenciales","8":"first","9":"onbackorder","10":"shipping-taxable","11":"purchasable","12":"product-type-simple"},"aioseo_notices":[],"_links":{"self":[{"href":"https:\/\/sietecolores.co\/index.php?rest_route=\/wp\/v2\/product\/587","targetHints":{"allow":["GET"]}}],"collection":[{"href":"https:\/\/sietecolores.co\/index.php?rest_route=\/wp\/v2\/product"}],"about":[{"href":"https:\/\/sietecolores.co\/index.php?rest_route=\/wp\/v2\/types\/product"}],"replies":[{"embeddable":true,"href":"https:\/\/sietecolores.co\/index.php?rest_route=%2Fwp%2Fv2%2Fcomments&post=587"}],"wp:featuredmedia":[{"embeddable":true,"href":"https:\/\/sietecolores.co\/index.php?rest_route=\/wp\/v2\/media\/136"}],"wp:attachment":[{"href":"https:\/\/sietecolores.co\/index.php?rest_route=%2Fwp%2Fv2%2Fmedia&parent=587"}],"wp:term":[{"taxonomy":"product_brand","embeddable":true,"href":"https:\/\/sietecolores.co\/index.php?rest_route=%2Fwp%2Fv2%2Fproduct_brand&post=587"},{"taxonomy":"product_cat","embeddable":true,"href":"https:\/\/sietecolores.co\/index.php?rest_route=%2Fwp%2Fv2%2Fproduct_cat&post=587"},{"taxonomy":"product_tag","embeddable":true,"href":"https:\/\/sietecolores.co\/index.php?rest_route=%2Fwp%2Fv2%2Fproduct_tag&post=587"}],"curies":[{"name":"wp","href":"https:\/\/api.w.org\/{rel}","templated":true}]}}