{"id":589,"date":"2023-10-31T22:16:41","date_gmt":"2023-10-31T22:16:41","guid":{"rendered":"https:\/\/sietecolores.co\/?product=cedro-del-atlas-2"},"modified":"2023-11-25T01:56:14","modified_gmt":"2023-11-25T01:56:14","slug":"cedro-del-atlas-2","status":"publish","type":"product","link":"https:\/\/sietecolores.co\/?product=cedro-del-atlas-2","title":{"rendered":"Cedro del Atlas"},"content":{"rendered":"<p>CONFIANZA Y ENRAIZAMIENTO<\/p>\n<p>&#8211; El Cedro del Atlas crece en Oriente Medio, Himalaya y Norte de \u00c1frica. Ya hoy se desarrolla en climas c\u00e1lidos h\u00famedos en donde exista una estaci\u00f3n seca bien definida Es un \u00e1rbol grande y ancho que puede alcanzar 50 metros de altura y puede llegar a durar 2000 a\u00f1os.<\/p>\n<p>&#8211; El aceite esencial de Cedro se extrae por destilaci\u00f3n a vapor de su madera; es un aceite con un olor caliente, amaderado, dulce y bals\u00e1mico<\/p>\n<p>PROPIEDADES TERAP\u00c9UTICAS F\u00cdSICAS<\/p>\n<p>&#8211; Antis\u00e9ptico, anti f\u00fangico y antibacteriano<br \/>\n&#8211; Desodorante natural<br \/>\n&#8211; Combate la celulitis porque promueve la circulaci\u00f3n y es lipolitico<br \/>\n&#8211; Drenador y diur\u00e9tico; desintoxica<br \/>\n&#8211; Promueve la circulaci\u00f3n; controla venas varices<br \/>\n&#8211; Promueve el buen funcionamiento del sistema respiratorio: resfriados, asmas, bronquitis, alergias respiratorias y expectorante.<br \/>\n&#8211; Promueve y estimula el crecimiento del cabello y evita su ca\u00edda, ya que estimula la circulaci\u00f3n sangu\u00ednea del cuero cabelludo; t\u00f3nico capilar; antiseborreico.<br \/>\n&#8211; Antinflamatorio<br \/>\n&#8211; Repelente contra insectos<br \/>\n&#8211; Aumenta la melatonina induciendo el sue\u00f1o<br \/>\n&#8211; Alivia el acn\u00e9<br \/>\n&#8211; Cicatrizante de la piel; regenerador cut\u00e1neo<\/p>\n<p>PROPIEDADES TERAP\u00c9UTICAS ENERG\u00c9TICAS:<\/p>\n<p>&#8211; Conecta la energ\u00eda de la tierra con la del cielo.<br \/>\n&#8211; Es un \u00e1rbol alto y solido s\u00edmbolo de resistencia, equilibrio, protecci\u00f3n y seguridad a nivel emocional.<br \/>\n&#8211; Nos centra y endereza an\u00edmicamente recuperando la serenidad y la confianza<br \/>\n&#8211; Ayuda a fijar objetivos y alcanzarlos con valent\u00eda, nos hace fuertes ante una crisis o desestabilizaci\u00f3n.<br \/>\n&#8211; Nos hace sentir enraizados y con los pies en la tierra<br \/>\n&#8211; Por su poder reconfortante aumenta la confianza en uno mismo y da coraje frente a situaciones dif\u00edciles trayendo tranquilidad.<br \/>\n&#8211; Es \u00fatil para acompa\u00f1ar procesos de adicci\u00f3n (alcoholismo \u2013 drogadicci\u00f3n)<br \/>\n&#8211; Ayuda a liberarnos de preocupaciones, ansiedades y miedos<br \/>\n&#8211; Nos ayuda a meditar mejorando nuestra conexi\u00f3n interior; aquieta la mente.<br \/>\n&#8211; Es un aceite de centramiento; mejora la concentraci\u00f3n y el aprendizaje<br \/>\n&#8211; Armoniza la energ\u00eda en grupos<br \/>\n&#8211; Limpia y purifica el ambiente de negatividad<\/p>\n","protected":false},"excerpt":{"rendered":"<p>CONFIANZA Y ENRAIZAMIENTO. Antis\u00e9ptico, antif\u00fangico y antibacteriano. Desodorante natural. Combate la celulitis porque promueve la circulaci\u00f3n.<\/p>\n","protected":false},"featured_media":138,"comment_status":"open","ping_status":"closed","template":"","meta":{"_monsterinsights_skip_tracking":false,"_monsterinsights_sitenote_active":false,"_monsterinsights_sitenote_note":"","_monsterinsights_sitenote_category":0,"_joinchat":[]},"product_brand":[],"product_cat":[27],"product_tag":[],"class_list":{"0":"post-589","1":"product","2":"type-product","3":"status-publish","4":"has-post-thumbnail","6":"product_cat-aceites-esenciales","8":"first","9":"onbackorder","10":"shipping-taxable","11":"purchasable","12":"product-type-simple"},"aioseo_notices":[],"_links":{"self":[{"href":"https:\/\/sietecolores.co\/index.php?rest_route=\/wp\/v2\/product\/589","targetHints":{"allow":["GET"]}}],"collection":[{"href":"https:\/\/sietecolores.co\/index.php?rest_route=\/wp\/v2\/product"}],"about":[{"href":"https:\/\/sietecolores.co\/index.php?rest_route=\/wp\/v2\/types\/product"}],"replies":[{"embeddable":true,"href":"https:\/\/sietecolores.co\/index.php?rest_route=%2Fwp%2Fv2%2Fcomments&post=589"}],"wp:featuredmedia":[{"embeddable":true,"href":"https:\/\/sietecolores.co\/index.php?rest_route=\/wp\/v2\/media\/138"}],"wp:attachment":[{"href":"https:\/\/sietecolores.co\/index.php?rest_route=%2Fwp%2Fv2%2Fmedia&parent=589"}],"wp:term":[{"taxonomy":"product_brand","embeddable":true,"href":"https:\/\/sietecolores.co\/index.php?rest_route=%2Fwp%2Fv2%2Fproduct_brand&post=589"},{"taxonomy":"product_cat","embeddable":true,"href":"https:\/\/sietecolores.co\/index.php?rest_route=%2Fwp%2Fv2%2Fproduct_cat&post=589"},{"taxonomy":"product_tag","embeddable":true,"href":"https:\/\/sietecolores.co\/index.php?rest_route=%2Fwp%2Fv2%2Fproduct_tag&post=589"}],"curies":[{"name":"wp","href":"https:\/\/api.w.org\/{rel}","templated":true}]}}