{"id":592,"date":"2023-10-31T22:16:41","date_gmt":"2023-10-31T22:16:41","guid":{"rendered":"https:\/\/sietecolores.co\/?product=clavo-2"},"modified":"2023-11-25T01:56:04","modified_gmt":"2023-11-25T01:56:04","slug":"clavo-2","status":"publish","type":"product","link":"https:\/\/sietecolores.co\/?product=clavo-2","title":{"rendered":"Clavo"},"content":{"rendered":"<p>EMPODERAMIENTO Y DESAPEGO<\/p>\n<p>&#8211; El \u00e1rbol de clavo o clavero nativo de Indonesia y Madagascar. Sus botones, flores que a\u00fan no se han abierto cuando secan se denominan clavos de olor o girofl\u00e9s y se usan como especia y para extraer aceite esencial.<\/p>\n<p>&#8211; Para su aceite esencial se destilan por arrastre a vapor el capullo de la flor y el tallo.<\/p>\n<p>&#8211; Su aceite esencial tiene un aroma especiado y c\u00e1lido.<\/p>\n<p>PROPIEDADES TERAP\u00c9UTICAS F\u00cdSICAS<\/p>\n<p>&#8211; Analg\u00e9sico de uso dental por el alto contenido de eugenol; actuando como anest\u00e9sico local.<br \/>\n&#8211; Combate halitosis: refrescante del aliento<br \/>\n&#8211; Antimicrobiano<br \/>\n&#8211; Expectorante<br \/>\n&#8211; Antiemetico controla nausea y v\u00f3mitos<br \/>\n&#8211; Analg\u00e9sico en dolores musculares y osteoartritis<br \/>\n&#8211; Migra\u00f1as<br \/>\n&#8211; Estimulante general para el cuerpo f\u00edsico<br \/>\n&#8211; Repelente de insectos<br \/>\n&#8211; Antimic\u00f3tico<br \/>\n&#8211; Antiparasitario<br \/>\n&#8211; Apoya en adicciones al cigarrillo<br \/>\n&#8211; Hepatoprotector<br \/>\n&#8211; Poderosos antioxidante<\/p>\n<p>PROPIEDADES TERAP\u00c9UTICAS ENERG\u00c9TICAS<\/p>\n<p>&#8211; Incrementa la memoria y la concentraci\u00f3n<br \/>\n&#8211; Es ideal en el apoyo con adicciones<br \/>\n&#8211; Apoya las codependencias en las relaciones, los objetos, los medicamentos; todo a lo que se le haya dado valor externamente.<br \/>\n&#8211; Nos fortalece frente al temor al rechazo<br \/>\n&#8211; Controla la mentalidad de impotencia, de no poder.<br \/>\n&#8211; Es un aceite que enfrenta a la falta de l\u00edmites y nos muestra el camino a la limitaci\u00f3n sin esclavitud, en la dosis perfecta sin agredir al otro.<br \/>\n&#8211; Estimula el coraje, el empoderamiento y la confianza en s\u00ed mismo<br \/>\n&#8211; Nos hace sentir merecedores.<br \/>\n&#8211; Elimina la fatiga y el cansancio mental<\/p>\n<p>&nbsp;<\/p>\n","protected":false},"excerpt":{"rendered":"<p>EMPODERAMIENTO Y DESAPEGO. \u00a0Incrementa la memoria y la concentraci\u00f3n. Es ideal en el apoyo con adicciones, apoya las codependencias en las relaciones, los objetos, los medicamentos, entre otras.<\/p>\n","protected":false},"featured_media":140,"comment_status":"open","ping_status":"closed","template":"","meta":{"_monsterinsights_skip_tracking":false,"_monsterinsights_sitenote_active":false,"_monsterinsights_sitenote_note":"","_monsterinsights_sitenote_category":0,"_joinchat":[]},"product_brand":[],"product_cat":[27],"product_tag":[],"class_list":{"0":"post-592","1":"product","2":"type-product","3":"status-publish","4":"has-post-thumbnail","6":"product_cat-aceites-esenciales","8":"first","9":"onbackorder","10":"shipping-taxable","11":"purchasable","12":"product-type-simple"},"aioseo_notices":[],"_links":{"self":[{"href":"https:\/\/sietecolores.co\/index.php?rest_route=\/wp\/v2\/product\/592","targetHints":{"allow":["GET"]}}],"collection":[{"href":"https:\/\/sietecolores.co\/index.php?rest_route=\/wp\/v2\/product"}],"about":[{"href":"https:\/\/sietecolores.co\/index.php?rest_route=\/wp\/v2\/types\/product"}],"replies":[{"embeddable":true,"href":"https:\/\/sietecolores.co\/index.php?rest_route=%2Fwp%2Fv2%2Fcomments&post=592"}],"wp:featuredmedia":[{"embeddable":true,"href":"https:\/\/sietecolores.co\/index.php?rest_route=\/wp\/v2\/media\/140"}],"wp:attachment":[{"href":"https:\/\/sietecolores.co\/index.php?rest_route=%2Fwp%2Fv2%2Fmedia&parent=592"}],"wp:term":[{"taxonomy":"product_brand","embeddable":true,"href":"https:\/\/sietecolores.co\/index.php?rest_route=%2Fwp%2Fv2%2Fproduct_brand&post=592"},{"taxonomy":"product_cat","embeddable":true,"href":"https:\/\/sietecolores.co\/index.php?rest_route=%2Fwp%2Fv2%2Fproduct_cat&post=592"},{"taxonomy":"product_tag","embeddable":true,"href":"https:\/\/sietecolores.co\/index.php?rest_route=%2Fwp%2Fv2%2Fproduct_tag&post=592"}],"curies":[{"name":"wp","href":"https:\/\/api.w.org\/{rel}","templated":true}]}}