{"id":594,"date":"2023-10-31T22:16:42","date_gmt":"2023-10-31T22:16:42","guid":{"rendered":"https:\/\/sietecolores.co\/?product=curcuma-2"},"modified":"2023-11-23T19:12:45","modified_gmt":"2023-11-23T19:12:45","slug":"curcuma-2","status":"publish","type":"product","link":"https:\/\/sietecolores.co\/?product=curcuma-2","title":{"rendered":"C\u00farcuma"},"content":{"rendered":"<p>(C\u00farcuma Longa)<\/p>\n<p>REESTRUCTURA, CONSTRUYE SOBRE LA DEVASTACI\u00d3N. Extracci\u00f3n consciente no industrializada.<\/p>\n<p>&#8211; La c\u00farcuma es una planta perenne herb\u00e1cea y alcanza una altura de 1 metro. Crece en zonas c\u00e1lidas y h\u00famedas. Es originario de Asia y se adapta a temperaturas de 20 a 30 \u00b0C.<\/p>\n<p>&#8211; El aceite esencial se extrae por destilaci\u00f3n al vapor de sus ra\u00edces. Su aroma es terroso y le\u00f1oso con un ligero toque especiado. La c\u00farcuma es el ingrediente principal del curry, condimento de la gastronom\u00eda india. La c\u00farcuma aumenta su absorci\u00f3n en presencia de la Pimienta Negra.<\/p>\n<p>PROPIEDADES TERAP\u00c9UTICAS F\u00cdSICAS<\/p>\n<p>&#8211; Potente antiinflamatorio<br \/>\n&#8211; Antioxidante<br \/>\n&#8211; Hepatoprotector<br \/>\n&#8211; T\u00f3nico digestivo<br \/>\n&#8211; Combate el c\u00e1ncer<br \/>\n&#8211; Potente antiinflamatorio<br \/>\n&#8211; Facilita el metabolismo de las grasas porque mejora la cantidad, la calidad y el flujo de la bilis.<br \/>\n&#8211; Si se realizan protocolos de adelgazamiento, la c\u00farcuma es \u00fatil en la movilizaci\u00f3n de grasas.<br \/>\n&#8211; Tambi\u00e9n act\u00faa en el control del colesterol<br \/>\n&#8211; La c\u00farcuma mejora la calidad del tejido cerebral y act\u00faa como desinflamatorio reduciendo la progresi\u00f3n del Alzheimer.<br \/>\n&#8211; Reduce la depresi\u00f3n<br \/>\n&#8211; Es un regenerador de las c\u00e9lulas actuando como cicatrizante, en terapias de antienvejecimiento<br \/>\n&#8211; Es muy terap\u00e9utica en la degeneraci\u00f3n macular oft\u00e1lmica que ocurre por envejecimiento.<br \/>\n&#8211; Act\u00faa como anticoagulante disminuyendo el riesgo cardio y cerebrovascular &#8211; tener precauci\u00f3n &#8211;<br \/>\n&#8211; Reduce el estr\u00e9s oxidativo<br \/>\n&#8211; Es coadyuvante en casos de quimioterapia<br \/>\n&#8211; Controla diabetes<br \/>\n&#8211; Enfermedad de Parkinson<\/p>\n<p>PROPIEDADES TERAP\u00c9UTICAS ENERG\u00c9TICAS<\/p>\n<p>&#8211; Nos enfrenta a lo que realmente somos, define las distorsiones<br \/>\n&#8211; Es un puente a una nueva tierra<br \/>\n&#8211; Es un aceite reestructurante no solo en lo f\u00edsico sino tambi\u00e9n en el et\u00e9rico<br \/>\n&#8211; Es un aceite poderoso contra el c\u00e1ncer: el c\u00e1ncer te mira y te dice \u201co reaccionas o te extermino\u201d<br \/>\n&#8211; Este aceite nos hace despertar en nuestra esencia<br \/>\n&#8211; La c\u00farcuma favorece el sistema inmune y en general nuestro sistema metab\u00f3lico, el sistema metab\u00f3lico e inmune es una funci\u00f3n muy espiritual<br \/>\n&#8211; Este aceite es un catalizador de la verdad<br \/>\n&#8211; Por ser un aceite reestructurante, act\u00faa sobre personas que han sido maltratadas<\/p>\n<p>&nbsp;<\/p>\n","protected":false},"excerpt":{"rendered":"<p>REESTRUCTURA, CONSTRUYE SOBRE LA DEVASTACI\u00d3N. Extracci\u00f3n consciente no industrializada<\/p>\n<p>Reduce el estr\u00e9s oxidativo. Este aceite es un catalizador de la verdad.<\/p>\n","protected":false},"featured_media":170,"comment_status":"open","ping_status":"closed","template":"","meta":{"_monsterinsights_skip_tracking":false,"_monsterinsights_sitenote_active":false,"_monsterinsights_sitenote_note":"","_monsterinsights_sitenote_category":0,"_joinchat":[]},"product_brand":[],"product_cat":[26],"product_tag":[],"class_list":{"0":"post-594","1":"product","2":"type-product","3":"status-publish","4":"has-post-thumbnail","6":"product_cat-aceites-sagrados","8":"first","9":"onbackorder","10":"shipping-taxable","11":"purchasable","12":"product-type-simple"},"aioseo_notices":[],"_links":{"self":[{"href":"https:\/\/sietecolores.co\/index.php?rest_route=\/wp\/v2\/product\/594","targetHints":{"allow":["GET"]}}],"collection":[{"href":"https:\/\/sietecolores.co\/index.php?rest_route=\/wp\/v2\/product"}],"about":[{"href":"https:\/\/sietecolores.co\/index.php?rest_route=\/wp\/v2\/types\/product"}],"replies":[{"embeddable":true,"href":"https:\/\/sietecolores.co\/index.php?rest_route=%2Fwp%2Fv2%2Fcomments&post=594"}],"wp:featuredmedia":[{"embeddable":true,"href":"https:\/\/sietecolores.co\/index.php?rest_route=\/wp\/v2\/media\/170"}],"wp:attachment":[{"href":"https:\/\/sietecolores.co\/index.php?rest_route=%2Fwp%2Fv2%2Fmedia&parent=594"}],"wp:term":[{"taxonomy":"product_brand","embeddable":true,"href":"https:\/\/sietecolores.co\/index.php?rest_route=%2Fwp%2Fv2%2Fproduct_brand&post=594"},{"taxonomy":"product_cat","embeddable":true,"href":"https:\/\/sietecolores.co\/index.php?rest_route=%2Fwp%2Fv2%2Fproduct_cat&post=594"},{"taxonomy":"product_tag","embeddable":true,"href":"https:\/\/sietecolores.co\/index.php?rest_route=%2Fwp%2Fv2%2Fproduct_tag&post=594"}],"curies":[{"name":"wp","href":"https:\/\/api.w.org\/{rel}","templated":true}]}}