{"id":596,"date":"2023-10-31T22:16:42","date_gmt":"2023-10-31T22:16:42","guid":{"rendered":"https:\/\/sietecolores.co\/?product=eucalipto-2"},"modified":"2023-11-29T14:15:39","modified_gmt":"2023-11-29T14:15:39","slug":"eucalipto-2","status":"publish","type":"product","link":"https:\/\/sietecolores.co\/?product=eucalipto-2","title":{"rendered":"Eucalipto"},"content":{"rendered":"<p>(Eucalyptus Globulus)<\/p>\n<p>CLARIDAD PARA EL ALMA. Extracci\u00f3n consciente no industrializada.<\/p>\n<p>&#8211; El g\u00e9nero Eucalyptus es un g\u00e9nero de \u00e1rboles y arbustos; la mayor\u00eda de especies originarias de Australia, Nueva Guinea, Tasmania e Indonesia. En Australia era considerado un \u201ccuralotodo\u201d por sus abor\u00edgenes y despu\u00e9s por sus colonizadores. En la actualidad est\u00e1n distribuidos por todo el mundo, se han extendido a las zonas tropicales y subtropicales del mundo.<\/p>\n<p>&#8211; Su aceite esencial se extrae por destilaci\u00f3n al vapor de las hojas j\u00f3venes principalmente del Eucalipto Globulus. Tiene fragancia fresca y bals\u00e1mica.<\/p>\n<p>PROPIEDADES TERAP\u00c9UTICAS F\u00cdSICAS<\/p>\n<p>&#8211; Antiinflamatorio, antis\u00e9ptico y expectorante de v\u00edas respiratorias<br \/>\n&#8211; Es hipoglucemiante<br \/>\n&#8211; Estimula el sistema inmune<br \/>\n&#8211; Antis\u00e9ptico y antiinflamatorio de v\u00edas urinarias<br \/>\n&#8211; Tiene propiedades analg\u00e9sicas principalmente en m\u00fasculos y articulaciones<br \/>\n&#8211; Par\u00e1sitos intestinales<br \/>\n&#8211; Te devuelve el placer de respirar libremente<\/p>\n<p>PROPIEDADES TERAP\u00c9UTICAS ENERG\u00c9TICAS<\/p>\n<p>&#8211; A nivel mental y espiritual revitaliza nuestro ser<br \/>\n&#8211; El eucalipto se considera una escalera hacia el astral, trae la energ\u00eda del cielo a la tierra<br \/>\n&#8211; Te permite obtener claridad<br \/>\n&#8211; Con el eucalipto puedes salir de estados de confusi\u00f3n y miedo<br \/>\n&#8211; Afina la intuici\u00f3n<br \/>\n&#8211; Abre caminos ya que aclara y limpia las dudas que puedas tener en tu mente<br \/>\n&#8211; Aumenta la agudeza mental y el ingenio<br \/>\n&#8211; Prosperidad y \u00e9xito<br \/>\n&#8211; Nos centra en nuestro Yo Superior<br \/>\n&#8211; Act\u00faa purificando ambientes donde hay conflictos, peleas y confrontaciones f\u00edsicas<br \/>\n&#8211; Estimula el sistema nervioso y es un poderoso aliado contra la fatiga y el agotamiento mental, reactiva y tonifica.<\/p>\n<p>&nbsp;<\/p>\n","protected":false},"excerpt":{"rendered":"<p>CLARIDAD PARA EL ALMA. Extracci\u00f3n consciente no industrializada<\/p>\n<p>Te devuelve el placer de respirar libremente. Te permite obtener claridad<\/p>\n","protected":false},"featured_media":171,"comment_status":"open","ping_status":"closed","template":"","meta":{"_monsterinsights_skip_tracking":false,"_monsterinsights_sitenote_active":false,"_monsterinsights_sitenote_note":"","_monsterinsights_sitenote_category":0,"_joinchat":[]},"product_brand":[],"product_cat":[26],"product_tag":[],"class_list":{"0":"post-596","1":"product","2":"type-product","3":"status-publish","4":"has-post-thumbnail","6":"product_cat-aceites-sagrados","8":"first","9":"onbackorder","10":"shipping-taxable","11":"purchasable","12":"product-type-simple"},"aioseo_notices":[],"_links":{"self":[{"href":"https:\/\/sietecolores.co\/index.php?rest_route=\/wp\/v2\/product\/596","targetHints":{"allow":["GET"]}}],"collection":[{"href":"https:\/\/sietecolores.co\/index.php?rest_route=\/wp\/v2\/product"}],"about":[{"href":"https:\/\/sietecolores.co\/index.php?rest_route=\/wp\/v2\/types\/product"}],"replies":[{"embeddable":true,"href":"https:\/\/sietecolores.co\/index.php?rest_route=%2Fwp%2Fv2%2Fcomments&post=596"}],"wp:featuredmedia":[{"embeddable":true,"href":"https:\/\/sietecolores.co\/index.php?rest_route=\/wp\/v2\/media\/171"}],"wp:attachment":[{"href":"https:\/\/sietecolores.co\/index.php?rest_route=%2Fwp%2Fv2%2Fmedia&parent=596"}],"wp:term":[{"taxonomy":"product_brand","embeddable":true,"href":"https:\/\/sietecolores.co\/index.php?rest_route=%2Fwp%2Fv2%2Fproduct_brand&post=596"},{"taxonomy":"product_cat","embeddable":true,"href":"https:\/\/sietecolores.co\/index.php?rest_route=%2Fwp%2Fv2%2Fproduct_cat&post=596"},{"taxonomy":"product_tag","embeddable":true,"href":"https:\/\/sietecolores.co\/index.php?rest_route=%2Fwp%2Fv2%2Fproduct_tag&post=596"}],"curies":[{"name":"wp","href":"https:\/\/api.w.org\/{rel}","templated":true}]}}