{"id":598,"date":"2023-10-31T22:16:43","date_gmt":"2023-10-31T22:16:43","guid":{"rendered":"https:\/\/sietecolores.co\/?product=moringa-2"},"modified":"2023-11-23T19:12:28","modified_gmt":"2023-11-23T19:12:28","slug":"moringa-2","status":"publish","type":"product","link":"https:\/\/sietecolores.co\/?product=moringa-2","title":{"rendered":"Moringa"},"content":{"rendered":"<p>PERMITE LA TRANSMUTACI\u00d3N DEL EGO. Extracci\u00f3n consciente no industrializada.<\/p>\n<p>&#8211; \u00c1rbol originario de la India, pero hoy, crece en cualquier clima c\u00e1lido. Es un \u00e1rbol siempre verde. Produce unas vainas colgantes color marr\u00f3n y en ellas se alojan las semillas. Sus hojas y semillas pueden ser comestibles. Todo en la planta es medicinal, sus hojas, sus flores y sus semillas.<\/p>\n<p>&#8211; Es todav\u00eda un poco desconocida la Moringa, pero es un aut\u00e9ntico manantial de la salud por eso es llamado el \u00c1rbol de la Vida, \u00c1rbol de la Eterna juventud y Planta Milagro.<\/p>\n<p>&#8211; Su aceite esencial se extrae por destilaci\u00f3n al vapor de las semillas de la planta.<\/p>\n<p>PROPIEDADES TERAP\u00c9UTICAS F\u00cdSICAS<\/p>\n<p>&#8211; Antibacteriano<br \/>\n&#8211; Antioxidante<br \/>\n&#8211; Antidepresivo<br \/>\n&#8211; Antiinflamatorio<br \/>\n&#8211; Disminuye la ansiedad<br \/>\n&#8211; \u00datil en la p\u00e9rdida de peso<br \/>\n&#8211; Hipoglucemiante usado en el control de la diabetes<br \/>\n&#8211; Aumenta la aptitud respiratoria en casos de asma<br \/>\n&#8211; Reduce las inflamaciones del tracto respiratorio disminuyendo alergias<br \/>\n&#8211; Regula el estr\u00e9s oxidativo<br \/>\n&#8211; Protector cardiovascular por su acci\u00f3n antidislipid\u00e9mica<br \/>\n&#8211; Puede ser \u00fatil en la p\u00e9rdida de peso ya que activa el metabolismo<br \/>\n&#8211; Estimula sistema inmunol\u00f3gico<br \/>\n&#8211; El elevado contenido de calcio y magnesio ayuda a fortalecer huesos, sistema nervioso y sistema muscular<br \/>\n&#8211; Fortalece sistema esquel\u00e9tico y muscular<br \/>\n&#8211; Mejora la concentraci\u00f3n<br \/>\n&#8211; Protege la piel induciendo su cicatrizaci\u00f3n<br \/>\n&#8211; Hepatoprotector<br \/>\n&#8211; Anticancer\u00edgeno<br \/>\n&#8211; Antihipertensivo<br \/>\n&#8211; Diur\u00e9tico<br \/>\n&#8211; Mejora la concentraci\u00f3n, la memoria y la capacidad de aprendizaje<\/p>\n<p>PROPIEDADES TERAP\u00c9UTICAS ENERG\u00c9TICAS<\/p>\n<p>&#8211; Tiene un gran simbolismo de crecimiento y fertilidad<br \/>\n&#8211; Es un aceite generoso y altruista<br \/>\n&#8211; Tiene una gran energ\u00eda de vida que le da su r\u00e1pido crecimiento, por esto te da poder para avanzar y salir del estancamiento en &#8211; cualquier aspecto de tu vida<br \/>\n&#8211; Nos proporciona fortalecimiento de los lazos familiares<br \/>\n&#8211; Act\u00faa como Ley de Atracci\u00f3n en nuestra vida<br \/>\n&#8211; Libera nuestro ego<\/p>\n<p>&nbsp;<\/p>\n","protected":false},"excerpt":{"rendered":"<p>PERMITE LA TRANSMUTACI\u00d3N DEL EGO. Extracci\u00f3n consciente no industrializada<\/p>\n<p>Mejora la concentraci\u00f3n. Nos proporciona fortalecimiento de los lazos familiares<\/p>\n","protected":false},"featured_media":178,"comment_status":"open","ping_status":"closed","template":"","meta":{"_monsterinsights_skip_tracking":false,"_monsterinsights_sitenote_active":false,"_monsterinsights_sitenote_note":"","_monsterinsights_sitenote_category":0,"_joinchat":[]},"product_brand":[],"product_cat":[26],"product_tag":[],"class_list":{"0":"post-598","1":"product","2":"type-product","3":"status-publish","4":"has-post-thumbnail","6":"product_cat-aceites-sagrados","8":"first","9":"onbackorder","10":"shipping-taxable","11":"purchasable","12":"product-type-simple"},"aioseo_notices":[],"_links":{"self":[{"href":"https:\/\/sietecolores.co\/index.php?rest_route=\/wp\/v2\/product\/598","targetHints":{"allow":["GET"]}}],"collection":[{"href":"https:\/\/sietecolores.co\/index.php?rest_route=\/wp\/v2\/product"}],"about":[{"href":"https:\/\/sietecolores.co\/index.php?rest_route=\/wp\/v2\/types\/product"}],"replies":[{"embeddable":true,"href":"https:\/\/sietecolores.co\/index.php?rest_route=%2Fwp%2Fv2%2Fcomments&post=598"}],"wp:featuredmedia":[{"embeddable":true,"href":"https:\/\/sietecolores.co\/index.php?rest_route=\/wp\/v2\/media\/178"}],"wp:attachment":[{"href":"https:\/\/sietecolores.co\/index.php?rest_route=%2Fwp%2Fv2%2Fmedia&parent=598"}],"wp:term":[{"taxonomy":"product_brand","embeddable":true,"href":"https:\/\/sietecolores.co\/index.php?rest_route=%2Fwp%2Fv2%2Fproduct_brand&post=598"},{"taxonomy":"product_cat","embeddable":true,"href":"https:\/\/sietecolores.co\/index.php?rest_route=%2Fwp%2Fv2%2Fproduct_cat&post=598"},{"taxonomy":"product_tag","embeddable":true,"href":"https:\/\/sietecolores.co\/index.php?rest_route=%2Fwp%2Fv2%2Fproduct_tag&post=598"}],"curies":[{"name":"wp","href":"https:\/\/api.w.org\/{rel}","templated":true}]}}