{"id":599,"date":"2023-10-31T22:16:43","date_gmt":"2023-10-31T22:16:43","guid":{"rendered":"https:\/\/sietecolores.co\/?product=jengibre-2"},"modified":"2023-11-15T15:14:25","modified_gmt":"2023-11-15T15:14:25","slug":"jengibre-2","status":"publish","type":"product","link":"https:\/\/sietecolores.co\/?product=jengibre-2","title":{"rendered":"Jengibre"},"content":{"rendered":"<p>ANCLAJE A LA TIERRA EMPODERANDO LA MANIFESTACI\u00d3N<\/p>\n<p>&#8211; El jengibre o ra\u00edz de Kion es una hierba arom\u00e1tica cuyo tallo subterr\u00e1neo es un rizoma horizontal muy apreciado por su aroma y sabor picante.<\/p>\n<p>Se desarrolla en climas tropicales con temperaturas entre 25 y 30\u00b0C<\/p>\n<p>Los rizomas tiernos son jugosos y carnosos con un fuerte sabor; muy usado como condimento en la cocina asi\u00e1tica y ahora occidental.<\/p>\n<p>El jengibre se origin\u00f3 en los bosques lluviosos tropicales del continente asi\u00e1tico principalmente India. Como una de las primeras especies exportadas de Oriente, el jengibre llego a Europa durante el comercio de especias y fue usado por los antiguos griegos y romanos<\/p>\n<p>El aceite esencial se destila por arrastre a vapor de las ra\u00edces frescas.<\/p>\n<p>Su aceite esencial tiene un c\u00e1lido aroma con una nota fresca a madera y un fondo dulce: con un tono picante y ligeramente amargo.<\/p>\n<p>Su aceite esencial es caliente, picante y energizante<\/p>\n<p>PROPIEDADES TERAP\u00c9UTICAS F\u00cdSICAS<br \/>\n-Ayuda en la digesti\u00f3n acelerando el vaciado del est\u00f3mago y disminuyendo las molestias de la pesadez estomacal; estimula el &#8211;Apetito y en general reduce problemas digestivos.<br \/>\n-Potente antiinflamatorio: en dolores musculares y osteoartritis<br \/>\n-Potente antioxidante<br \/>\n-Reduce nauseas: en embarazo, en viajes y en nauseas postoperatorias quir\u00fargicas o por tratamientos de quimioterapia<br \/>\n-Disminuye az\u00facar en sangre<br \/>\n-Reduce factores de riesgo en cardiopat\u00edas<br \/>\n-Estimula la circulaci\u00f3n sangu\u00ednea, disminuyendo co\u00e1gulos en sangre y arterioesclerosis<br \/>\n-Efectivo contra las molestias del dolor menstrual<br \/>\n-Reduce los niveles del colesterol<br \/>\n-Potente anticancer\u00edgeno<br \/>\n-Mejora la funci\u00f3n cerebral y protege contra el Alzheimer.<br \/>\n-Controla el estr\u00e9s oxidativo y la inflamaci\u00f3n cr\u00f3nica que acelera el envejecimiento.<br \/>\n-Tiene propiedades diur\u00e9ticas y aceleradoras del metabolismo<br \/>\n-En sistema respiratorio: Tiene propiedades expectorantes antitusivas, antinflamatorias e incluso anti infecciosas que previene y combate procesos respiratorios agudos<br \/>\n-Afrodis\u00edaco<br \/>\n-Aumenta el calor corporal: usar con cuidado en casos de fiebre y s\u00edntomas de menopausia<\/p>\n<p>PROPIEDADES TERAP\u00c9UTICAS ENERG\u00c9TICAS<br \/>\n-El jengibre es yang equilibrando las energ\u00edas ying<br \/>\n-Por su relacion con el elemento fuego es un potente afrodisiaco armonizando la expresi\u00f3n sexual<br \/>\n-Atrae prosperidad y abundancia<br \/>\n-Combate pesadillas<br \/>\n-Por su conexi\u00f3n con el sol tiene el poder de mejorar la salud en general<br \/>\n-Incrementa la energ\u00eda en forma m\u00e1gica<br \/>\n-El jengibre es de g\u00e9nero masculino<br \/>\n-Tiene el poder de la manifestaci\u00f3n del dinero<br \/>\n-Anclaje a la tierra por eso su poder de manifestaci\u00f3n en el \u00e9xito y el poder<br \/>\n-Incrementa las habilidades ps\u00edquicas<br \/>\n-Aleja el des\u00e1nimo y las malas vibraciones<br \/>\n-Apoya a personas con problemas de socializaci\u00f3n a tener una comunicaci\u00f3n m\u00e1s efectiva<br \/>\n-Produce fuerza y protecci\u00f3n m\u00e1gica ancestral<br \/>\n-Activa el kundalini para que fluya con expresividad manifiesta<\/p>\n","protected":false},"excerpt":{"rendered":"<p>ANCLAJE A LA TIERRA EMPODERANDO LA MANIFESTACI\u00d3N. Ayuda en la digesti\u00f3n acelerando el vaciado del est\u00f3mago y disminuyendo las molestias de la pesadez estomacal, estimula el apetito y en general reduce problemas digestivos.<\/p>\n","protected":false},"featured_media":144,"comment_status":"open","ping_status":"closed","template":"","meta":{"_monsterinsights_skip_tracking":false,"_monsterinsights_sitenote_active":false,"_monsterinsights_sitenote_note":"","_monsterinsights_sitenote_category":0,"_joinchat":[]},"product_brand":[],"product_cat":[27],"product_tag":[],"class_list":{"0":"post-599","1":"product","2":"type-product","3":"status-publish","4":"has-post-thumbnail","6":"product_cat-aceites-esenciales","8":"first","9":"instock","10":"shipping-taxable","11":"purchasable","12":"product-type-simple"},"aioseo_notices":[],"_links":{"self":[{"href":"https:\/\/sietecolores.co\/index.php?rest_route=\/wp\/v2\/product\/599","targetHints":{"allow":["GET"]}}],"collection":[{"href":"https:\/\/sietecolores.co\/index.php?rest_route=\/wp\/v2\/product"}],"about":[{"href":"https:\/\/sietecolores.co\/index.php?rest_route=\/wp\/v2\/types\/product"}],"replies":[{"embeddable":true,"href":"https:\/\/sietecolores.co\/index.php?rest_route=%2Fwp%2Fv2%2Fcomments&post=599"}],"wp:featuredmedia":[{"embeddable":true,"href":"https:\/\/sietecolores.co\/index.php?rest_route=\/wp\/v2\/media\/144"}],"wp:attachment":[{"href":"https:\/\/sietecolores.co\/index.php?rest_route=%2Fwp%2Fv2%2Fmedia&parent=599"}],"wp:term":[{"taxonomy":"product_brand","embeddable":true,"href":"https:\/\/sietecolores.co\/index.php?rest_route=%2Fwp%2Fv2%2Fproduct_brand&post=599"},{"taxonomy":"product_cat","embeddable":true,"href":"https:\/\/sietecolores.co\/index.php?rest_route=%2Fwp%2Fv2%2Fproduct_cat&post=599"},{"taxonomy":"product_tag","embeddable":true,"href":"https:\/\/sietecolores.co\/index.php?rest_route=%2Fwp%2Fv2%2Fproduct_tag&post=599"}],"curies":[{"name":"wp","href":"https:\/\/api.w.org\/{rel}","templated":true}]}}