{"id":600,"date":"2023-10-31T22:16:43","date_gmt":"2023-10-31T22:16:43","guid":{"rendered":"https:\/\/sietecolores.co\/?product=menta-2"},"modified":"2023-11-15T15:08:35","modified_gmt":"2023-11-15T15:08:35","slug":"menta-2","status":"publish","type":"product","link":"https:\/\/sietecolores.co\/?product=menta-2","title":{"rendered":"Menta"},"content":{"rendered":"<p>CLARIDAD Y CALMA<\/p>\n<p>(Mentha piperita):<\/p>\n<p>&#8211; Su aceite esencial se extrae por destilaci\u00f3n de vapor de toda la planta antes de que florezca.<\/p>\n<p>PROPIEDADES TERAP\u00c9UTICAS F\u00cdSICAS<\/p>\n<p>&#8211; Facilita la digesti\u00f3n, aperitiva y carminativa, pues estimula la producci\u00f3n de bilis<br \/>\n&#8211; Antiespasm\u00f3dica, facilita la absorci\u00f3n de nutrientes y calma los espasmos gastrointestinales, las n\u00e1useas y la hinchaz\u00f3n abdominal, adem\u00e1s de evitar la formaci\u00f3n de gases y las flatulencias<br \/>\n&#8211; Abre el apetito<br \/>\n&#8211; Suaviza las jaquecas nerviosas o relacionadas con trastornos digestivos y hep\u00e1ticos<br \/>\n&#8211; Analg\u00e9sica, antiinflamatoria y antiespasm\u00f3dica ayudando a calmar dolores musculares, menstruales y articulares<br \/>\n&#8211; Astringente: Reduce la producci\u00f3n de grasa en la piel por esto es buena para el acn\u00e9 y la celulitis<br \/>\n&#8211; Reduce la p\u00e9rdida de cabello<br \/>\n&#8211; Desodorante<\/p>\n<p>PROPIEDADES TERAP\u00c9UTICAS ENERG\u00c9TICAS<\/p>\n<p>&#8211; Protege durante el sue\u00f1o de ataques, pesadillas y presencias negativas<br \/>\n&#8211; Induce sue\u00f1os premonitorios y poderes psiquicos<br \/>\n&#8211; Estimula la concentraci\u00f3n y la memoria<br \/>\n&#8211; Acelera la curaci\u00f3n del cuerpo y la mente<br \/>\n&#8211; Calma<br \/>\n&#8211; Purifica<\/p>\n<p>&nbsp;<\/p>\n","protected":false},"excerpt":{"rendered":"<p>Claridad y Calma. Protege durante el sue\u00f1o de ataques, pesadillas y presencias negativas.\u00a0Estimula la concentraci\u00f3n y la memoria.<\/p>\n","protected":false},"featured_media":146,"comment_status":"open","ping_status":"closed","template":"","meta":{"_monsterinsights_skip_tracking":false,"_monsterinsights_sitenote_active":false,"_monsterinsights_sitenote_note":"","_monsterinsights_sitenote_category":0,"_joinchat":[]},"product_brand":[],"product_cat":[27],"product_tag":[],"class_list":{"0":"post-600","1":"product","2":"type-product","3":"status-publish","4":"has-post-thumbnail","6":"product_cat-aceites-esenciales","8":"first","9":"instock","10":"shipping-taxable","11":"purchasable","12":"product-type-simple"},"aioseo_notices":[],"_links":{"self":[{"href":"https:\/\/sietecolores.co\/index.php?rest_route=\/wp\/v2\/product\/600","targetHints":{"allow":["GET"]}}],"collection":[{"href":"https:\/\/sietecolores.co\/index.php?rest_route=\/wp\/v2\/product"}],"about":[{"href":"https:\/\/sietecolores.co\/index.php?rest_route=\/wp\/v2\/types\/product"}],"replies":[{"embeddable":true,"href":"https:\/\/sietecolores.co\/index.php?rest_route=%2Fwp%2Fv2%2Fcomments&post=600"}],"wp:featuredmedia":[{"embeddable":true,"href":"https:\/\/sietecolores.co\/index.php?rest_route=\/wp\/v2\/media\/146"}],"wp:attachment":[{"href":"https:\/\/sietecolores.co\/index.php?rest_route=%2Fwp%2Fv2%2Fmedia&parent=600"}],"wp:term":[{"taxonomy":"product_brand","embeddable":true,"href":"https:\/\/sietecolores.co\/index.php?rest_route=%2Fwp%2Fv2%2Fproduct_brand&post=600"},{"taxonomy":"product_cat","embeddable":true,"href":"https:\/\/sietecolores.co\/index.php?rest_route=%2Fwp%2Fv2%2Fproduct_cat&post=600"},{"taxonomy":"product_tag","embeddable":true,"href":"https:\/\/sietecolores.co\/index.php?rest_route=%2Fwp%2Fv2%2Fproduct_tag&post=600"}],"curies":[{"name":"wp","href":"https:\/\/api.w.org\/{rel}","templated":true}]}}