{"id":603,"date":"2023-10-31T22:16:44","date_gmt":"2023-10-31T22:16:44","guid":{"rendered":"https:\/\/sietecolores.co\/?product=neroli-2"},"modified":"2023-11-15T15:07:02","modified_gmt":"2023-11-15T15:07:02","slug":"neroli-2","status":"publish","type":"product","link":"https:\/\/sietecolores.co\/?product=neroli-2","title":{"rendered":"Neroli"},"content":{"rendered":"<p>ILUMINA LA VIDA CONFIRMANDO LA ENCARNACI\u00d3N<\/p>\n<p>CARACTER\u00cdSTICAS<\/p>\n<p>&#8211; El Neroli o Azahar es el aceite esencial extra\u00eddo por destilaci\u00f3n a vapor de las flores del naranjo amargo (citrus aurantium).<\/p>\n<p>&#8211; Es dif\u00edcil su extracci\u00f3n pues las flores deben estar frescas y reci\u00e9n recogidas para que conserven el aroma.<\/p>\n<p>&#8211; Su aroma es dulce e intensamente floral; es un aceite de color amarillo claro.<\/p>\n<p>PROPIEDADES TERAP\u00c9UTICAS F\u00cdSICAS<\/p>\n<p>&#8211; Fortalece el sistema inmune<br \/>\n&#8211; Elimina toxinas y grasa<br \/>\n&#8211; Reduce y previene las estr\u00edas<br \/>\n&#8211; Usos dermatol\u00f3gicos: regenerador celular, hidratante, nutritivo, cicatrizante, desodorante, tonificante<br \/>\n&#8211; Regula la perdida de agua a trav\u00e9s de la piel.<br \/>\n&#8211; Tratamiento regenerador en pieles sensibles y envejecidas<br \/>\n&#8211; Estimula el sistema cardiovascular<br \/>\n&#8211; Antioxidante<br \/>\n&#8211; Afrodisiaco<br \/>\n&#8211; Tiene efectos sedantes en caso de estr\u00e9s, insomnio y ansiedad<br \/>\n&#8211; Antidepresivo<br \/>\n&#8211; Anti f\u00fangico \u00fatil para el pie de atleta<br \/>\n&#8211; Estimula las funciones hep\u00e1ticas y pancre\u00e1ticas.<br \/>\n&#8211; Es fotosensible; no debe ser usado cuando se expone a rayos solares.<\/p>\n<p>PROPIEDADES TERAP\u00c9UTICAS ENERG\u00c9TICAS<\/p>\n<p>&#8211; Estimula los afectos<br \/>\n&#8211; Renueva la seguridad en s\u00ed mismo<br \/>\n&#8211; \u00datil en momentos del parto ya que nos proporciona valent\u00eda, confianza y vitalidad.<br \/>\n&#8211; Ayuda a salir de situaciones aparentemente sin soluci\u00f3n.<br \/>\n&#8211; Act\u00faa de inmediato en casos de conmoci\u00f3n psicol\u00f3gica.<br \/>\n&#8211; Calma angustias.<br \/>\n&#8211; Alivia temores causados por heridas f\u00edsicas y ps\u00edquicas.<br \/>\n&#8211; Desarrolla la alegr\u00eda liberando la energ\u00eda del segundo chacra.<br \/>\n&#8211; Disminuye las m\u00e1s \u00edntimas inseguridades<br \/>\n&#8211; Transmite una intensa sensaci\u00f3n de paz, calma y armon\u00eda<\/p>\n<p>&nbsp;<\/p>\n","protected":false},"excerpt":{"rendered":"<p>ILUMINA LA VIDA CONFIRMANDO LA ENCARNACI\u00d3N. \u00datil en momentos del parto ya que nos proporciona valent\u00eda, confianza y vitalidad. Act\u00faa de inmediato en casos de conmoci\u00f3n psicol\u00f3gica. Calma angustias.<\/p>\n","protected":false},"featured_media":147,"comment_status":"open","ping_status":"closed","template":"","meta":{"_monsterinsights_skip_tracking":false,"_monsterinsights_sitenote_active":false,"_monsterinsights_sitenote_note":"","_monsterinsights_sitenote_category":0,"_joinchat":[]},"product_brand":[],"product_cat":[27],"product_tag":[],"class_list":{"0":"post-603","1":"product","2":"type-product","3":"status-publish","4":"has-post-thumbnail","6":"product_cat-aceites-esenciales","8":"first","9":"instock","10":"shipping-taxable","11":"purchasable","12":"product-type-simple"},"aioseo_notices":[],"_links":{"self":[{"href":"https:\/\/sietecolores.co\/index.php?rest_route=\/wp\/v2\/product\/603","targetHints":{"allow":["GET"]}}],"collection":[{"href":"https:\/\/sietecolores.co\/index.php?rest_route=\/wp\/v2\/product"}],"about":[{"href":"https:\/\/sietecolores.co\/index.php?rest_route=\/wp\/v2\/types\/product"}],"replies":[{"embeddable":true,"href":"https:\/\/sietecolores.co\/index.php?rest_route=%2Fwp%2Fv2%2Fcomments&post=603"}],"wp:featuredmedia":[{"embeddable":true,"href":"https:\/\/sietecolores.co\/index.php?rest_route=\/wp\/v2\/media\/147"}],"wp:attachment":[{"href":"https:\/\/sietecolores.co\/index.php?rest_route=%2Fwp%2Fv2%2Fmedia&parent=603"}],"wp:term":[{"taxonomy":"product_brand","embeddable":true,"href":"https:\/\/sietecolores.co\/index.php?rest_route=%2Fwp%2Fv2%2Fproduct_brand&post=603"},{"taxonomy":"product_cat","embeddable":true,"href":"https:\/\/sietecolores.co\/index.php?rest_route=%2Fwp%2Fv2%2Fproduct_cat&post=603"},{"taxonomy":"product_tag","embeddable":true,"href":"https:\/\/sietecolores.co\/index.php?rest_route=%2Fwp%2Fv2%2Fproduct_tag&post=603"}],"curies":[{"name":"wp","href":"https:\/\/api.w.org\/{rel}","templated":true}]}}