{"id":604,"date":"2023-10-31T22:16:45","date_gmt":"2023-10-31T22:16:45","guid":{"rendered":"https:\/\/sietecolores.co\/?product=oregano-2"},"modified":"2023-11-23T19:11:55","modified_gmt":"2023-11-23T19:11:55","slug":"oregano-2","status":"publish","type":"product","link":"https:\/\/sietecolores.co\/?product=oregano-2","title":{"rendered":"Or\u00e9gano"},"content":{"rendered":"<p>(Origanum vulgare)<\/p>\n<p>&#8211; FORTALECE LA LEALTAD. Extracci\u00f3n consciente no industrializada<\/p>\n<p>&nbsp;<\/p>\n<p>&#8211; Es una hierba que forma un peque\u00f1o arbusto achaparrado .<br \/>\n&#8211; Se ha usado por siglos como condimento y medicina. Cl\u00e1sico en la cocina italiana.<br \/>\n&#8211; Es nativo de la regi\u00f3n mediterr\u00e1nea. Ya hoy su cultivo se ha extendido por el mundo entero.<br \/>\n&#8211; Su aceite se extrae por destilaci\u00f3n a vapor de sus tallos, sus hojas y sus flores. Se recolectan las sumidades floridas es decir los extremos de las ramas que contienen hojas y flores en plena floraci\u00f3n.<\/p>\n<p>PROPIEDADES TERAP\u00c9UTICAS F\u00cdSICAS<\/p>\n<p>&#8211; T\u00f3nico digestivo<br \/>\n&#8211; Sistema respiratorio por sus propiedades antiinflamatorias, antis\u00e9pticas y expectorantes<br \/>\n&#8211; Carminativo eliminando gases y flatulencias<br \/>\n&#8211; Potente antiinflamatorio<br \/>\n&#8211; Investigaciones confirman su utilidad en osteoporosis y arterioesclerosis<br \/>\n&#8211; Antioxidante<br \/>\n&#8211; Potente antibacteriano.<br \/>\n&#8211; Antiviral previniendo contagios<br \/>\n&#8211; Anti fungicida<br \/>\n&#8211; Por v\u00eda t\u00f3pica puede usarse para la caspa y el acn\u00e9<br \/>\n&#8211; Antioxidante protegiendo de la acci\u00f3n de los radicales libres y estimulando el sistema inmune<br \/>\n-Anticancer\u00edgeno<br \/>\n&#8211; Estimula la circulaci\u00f3n sangu\u00ednea<\/p>\n<p>PROPIEDADES TERAP\u00c9UTICAS ENERG\u00c9TICAS<\/p>\n<p>Propicia la lealtad y la fidelidad<br \/>\n&#8211; Potencia nuestra intuici\u00f3n y desarrollo ps\u00edquico<br \/>\n&#8211; Armoniza y da paz en los hogares<br \/>\n&#8211; Libera las almas en el momento de su muerte<br \/>\n&#8211; Es una planta que nos acoge y da consuelo cuando tenemos una decepci\u00f3n amorosa<br \/>\n&#8211; Tiene el poder protector contra el mal y las energ\u00edas negativas<br \/>\n&#8211; Atrae el amor verdadero<\/p>\n<p>&nbsp;<\/p>\n","protected":false},"excerpt":{"rendered":"<p>FORTALECE LA LEALTAD. Extracci\u00f3n consciente no industrializada<\/p>\n<p>Carminativo eliminando gases y flatulencias. Es una planta que nos acoge y da consuelo cuando tenemos una decepci\u00f3n amorosa.<\/p>\n","protected":false},"featured_media":180,"comment_status":"open","ping_status":"closed","template":"","meta":{"_monsterinsights_skip_tracking":false,"_monsterinsights_sitenote_active":false,"_monsterinsights_sitenote_note":"","_monsterinsights_sitenote_category":0,"_joinchat":[]},"product_brand":[],"product_cat":[26],"product_tag":[],"class_list":{"0":"post-604","1":"product","2":"type-product","3":"status-publish","4":"has-post-thumbnail","6":"product_cat-aceites-sagrados","8":"first","9":"onbackorder","10":"shipping-taxable","11":"purchasable","12":"product-type-simple"},"aioseo_notices":[],"_links":{"self":[{"href":"https:\/\/sietecolores.co\/index.php?rest_route=\/wp\/v2\/product\/604","targetHints":{"allow":["GET"]}}],"collection":[{"href":"https:\/\/sietecolores.co\/index.php?rest_route=\/wp\/v2\/product"}],"about":[{"href":"https:\/\/sietecolores.co\/index.php?rest_route=\/wp\/v2\/types\/product"}],"replies":[{"embeddable":true,"href":"https:\/\/sietecolores.co\/index.php?rest_route=%2Fwp%2Fv2%2Fcomments&post=604"}],"wp:featuredmedia":[{"embeddable":true,"href":"https:\/\/sietecolores.co\/index.php?rest_route=\/wp\/v2\/media\/180"}],"wp:attachment":[{"href":"https:\/\/sietecolores.co\/index.php?rest_route=%2Fwp%2Fv2%2Fmedia&parent=604"}],"wp:term":[{"taxonomy":"product_brand","embeddable":true,"href":"https:\/\/sietecolores.co\/index.php?rest_route=%2Fwp%2Fv2%2Fproduct_brand&post=604"},{"taxonomy":"product_cat","embeddable":true,"href":"https:\/\/sietecolores.co\/index.php?rest_route=%2Fwp%2Fv2%2Fproduct_cat&post=604"},{"taxonomy":"product_tag","embeddable":true,"href":"https:\/\/sietecolores.co\/index.php?rest_route=%2Fwp%2Fv2%2Fproduct_tag&post=604"}],"curies":[{"name":"wp","href":"https:\/\/api.w.org\/{rel}","templated":true}]}}