{"id":605,"date":"2023-10-31T22:16:45","date_gmt":"2023-10-31T22:16:45","guid":{"rendered":"https:\/\/sietecolores.co\/?product=palo-santo-2"},"modified":"2024-09-16T19:58:33","modified_gmt":"2024-09-16T19:58:33","slug":"palo-santo-2","status":"publish","type":"product","link":"https:\/\/sietecolores.co\/?product=palo-santo-2","title":{"rendered":"Palo Santo"},"content":{"rendered":"<p>(Bursera Graveolens)<\/p>\n<p>&#8211; CONECTA CON NUESTRA SABIDUR\u00cdA ANCESTRA. Extracci\u00f3n consciente no industrializada.<\/p>\n<p>&#8211; Crece en bosques secos en gran parte de Am\u00e9rica tropical en la costa Pac\u00edfica de Suram\u00e9rica. Es considerada madera sagrada. El palo santo ha sido llamado por comunidades ind\u00edgenas el Fuego Sagrado<\/p>\n<p>&#8211; Su aceite se extrae de la corteza del \u00e1rbol que debe morir por s\u00ed solo, y esperar a que su madera seque m\u00ednimo 4 a\u00f1os, realmente el \u00e1rbol desarrolla el aroma despu\u00e9s de estos 4 a\u00f1os. El aceite solo puede extraerse de \u00e1rboles que han muerto naturalmente no funciona en \u00e1rboles talados.<\/p>\n<p>&#8211; El aceite se destila por arrastre a vapor, a una temperatura muy baja, especialmente en este aceite se requiere controlar la temperatura para que las mol\u00e9culas no se destruyan. Su aroma es dulce, amaderado e intenso con toques c\u00edtricos y mentolados. El aceite obtenido es de color amarillo claro.<\/p>\n<p>PROPIEDADES TERAP\u00c9UTICAS F\u00cdSICAS<\/p>\n<p>&#8211; Anticancer\u00edgeno principalmente mama, h\u00edgado, est\u00f3mago, pulmones, piel y p\u00e1ncreas<br \/>\n&#8211; Estimula el sistema inmunol\u00f3gico<br \/>\n&#8211; Antibacteriano<br \/>\n&#8211; Diur\u00e9tico<br \/>\n&#8211; Fortalece el sistema cardiovascular principalmente el coraz\u00f3n<br \/>\n&#8211; Balance hormonal<br \/>\n&#8211; Sistema respiratorio: alergias y asma<br \/>\n&#8211; Afrodisiaco<br \/>\n&#8211; Eficaz en micosis cut\u00e1neas<br \/>\n&#8211; Equilibra los dos hemisferios cerebrales<br \/>\n&#8211; Apoya en estados de sue\u00f1o tranquilo<br \/>\n&#8211; Apoya en casos de v\u00e9rtigo<br \/>\n&#8211; Fortalece el sistema digestivo: reflujos y constipaci\u00f3n<br \/>\n&#8211; Condiciones psiqui\u00e1tricas<br \/>\n&#8211; Menorragia y dolor menstrual<\/p>\n<p>PROPIEDADES TERAP\u00c9UTICAS ENERG\u00c9TICAS<\/p>\n<p>&#8211; Activa tu templo interior.<br \/>\n&#8211; Ansiol\u00edtico: lleva a estados de calma, de paz y bienestar<br \/>\n&#8211; Relaja el estado mental y atrae la claridad emocional<br \/>\n&#8211; Trabaja en la transformaci\u00f3n del ego<br \/>\n&#8211; Nos conecta con nuestros seres queridos despu\u00e9s de la muerte<br \/>\n&#8211; Apoya a las familias que han tenido p\u00e9rdidas de sus seres queridos, terminando y procesando el duelo<br \/>\n&#8211; En meditaci\u00f3n permite el paso a estados superiores de consciencia<br \/>\n&#8211; Es un aceite que puede ayudar a almas perdidas y angustiadas a encaminarse a la luz y no distraerse por lo no concluido<br \/>\n&#8211; Apoya en sentimientos de abandono<br \/>\n&#8211; Apoya en cambiar decisiones frente al suicidio<br \/>\n&#8211; Expulsa fuerzas oscuras de nuestra alma<br \/>\n&#8211; Me permite experimentar la misericordia por mi hermano<\/p>\n<p>&nbsp;<\/p>\n","protected":false},"excerpt":{"rendered":"<p>CONECTA CON NUESTRA SABIDUR\u00cdA ANCESTRA. Extracci\u00f3n consciente no industrializada<\/p>\n<p>Sistema respiratorio: alergias y asma. Apoya en sentimientos de abandono.<\/p>\n","protected":false},"featured_media":181,"comment_status":"open","ping_status":"closed","template":"","meta":{"_monsterinsights_skip_tracking":false,"_monsterinsights_sitenote_active":false,"_monsterinsights_sitenote_note":"","_monsterinsights_sitenote_category":0,"_joinchat":[]},"product_brand":[],"product_cat":[26],"product_tag":[],"class_list":{"0":"post-605","1":"product","2":"type-product","3":"status-publish","4":"has-post-thumbnail","6":"product_cat-aceites-sagrados","8":"first","9":"instock","10":"shipping-taxable","11":"purchasable","12":"product-type-simple"},"aioseo_notices":[],"_links":{"self":[{"href":"https:\/\/sietecolores.co\/index.php?rest_route=\/wp\/v2\/product\/605","targetHints":{"allow":["GET"]}}],"collection":[{"href":"https:\/\/sietecolores.co\/index.php?rest_route=\/wp\/v2\/product"}],"about":[{"href":"https:\/\/sietecolores.co\/index.php?rest_route=\/wp\/v2\/types\/product"}],"replies":[{"embeddable":true,"href":"https:\/\/sietecolores.co\/index.php?rest_route=%2Fwp%2Fv2%2Fcomments&post=605"}],"wp:featuredmedia":[{"embeddable":true,"href":"https:\/\/sietecolores.co\/index.php?rest_route=\/wp\/v2\/media\/181"}],"wp:attachment":[{"href":"https:\/\/sietecolores.co\/index.php?rest_route=%2Fwp%2Fv2%2Fmedia&parent=605"}],"wp:term":[{"taxonomy":"product_brand","embeddable":true,"href":"https:\/\/sietecolores.co\/index.php?rest_route=%2Fwp%2Fv2%2Fproduct_brand&post=605"},{"taxonomy":"product_cat","embeddable":true,"href":"https:\/\/sietecolores.co\/index.php?rest_route=%2Fwp%2Fv2%2Fproduct_cat&post=605"},{"taxonomy":"product_tag","embeddable":true,"href":"https:\/\/sietecolores.co\/index.php?rest_route=%2Fwp%2Fv2%2Fproduct_tag&post=605"}],"curies":[{"name":"wp","href":"https:\/\/api.w.org\/{rel}","templated":true}]}}