{"id":609,"date":"2023-10-31T22:16:47","date_gmt":"2023-10-31T22:16:47","guid":{"rendered":"https:\/\/sietecolores.co\/?product=tomillo-3"},"modified":"2023-11-15T15:02:59","modified_gmt":"2023-11-15T15:02:59","slug":"tomillo-3","status":"publish","type":"product","link":"https:\/\/sietecolores.co\/?product=tomillo-3","title":{"rendered":"Tomillo"},"content":{"rendered":"<p>Valor, fortaleza y Coraje.<\/p>\n<p>&#8211; El g\u00e9nero Thymus originario del Mediterr\u00e1neo, aunque ya es cultivado con fines comerciales alrededor del mundo. Es utilizado con fines alimenticios, medicinales, ornamentales y m\u00e1gicos.<\/p>\n<p>&#8211; Su aceite esencial tiene una nota caliente, especiado, penetrante y herb\u00e1ceo.<\/p>\n<p>&#8211; Su aceite esencial se extrae por destilaci\u00f3n al vapor.<\/p>\n<p>PROPIEDADES TERAP\u00c9UTICAS F\u00cdSICAS<\/p>\n<p>&#8211; Antibacteriano<br \/>\n&#8211; Antimic\u00f3tico<br \/>\n&#8211; Reduce la presi\u00f3n arterial.<br \/>\n&#8211; Alivia problemas digestivos.<br \/>\n&#8211; Potente antis\u00e9ptico respiratorio<br \/>\n&#8211; Favorece la concentraci\u00f3n y la memoria.<br \/>\n&#8211; Diur\u00e9tico.<br \/>\n&#8211; Elimina el moho en viviendas.<br \/>\n&#8211; Contiene vitamina C, vitamina A, hierro, manganeso y cobre.<br \/>\n&#8211; Conservante de alimentos por su poder bactericida<br \/>\n&#8211; Usarlo con cuidado en personas con estre\u00f1imiento, por sus propiedades astringentes.<br \/>\n&#8211; Tiene una funci\u00f3n supresora de la tiroides, tener cuidado con personas con hipotiroidismo.<br \/>\n&#8211; Espec\u00edfico para infecciones del tracto genitourinario.<br \/>\n&#8211; Fortalece sistema inmune estimulando la producci\u00f3n de c\u00e9lulas blancas en la sangre.<\/p>\n<p>PROPIEDADES TERAP\u00c9UTICAS ENERG\u00c9TICAS<\/p>\n<p>&#8211; Gran poder sanador, purificador y liberador.<br \/>\n&#8211; Infunde valor y fortaleza.<br \/>\n&#8211; Otorga gran fuerza de voluntad.<br \/>\n&#8211; Ahuyenta miedos y obsesiones.<br \/>\n&#8211; Alejas pesadillas durante el sue\u00f1o.<br \/>\n&#8211; Atrae seres m\u00e1gicos, desarrolla nuestros poderes ps\u00edquicos y clarividencia; amplia nuestra intuici\u00f3n y nuestro sexto sentido.<br \/>\n&#8211; Aleja las pesadillas.<br \/>\n&#8211; Mantiene tu palabra fresca, firme y elocuente: Nos da fuerza en la palabra para expresar lo necesario sin herir, pero permitiendo sanar.<br \/>\n&#8211; Aumenta nuestra fuerza interior y nos da serenidad.<br \/>\n&#8211; Tiene lazos con la belleza por eso su planeta regente: regido por Venus.<br \/>\n&#8211; Para limpiar ambientes cargados con atmosferas densas donde se respiran malas energ\u00edas.<br \/>\n&#8211; Es uno de los m\u00e1s potentes purificadores del cuerpo emocional resolviendo sentimientos atrapados<br \/>\n&#8211; Relacionado con el Chacra de la garganta.<\/p>\n<p>&nbsp;<\/p>\n<p>&nbsp;<\/p>\n","protected":false},"excerpt":{"rendered":"<p>Valor, fortaleza y Coraje.\u00a0Para limpiar ambientes cargados con atm\u00f3sferas densas donde se respiran malas energ\u00edas.<br \/>\nEs uno de los m\u00e1s potentes purificadores del cuerpo emocional resolviendo sentimientos atrapados.<\/p>\n","protected":false},"featured_media":150,"comment_status":"open","ping_status":"closed","template":"","meta":{"_monsterinsights_skip_tracking":false,"_monsterinsights_sitenote_active":false,"_monsterinsights_sitenote_note":"","_monsterinsights_sitenote_category":0,"_joinchat":[]},"product_brand":[],"product_cat":[27],"product_tag":[],"class_list":{"0":"post-609","1":"product","2":"type-product","3":"status-publish","4":"has-post-thumbnail","6":"product_cat-aceites-esenciales","8":"first","9":"instock","10":"shipping-taxable","11":"purchasable","12":"product-type-simple"},"aioseo_notices":[],"_links":{"self":[{"href":"https:\/\/sietecolores.co\/index.php?rest_route=\/wp\/v2\/product\/609","targetHints":{"allow":["GET"]}}],"collection":[{"href":"https:\/\/sietecolores.co\/index.php?rest_route=\/wp\/v2\/product"}],"about":[{"href":"https:\/\/sietecolores.co\/index.php?rest_route=\/wp\/v2\/types\/product"}],"replies":[{"embeddable":true,"href":"https:\/\/sietecolores.co\/index.php?rest_route=%2Fwp%2Fv2%2Fcomments&post=609"}],"wp:featuredmedia":[{"embeddable":true,"href":"https:\/\/sietecolores.co\/index.php?rest_route=\/wp\/v2\/media\/150"}],"wp:attachment":[{"href":"https:\/\/sietecolores.co\/index.php?rest_route=%2Fwp%2Fv2%2Fmedia&parent=609"}],"wp:term":[{"taxonomy":"product_brand","embeddable":true,"href":"https:\/\/sietecolores.co\/index.php?rest_route=%2Fwp%2Fv2%2Fproduct_brand&post=609"},{"taxonomy":"product_cat","embeddable":true,"href":"https:\/\/sietecolores.co\/index.php?rest_route=%2Fwp%2Fv2%2Fproduct_cat&post=609"},{"taxonomy":"product_tag","embeddable":true,"href":"https:\/\/sietecolores.co\/index.php?rest_route=%2Fwp%2Fv2%2Fproduct_tag&post=609"}],"curies":[{"name":"wp","href":"https:\/\/api.w.org\/{rel}","templated":true}]}}