{"id":610,"date":"2023-10-31T22:16:48","date_gmt":"2023-10-31T22:16:48","guid":{"rendered":"https:\/\/sietecolores.co\/?product=poleo-2"},"modified":"2023-11-23T19:10:44","modified_gmt":"2023-11-23T19:10:44","slug":"poleo-2","status":"publish","type":"product","link":"https:\/\/sietecolores.co\/?product=poleo-2","title":{"rendered":"Poleo"},"content":{"rendered":"<p>(Clinopodium brownei)<\/p>\n<p>&#8211; REAFIRMA LA UNIDAD. Extracci\u00f3n consciente no industrializada.<\/p>\n<p>&#8211; Es una planta que se cree es originaria del Nuevo Mundo; Am\u00e9rica del Norte, Centroam\u00e9rica y Am\u00e9rica del Sur. Es utilizada como medicamento en las culturas ind\u00edgenas del sur de Colombia, Ecuador y Per\u00fa.<\/p>\n<p>&#8211; Toda la planta es muy arom\u00e1tica, tiene olor a menta tanto sus flores como sus ra\u00edces. Son plantas que crecen espont\u00e1neamente en los Paramos.<\/p>\n<p>&#8211; Se conoce en Ecuador y Colombia como Poleo Macho; Poleo Chico; Poleo Peque\u00f1o o Warmi Poleo (en idioma Kichwa). La destilaci\u00f3n del aceite esencial se hace por destilaci\u00f3n al vapor de sus partes a\u00e9reas.<\/p>\n<p>PROPIEDADES TERAP\u00c9UTICAS F\u00cdSICAS<\/p>\n<p>&#8211; Sistema respiratorio: Neumon\u00edas, bronquitis, expectorante, resfriados, gripas, tos.<br \/>\n&#8211; Problemas digestivos.<br \/>\n&#8211; Antis\u00e9ptico.<br \/>\n&#8211; Fortalece el coraz\u00f3n.<br \/>\n&#8211; Controla todas las formas reum\u00e1ticas: reumatismo, artrosis, dolor en las articulaciones, s\u00edndrome de hombro-brazo, artritis &#8211; reumatoidea.<br \/>\n&#8211; Sistema reproductor femenino: inflamaci\u00f3n de ovarios, c\u00f3licos y molestias menstruales, fertilidad.<br \/>\n&#8211; Problemas Renales.<br \/>\n&#8211; Deterioro Visual.<br \/>\n&#8211; Ansiedad<br \/>\n&#8211; Repelente insectos.<br \/>\n&#8211; Mejora las funciones cognitivas, memoria verbal y espacial.<br \/>\n&#8211; Enfermedad de Alzheimer.<br \/>\n&#8211; Enfermedades Neurovegetativas.<br \/>\n&#8211; Enfermedades autoinmunes<br \/>\n&#8211; Estimula p\u00e1ncreas y controla diabetes.<\/p>\n<p>PROPIEDADES TERAP\u00c9UTICAS ENER\u00c9TICAS<\/p>\n<p>&#8211; Afianza nuestro Yo superior y lo hace a trav\u00e9s del amor.<br \/>\n&#8211; La verdad llega a trav\u00e9s de la humildad y reafirma la unidad.<br \/>\n&#8211; La unidad de la creaci\u00f3n a trav\u00e9s de la procreaci\u00f3n; por esto el Aceite tiene conexi\u00f3n con la maternidad.<br \/>\n&#8211; Nos muestra la importancia de estar presentes.<br \/>\n&#8211; Despierta el ni\u00f1o interior dormido y congelado.<br \/>\n&#8211; El Poleo puede retirar de nuestro cuerpo el frio m\u00e1s profundo; la artritis es una enfermedad de frio profundo.<\/p>\n<p>&nbsp;<\/p>\n","protected":false},"excerpt":{"rendered":"<p>REAFIRMA LA UNIDAD. Extracci\u00f3n consciente no industrializada.<\/p>\n<p>Repelente. Afianza nuestro Yo superior y lo hace a trav\u00e9s del amor.<\/p>\n","protected":false},"featured_media":184,"comment_status":"open","ping_status":"closed","template":"","meta":{"_monsterinsights_skip_tracking":false,"_monsterinsights_sitenote_active":false,"_monsterinsights_sitenote_note":"","_monsterinsights_sitenote_category":0,"_joinchat":[]},"product_brand":[],"product_cat":[26],"product_tag":[],"class_list":{"0":"post-610","1":"product","2":"type-product","3":"status-publish","4":"has-post-thumbnail","6":"product_cat-aceites-sagrados","8":"first","9":"onbackorder","10":"shipping-taxable","11":"purchasable","12":"product-type-simple"},"aioseo_notices":[],"_links":{"self":[{"href":"https:\/\/sietecolores.co\/index.php?rest_route=\/wp\/v2\/product\/610","targetHints":{"allow":["GET"]}}],"collection":[{"href":"https:\/\/sietecolores.co\/index.php?rest_route=\/wp\/v2\/product"}],"about":[{"href":"https:\/\/sietecolores.co\/index.php?rest_route=\/wp\/v2\/types\/product"}],"replies":[{"embeddable":true,"href":"https:\/\/sietecolores.co\/index.php?rest_route=%2Fwp%2Fv2%2Fcomments&post=610"}],"wp:featuredmedia":[{"embeddable":true,"href":"https:\/\/sietecolores.co\/index.php?rest_route=\/wp\/v2\/media\/184"}],"wp:attachment":[{"href":"https:\/\/sietecolores.co\/index.php?rest_route=%2Fwp%2Fv2%2Fmedia&parent=610"}],"wp:term":[{"taxonomy":"product_brand","embeddable":true,"href":"https:\/\/sietecolores.co\/index.php?rest_route=%2Fwp%2Fv2%2Fproduct_brand&post=610"},{"taxonomy":"product_cat","embeddable":true,"href":"https:\/\/sietecolores.co\/index.php?rest_route=%2Fwp%2Fv2%2Fproduct_cat&post=610"},{"taxonomy":"product_tag","embeddable":true,"href":"https:\/\/sietecolores.co\/index.php?rest_route=%2Fwp%2Fv2%2Fproduct_tag&post=610"}],"curies":[{"name":"wp","href":"https:\/\/api.w.org\/{rel}","templated":true}]}}