{"id":611,"date":"2023-10-31T22:16:48","date_gmt":"2023-10-31T22:16:48","guid":{"rendered":"https:\/\/sietecolores.co\/?product=prontoalivio-2"},"modified":"2023-11-23T19:10:54","modified_gmt":"2023-11-23T19:10:54","slug":"prontoalivio-2","status":"publish","type":"product","link":"https:\/\/sietecolores.co\/?product=prontoalivio-2","title":{"rendered":"Prontoalivio"},"content":{"rendered":"<p>(Lippia Alba)<\/p>\n<p>&#8211; ARMONIZA COMBATIENDO LA MELANCOL\u00cdA. Extracci\u00f3n consciente no industrializada.<\/p>\n<p>CARACTER\u00cdSTICAS<\/p>\n<p>&#8211; Es un arbusto que crece hasta 1.5 metros de altura. Originario de Am\u00e9rica. Se extrae por arrastre a vapor de sus tallos y flores. Su aroma es ardiente y vigorizante.<\/p>\n<p>&#8211; Tambi\u00e9n llamada Salvia del Brasil, Lippia Arbustiva, Cidron, Juanilama, Hierba Negra, Santa Mar\u00eda, Pronto alivio, Salvia Morada, Pitiona.<\/p>\n<p>PROPIEDADES TERAP\u00c9UTICAS F\u00cdSICAS<\/p>\n<p>&#8211; Antiespasm\u00f3dico y relajante muscular.<br \/>\n&#8211; Trastornos digestivos: efectivo en el control de Helicobacter pylori.<br \/>\n&#8211; Expectorante<br \/>\n&#8211; Disminuye el az\u00facar en sangre siendo \u00fatil en la diabetes.<br \/>\n&#8211; Sedante de sistema nervioso; ansiol\u00edtico.<br \/>\n&#8211; Induce el sue\u00f1o.<br \/>\n&#8211; Analg\u00e9sico.<br \/>\n&#8211; Es una hierba sanadora en general.<\/p>\n<p>PROPIEDADES TERAP\u00c9UTICAS ENERG\u00c9TICAS<\/p>\n<p>&#8211; Apoya estados melanc\u00f3licos: combate estados de profunda tristeza que lleva a desinter\u00e9s y apat\u00eda por la vida.<br \/>\n&#8211; Armoniza la circulaci\u00f3n de energ\u00edas.<br \/>\n&#8211; Combate la dispersi\u00f3n, los miedos y las fobias.<br \/>\n&#8211; Crea armon\u00eda en mi entorno, siendo yo el armonizador.<br \/>\n&#8211; Aleja los pensamientos negativos, armonizando.<\/p>\n<p>&nbsp;<\/p>\n","protected":false},"excerpt":{"rendered":"<p>ARMONIZA COMBATIENDO LA MELANCOL\u00cdA. Extracci\u00f3n consciente no industrializada.<\/p>\n<p>Disminuye el az\u00facar en sangre siendo \u00fatil en la diabetes. Aleja los pensamientos negativos.<\/p>\n","protected":false},"featured_media":185,"comment_status":"open","ping_status":"closed","template":"","meta":{"_monsterinsights_skip_tracking":false,"_monsterinsights_sitenote_active":false,"_monsterinsights_sitenote_note":"","_monsterinsights_sitenote_category":0,"_joinchat":[]},"product_brand":[],"product_cat":[26],"product_tag":[],"class_list":{"0":"post-611","1":"product","2":"type-product","3":"status-publish","4":"has-post-thumbnail","6":"product_cat-aceites-sagrados","8":"first","9":"onbackorder","10":"shipping-taxable","11":"purchasable","12":"product-type-simple"},"aioseo_notices":[],"_links":{"self":[{"href":"https:\/\/sietecolores.co\/index.php?rest_route=\/wp\/v2\/product\/611","targetHints":{"allow":["GET"]}}],"collection":[{"href":"https:\/\/sietecolores.co\/index.php?rest_route=\/wp\/v2\/product"}],"about":[{"href":"https:\/\/sietecolores.co\/index.php?rest_route=\/wp\/v2\/types\/product"}],"replies":[{"embeddable":true,"href":"https:\/\/sietecolores.co\/index.php?rest_route=%2Fwp%2Fv2%2Fcomments&post=611"}],"wp:featuredmedia":[{"embeddable":true,"href":"https:\/\/sietecolores.co\/index.php?rest_route=\/wp\/v2\/media\/185"}],"wp:attachment":[{"href":"https:\/\/sietecolores.co\/index.php?rest_route=%2Fwp%2Fv2%2Fmedia&parent=611"}],"wp:term":[{"taxonomy":"product_brand","embeddable":true,"href":"https:\/\/sietecolores.co\/index.php?rest_route=%2Fwp%2Fv2%2Fproduct_brand&post=611"},{"taxonomy":"product_cat","embeddable":true,"href":"https:\/\/sietecolores.co\/index.php?rest_route=%2Fwp%2Fv2%2Fproduct_cat&post=611"},{"taxonomy":"product_tag","embeddable":true,"href":"https:\/\/sietecolores.co\/index.php?rest_route=%2Fwp%2Fv2%2Fproduct_tag&post=611"}],"curies":[{"name":"wp","href":"https:\/\/api.w.org\/{rel}","templated":true}]}}