{"id":612,"date":"2023-10-31T22:16:48","date_gmt":"2023-10-31T22:16:48","guid":{"rendered":"https:\/\/sietecolores.co\/?product=romero-2"},"modified":"2023-11-23T19:11:05","modified_gmt":"2023-11-23T19:11:05","slug":"romero-2","status":"publish","type":"product","link":"https:\/\/sietecolores.co\/?product=romero-2","title":{"rendered":"Romero"},"content":{"rendered":"<p>(Salvia Rosmarinus o Rosmarinus Officinalis)<\/p>\n<p>&#8211; ELEVA LA FUERZA ET\u00c9RICA, DESPERTANDO LA INTUICI\u00d3N Y LA CLARIVIDENCIA. Extracci\u00f3n consciente no industrializada.<\/p>\n<p>&#8211; Es una hierba le\u00f1osa . Nativo de las costas \u00e1ridas de la regi\u00f3n mediterr\u00e1nea, pero se ha extendido por el mundo ya que se adapta a todo tipo de suelo<\/p>\n<p>&#8211; Se extrae por destilaci\u00f3n a vapor. Su aroma herb\u00e1ceo, fresco, intenso, bals\u00e1mico, penetrante, limpio y amaderado.<\/p>\n<p>PROPIEDADES TERAP\u00c9UTICAS F\u00cdSICAS<\/p>\n<p>&#8211; Antioxidante previene enfermedades degenerativas.<br \/>\n&#8211; Estimulante de los fol\u00edculos pilosos .<br \/>\n&#8211; Estimula la memoria y la concentraci\u00f3n; al inhalarlo aumenta la oxigenaci\u00f3n cerebral mejorando la capacidad cognitiva favoreciendo as\u00ed, la concentraci\u00f3n y el aprendizaje.<br \/>\n&#8211; Favorece la digesti\u00f3n.<br \/>\n&#8211; Act\u00faa en adicciones por alcohol.<br \/>\n&#8211; Desintoxica y activa las funciones del h\u00edgado, ves\u00edcula biliar y p\u00e1ncreas.<br \/>\n&#8211; Diur\u00e9tico.<br \/>\n&#8211; Regula el flujo menstrual.<br \/>\n&#8211; En general act\u00faa sobre el sistema circulatorio en problemas de irrigaci\u00f3n sangu\u00ednea<br \/>\n&#8211; Descongestivo venoso, act\u00faa sobre varices y celulitis.<br \/>\n&#8211; Mucolitico<br \/>\n&#8211; Analg\u00e9sico en dolores articulares y musculares.<br \/>\n&#8211; Disminuye el colesterol<br \/>\n&#8211; Hipotenso.<\/p>\n<p>PROPIEDADES TERAP\u00c9UTICAS ENERG\u00c9TICAS<\/p>\n<p>&#8211; Limpia, purifica y protege.<br \/>\n&#8211; Induce los sue\u00f1os felices y placenteros.<br \/>\n&#8211; Abre canales para la prosperidad y la abundancia<br \/>\n&#8211; Activa poderosas ondas electromagn\u00e9ticas en nuestra aura o circulo energ\u00e9tico en nuestra casa y nuestros ambientes; estas ondas vibracionales activan un escudo protector contra influencias negativas, energ\u00edas discordantes o ataques energ\u00e9ticos.<br \/>\n&#8211; Atrae la fertilidad, la confianza y la fidelidad<br \/>\n&#8211; Activa plexo solar y tercer ojo.<br \/>\n&#8211; Estimula la intuici\u00f3n y la clarividencia.<br \/>\n&#8211; Despierta la creatividad y la inspiraci\u00f3n.<br \/>\n&#8211; Vence la pereza despejando la mente.<\/p>\n<p>&nbsp;<\/p>\n","protected":false},"excerpt":{"rendered":"<p>ELEVA LA FUERZA ET\u00c9RICA, DESPERTANDO LA INTUICI\u00d3N Y LA CLARIVIDENCIA. Extracci\u00f3n consciente no industrializada.<\/p>\n<p>Regula el flujo menstrual. Despierta la creatividad y la inspiraci\u00f3n.<\/p>\n<p>&nbsp;<\/p>\n","protected":false},"featured_media":186,"comment_status":"open","ping_status":"closed","template":"","meta":{"_monsterinsights_skip_tracking":false,"_monsterinsights_sitenote_active":false,"_monsterinsights_sitenote_note":"","_monsterinsights_sitenote_category":0,"_joinchat":[]},"product_brand":[],"product_cat":[26],"product_tag":[],"class_list":{"0":"post-612","1":"product","2":"type-product","3":"status-publish","4":"has-post-thumbnail","6":"product_cat-aceites-sagrados","8":"first","9":"onbackorder","10":"shipping-taxable","11":"purchasable","12":"product-type-simple"},"aioseo_notices":[],"_links":{"self":[{"href":"https:\/\/sietecolores.co\/index.php?rest_route=\/wp\/v2\/product\/612","targetHints":{"allow":["GET"]}}],"collection":[{"href":"https:\/\/sietecolores.co\/index.php?rest_route=\/wp\/v2\/product"}],"about":[{"href":"https:\/\/sietecolores.co\/index.php?rest_route=\/wp\/v2\/types\/product"}],"replies":[{"embeddable":true,"href":"https:\/\/sietecolores.co\/index.php?rest_route=%2Fwp%2Fv2%2Fcomments&post=612"}],"wp:featuredmedia":[{"embeddable":true,"href":"https:\/\/sietecolores.co\/index.php?rest_route=\/wp\/v2\/media\/186"}],"wp:attachment":[{"href":"https:\/\/sietecolores.co\/index.php?rest_route=%2Fwp%2Fv2%2Fmedia&parent=612"}],"wp:term":[{"taxonomy":"product_brand","embeddable":true,"href":"https:\/\/sietecolores.co\/index.php?rest_route=%2Fwp%2Fv2%2Fproduct_brand&post=612"},{"taxonomy":"product_cat","embeddable":true,"href":"https:\/\/sietecolores.co\/index.php?rest_route=%2Fwp%2Fv2%2Fproduct_cat&post=612"},{"taxonomy":"product_tag","embeddable":true,"href":"https:\/\/sietecolores.co\/index.php?rest_route=%2Fwp%2Fv2%2Fproduct_tag&post=612"}],"curies":[{"name":"wp","href":"https:\/\/api.w.org\/{rel}","templated":true}]}}