{"id":613,"date":"2023-10-31T22:16:48","date_gmt":"2023-10-31T22:16:48","guid":{"rendered":"https:\/\/sietecolores.co\/?product=tomillo-4"},"modified":"2023-11-23T19:11:26","modified_gmt":"2023-11-23T19:11:26","slug":"tomillo-4","status":"publish","type":"product","link":"https:\/\/sietecolores.co\/?product=tomillo-4","title":{"rendered":"Tomillo"},"content":{"rendered":"<p>(Thymus Vulgaris)<\/p>\n<p>Valor, fortaleza y Coraje. \u00a0Extracci\u00f3n consciente no industrializada.<\/p>\n<p>&#8211; El g\u00e9nero Thymus originario del Mediterr\u00e1neo, aunque ya es cultivado con fines comerciales alrededor del mundo. Es utilizado con fines alimenticios, medicinales, ornamentales y m\u00e1gicos.<\/p>\n<p>&#8211; Su aceite esencial tiene una nota caliente, especiado, penetrante y herb\u00e1ceo. Su aceite esencial se extrae por destilaci\u00f3n al vapor.<\/p>\n<p>PROPIEDADES TERAPEUTICAS F\u00cdSICAS<\/p>\n<p>&#8211; Antibacteriano<br \/>\n&#8211; Antimic\u00f3tico<br \/>\n&#8211; Reduce la presi\u00f3n arterial<br \/>\n&#8211; Alivia problemas digestivos<br \/>\n&#8211; Potente antis\u00e9ptico respiratorio.<br \/>\n&#8211; Favorece la concentraci\u00f3n y la memoria<br \/>\n&#8211; Diur\u00e9tico<br \/>\n&#8211; Repelentes de mosquitos<br \/>\n&#8211; Diur\u00e9tico.<br \/>\n&#8211; Elimina el moho en viviendas.<br \/>\n&#8211; Contiene vitamina C, vitamina A, hierro, manganeso y cobre.<br \/>\n&#8211; Conservante de alimentos por su poder bactericida.<br \/>\n&#8211; Usarlo con cuidado en personas con estre\u00f1imiento, por sus propiedades astringentes.<br \/>\n&#8211; Tiene una funci\u00f3n supresora de la tiroides, tener cuidado con personas con hipotiroidismo.<br \/>\n&#8211; Especifico para infecciones del tracto genito urinario.<br \/>\n&#8211; Fortalece sistema inmune estimulando la producci\u00f3n de c\u00e9lulas blancas en la sangre.<\/p>\n<p>PROPIEDADES TERAP\u00c9UTICAS ENERG\u00c9TICAS<\/p>\n<p>&#8211; Gran poder sanador, purificador y liberador.<br \/>\n&#8211; Infunde valor y fortaleza.<br \/>\n&#8211; Otorga gran fuerza de voluntad.<br \/>\n&#8211; Ahuyenta miedos y obsesiones.<br \/>\n&#8211; Aleja pesadillas durante el sue\u00f1o.<br \/>\n&#8211; Atrae seres m\u00e1gicos, desarrolla nuestros poderes ps\u00edquicos y clarividencia; amplia nuestra intuici\u00f3n y nuestro sexto sentido.<br \/>\n&#8211; Mantiene tu palabra fresca, firme y elocuente.<br \/>\n&#8211; Aumenta nuestra fuerza interior y nos da serenidad.<br \/>\n&#8211; Tiene lazos con la belleza por su planeta regente: regido por Venus<br \/>\n&#8211; Para limpiar ambientes cargados con atmosferas densas donde se respiran malas energ\u00edas<br \/>\n&#8211; Es uno de los mas potentes purificadores del cuerpo emocional resolviendo sentimientos atrapados.<br \/>\n&#8211; Relacionado con el chacra de la garganta<\/p>\n","protected":false},"excerpt":{"rendered":"<p>VALOR, CORAJE Y FORTALEZA. Extracci\u00f3n consciente no industrializada.<\/p>\n<p>Potente antis\u00e9ptico respiratorio.\u00a0Favorece la concentraci\u00f3n y la memoria.<\/p>\n","protected":false},"featured_media":189,"comment_status":"open","ping_status":"closed","template":"","meta":{"_monsterinsights_skip_tracking":false,"_monsterinsights_sitenote_active":false,"_monsterinsights_sitenote_note":"","_monsterinsights_sitenote_category":0,"_joinchat":[]},"product_brand":[],"product_cat":[26],"product_tag":[],"class_list":{"0":"post-613","1":"product","2":"type-product","3":"status-publish","4":"has-post-thumbnail","6":"product_cat-aceites-sagrados","8":"first","9":"onbackorder","10":"shipping-taxable","11":"purchasable","12":"product-type-simple"},"aioseo_notices":[],"_links":{"self":[{"href":"https:\/\/sietecolores.co\/index.php?rest_route=\/wp\/v2\/product\/613","targetHints":{"allow":["GET"]}}],"collection":[{"href":"https:\/\/sietecolores.co\/index.php?rest_route=\/wp\/v2\/product"}],"about":[{"href":"https:\/\/sietecolores.co\/index.php?rest_route=\/wp\/v2\/types\/product"}],"replies":[{"embeddable":true,"href":"https:\/\/sietecolores.co\/index.php?rest_route=%2Fwp%2Fv2%2Fcomments&post=613"}],"wp:featuredmedia":[{"embeddable":true,"href":"https:\/\/sietecolores.co\/index.php?rest_route=\/wp\/v2\/media\/189"}],"wp:attachment":[{"href":"https:\/\/sietecolores.co\/index.php?rest_route=%2Fwp%2Fv2%2Fmedia&parent=613"}],"wp:term":[{"taxonomy":"product_brand","embeddable":true,"href":"https:\/\/sietecolores.co\/index.php?rest_route=%2Fwp%2Fv2%2Fproduct_brand&post=613"},{"taxonomy":"product_cat","embeddable":true,"href":"https:\/\/sietecolores.co\/index.php?rest_route=%2Fwp%2Fv2%2Fproduct_cat&post=613"},{"taxonomy":"product_tag","embeddable":true,"href":"https:\/\/sietecolores.co\/index.php?rest_route=%2Fwp%2Fv2%2Fproduct_tag&post=613"}],"curies":[{"name":"wp","href":"https:\/\/api.w.org\/{rel}","templated":true}]}}