{"id":614,"date":"2023-10-31T22:16:49","date_gmt":"2023-10-31T22:16:49","guid":{"rendered":"https:\/\/sietecolores.co\/?product=aceite-corporal-equilibrio-ambar-2"},"modified":"2023-11-07T16:34:08","modified_gmt":"2023-11-07T16:34:08","slug":"aceite-corporal-equilibrio-ambar-2","status":"publish","type":"product","link":"https:\/\/sietecolores.co\/?product=aceite-corporal-equilibrio-ambar-2","title":{"rendered":"Aceite Corporal \u2013 Equilibrio Ambar"},"content":{"rendered":"<p>La poderosa combinaci\u00f3n de los aceites esenciales seleccionados para este prop\u00f3sito, energizados con cristales de Obsidiana, brindan el equilibrio que tu cuerpo y mente necesitan para sentirse en armon\u00eda y estabilidad, elevando tu conciencia, disminuyendo tus niveles de ansiedad y los altibajos emocionales.<\/p>\n<p>Controla ansiedades, depresiones, fobias y adicciones.<\/p>\n<p>Expande tu consciencia, estabiliza tu plexo solar controlando tu ansiedad y tus emociones permitiendo una relaci\u00f3n arm\u00f3nica con tu entorno.<\/p>\n<p>Principales componentes:<\/p>\n<p>Salvia, Rosa, Bergamota, Naranja, Limoncillo, Ylang Ylang, Romero, Jazm\u00edn, Patchouli, Incienso, Albahaca, \u00c1rbol de t\u00e9, S\u00e1ndalo, Neroli, An\u00eds, C\u00farcuma, Tomillo, Vainilla, Mirra, Cipr\u00e9s Eucalipto.<\/p>\n<p>Usos:<\/p>\n<p>&#8211; T\u00f3pico. Inhalaci\u00f3n.<\/p>\n<p>&#8211; A trav\u00e9s del masaje corporal, la inhalaci\u00f3n o la aplicaci\u00f3n en puntos energ\u00e9ticos, reconforta y te da una sensaci\u00f3n de bienestar y tranquilidad. Ayuda a armonizar el tercer chakra o plexo solar como punto vital.<\/p>\n<p>&#8211; Te recomendamos usar Equilibrio \u00c1mbar en el centro energ\u00e9tico de tu cuerpo, alrededor del ombligo.<\/p>\n<p>Aroma:<\/p>\n<p>&#8211; Resinoso, dulce, profundo y le\u00f1oso.<\/p>\n<p>Modo de extracci\u00f3n:<\/p>\n<p>&#8211; Destilaci\u00f3n o extracci\u00f3n por arrastre de vapor.<\/p>\n<p>Recomendaciones:<\/p>\n<p>No lo ingieras o pongas en contacto con los ojos u otras mucosas. Mantenlo fuera del alcance de los ni\u00f1os.<\/p>\n<p>Presentaci\u00f3n:<\/p>\n<p>Intenso Roll-On Prop\u00f3sito Maestro x 10 ml<\/p>\n<p>Con una alta concentraci\u00f3n de los aceites seleccionados, la presentaci\u00f3n roll-on te permitir\u00e1 disfrutar de una mezcla intensa y con mayor densidad, que podr\u00e1s aplicar de manera f\u00e1cil y sin riesgo de derrames, en los puntos energ\u00e9ticos de tu cuerpo.<\/p>\n<p>Otras Presentaciones:<\/p>\n<p>Aceite Prop\u00f3sito Maestro x 5 ml<br \/>\nEsencia Ambiente x 70 ml<br \/>\nAceite Corporal x 30 ml<br \/>\nBruma x30 ml<\/p>\n","protected":false},"excerpt":{"rendered":"<p>Controla ansiedades, depresiones, fobias y adicciones. \u00a0Te recomendamos usar Equilibrio \u00c1mbar en el centro energ\u00e9tico de tu cuerpo, alrededor del ombligo.<\/p>\n","protected":false},"featured_media":194,"comment_status":"open","ping_status":"closed","template":"","meta":{"_monsterinsights_skip_tracking":false,"_monsterinsights_sitenote_active":false,"_monsterinsights_sitenote_note":"","_monsterinsights_sitenote_category":0,"_joinchat":[]},"product_brand":[],"product_cat":[43,36,25],"product_tag":[],"class_list":{"0":"post-614","1":"product","2":"type-product","3":"status-publish","4":"has-post-thumbnail","6":"product_cat-aceites-corporales","7":"product_cat-equilibrio-ambar","8":"product_cat-propositos-maestros","10":"first","11":"instock","12":"shipping-taxable","13":"purchasable","14":"product-type-simple"},"aioseo_notices":[],"_links":{"self":[{"href":"https:\/\/sietecolores.co\/index.php?rest_route=\/wp\/v2\/product\/614","targetHints":{"allow":["GET"]}}],"collection":[{"href":"https:\/\/sietecolores.co\/index.php?rest_route=\/wp\/v2\/product"}],"about":[{"href":"https:\/\/sietecolores.co\/index.php?rest_route=\/wp\/v2\/types\/product"}],"replies":[{"embeddable":true,"href":"https:\/\/sietecolores.co\/index.php?rest_route=%2Fwp%2Fv2%2Fcomments&post=614"}],"wp:featuredmedia":[{"embeddable":true,"href":"https:\/\/sietecolores.co\/index.php?rest_route=\/wp\/v2\/media\/194"}],"wp:attachment":[{"href":"https:\/\/sietecolores.co\/index.php?rest_route=%2Fwp%2Fv2%2Fmedia&parent=614"}],"wp:term":[{"taxonomy":"product_brand","embeddable":true,"href":"https:\/\/sietecolores.co\/index.php?rest_route=%2Fwp%2Fv2%2Fproduct_brand&post=614"},{"taxonomy":"product_cat","embeddable":true,"href":"https:\/\/sietecolores.co\/index.php?rest_route=%2Fwp%2Fv2%2Fproduct_cat&post=614"},{"taxonomy":"product_tag","embeddable":true,"href":"https:\/\/sietecolores.co\/index.php?rest_route=%2Fwp%2Fv2%2Fproduct_tag&post=614"}],"curies":[{"name":"wp","href":"https:\/\/api.w.org\/{rel}","templated":true}]}}