{"id":616,"date":"2023-10-31T22:16:49","date_gmt":"2023-10-31T22:16:49","guid":{"rendered":"https:\/\/sietecolores.co\/?product=aceite-corporal-sueno-violeta"},"modified":"2023-11-07T16:39:41","modified_gmt":"2023-11-07T16:39:41","slug":"aceite-corporal-sueno-violeta","status":"publish","type":"product","link":"https:\/\/sietecolores.co\/?product=aceite-corporal-sueno-violeta","title":{"rendered":"Aceite Corporal \u2013 Sue\u00f1o Violeta"},"content":{"rendered":"<p>Su prop\u00f3sito es inducir a un sue\u00f1o reparador y un completo descanso. Cuando duermes le entregas al universo tus sue\u00f1os y anhelos.<\/p>\n<p>Es un aceite para masajes y fricci\u00f3n de acuerdo al prop\u00f3sito. El aceite vehicular y portador vegetal es el aceite de jojoba que tiene r\u00e1pida absorci\u00f3n en piel y no te deja sensaci\u00f3n grasosa.<\/p>\n<p>Una mezcla de aceites esenciales seleccionados y extractados cuidadosamente de manera artesanal y energizados con cristales de amatista, para inducir a un sue\u00f1o reparador y un completo descanso.<\/p>\n<p>Cuando duermes le entregas al universo tus sue\u00f1os y anhelos.<\/p>\n<p>Con Sue\u00f1o Violeta podr\u00e1s conectarte con lo que el universo tiene planeado para ti.<\/p>\n<p>Mezcla de Aceites esenciales de: Lavanda, Romero, Vainilla, Cedro, Mirra, Neroli, Jazm\u00edn, Cannabis.<\/p>\n<p>Aroma:<\/p>\n<p>Fresco, dulce y amaderado.<\/p>\n<p>Usos y aplicaci\u00f3n:<\/p>\n<p>&#8211; T\u00f3pico. Inhalaci\u00f3n. Aplica sobre las alas de la nariz, entrecejo, sienes, detr\u00e1s de las orejas, interior de codos, mu\u00f1ecas, rodillas y tobillos y en puntos f\u00edsicos de tus chacras.<\/p>\n<p>Modo de extracci\u00f3n:<\/p>\n<p>&#8211; Destilaci\u00f3n o extracci\u00f3n por arrastre de vapor.<\/p>\n<p>Recomendaciones:<\/p>\n<p>&#8211; No lo ingieras o pongas en contacto con los ojos u otras mucosas. Mantenlo fuera del alcance de los ni\u00f1os.<\/p>\n<p>Presentaci\u00f3n:<\/p>\n<p>Aceite Corporal Prop\u00f3sito Maestro x 30 ml<br \/>\nEsta presentaci\u00f3n con v\u00e1lvula dispensadora te permitir\u00e1 mediante un push extraer la cantidad que requieras para frotar sobre tu piel.Es ideal para masajear tu cuerpo ya que tiene una r\u00e1pida absorci\u00f3n sin sensaci\u00f3n grasosa.<\/p>\n<p>Otras Presentaciones:<\/p>\n<p>Intenso Roll-On x 10ml<br \/>\nAceite Prop\u00f3sito Maestro x 5 ml<br \/>\nEsencia Ambiente x 70 ml<br \/>\nAceite Corporal x 30 ml<br \/>\nBruma x30 ml<\/p>\n","protected":false},"excerpt":{"rendered":"<p>Su prop\u00f3sito es inducir a un sue\u00f1o reparador y un completo descanso. Cuando duermes le entregas al universo tus sue\u00f1os y anhelos. Aplica sobre las alas de la nariz, entrecejo, sienes, detr\u00e1s de las orejas, interior de codos, mu\u00f1ecas, rodillas y tobillos y en puntos f\u00edsicos de tus chacras.<\/p>\n","protected":false},"featured_media":197,"comment_status":"open","ping_status":"closed","template":"","meta":{"_monsterinsights_skip_tracking":false,"_monsterinsights_sitenote_active":false,"_monsterinsights_sitenote_note":"","_monsterinsights_sitenote_category":0,"_joinchat":[]},"product_brand":[],"product_cat":[43,25,35],"product_tag":[],"class_list":{"0":"post-616","1":"product","2":"type-product","3":"status-publish","4":"has-post-thumbnail","6":"product_cat-aceites-corporales","7":"product_cat-propositos-maestros","8":"product_cat-sueno-violeta","10":"first","11":"instock","12":"shipping-taxable","13":"purchasable","14":"product-type-simple"},"aioseo_notices":[],"_links":{"self":[{"href":"https:\/\/sietecolores.co\/index.php?rest_route=\/wp\/v2\/product\/616","targetHints":{"allow":["GET"]}}],"collection":[{"href":"https:\/\/sietecolores.co\/index.php?rest_route=\/wp\/v2\/product"}],"about":[{"href":"https:\/\/sietecolores.co\/index.php?rest_route=\/wp\/v2\/types\/product"}],"replies":[{"embeddable":true,"href":"https:\/\/sietecolores.co\/index.php?rest_route=%2Fwp%2Fv2%2Fcomments&post=616"}],"wp:featuredmedia":[{"embeddable":true,"href":"https:\/\/sietecolores.co\/index.php?rest_route=\/wp\/v2\/media\/197"}],"wp:attachment":[{"href":"https:\/\/sietecolores.co\/index.php?rest_route=%2Fwp%2Fv2%2Fmedia&parent=616"}],"wp:term":[{"taxonomy":"product_brand","embeddable":true,"href":"https:\/\/sietecolores.co\/index.php?rest_route=%2Fwp%2Fv2%2Fproduct_brand&post=616"},{"taxonomy":"product_cat","embeddable":true,"href":"https:\/\/sietecolores.co\/index.php?rest_route=%2Fwp%2Fv2%2Fproduct_cat&post=616"},{"taxonomy":"product_tag","embeddable":true,"href":"https:\/\/sietecolores.co\/index.php?rest_route=%2Fwp%2Fv2%2Fproduct_tag&post=616"}],"curies":[{"name":"wp","href":"https:\/\/api.w.org\/{rel}","templated":true}]}}