{"id":617,"date":"2023-10-31T22:16:49","date_gmt":"2023-10-31T22:16:49","guid":{"rendered":"https:\/\/sietecolores.co\/?product=aceite-corporal-alivio-celeste"},"modified":"2023-11-21T16:13:14","modified_gmt":"2023-11-21T16:13:14","slug":"aceite-corporal-alivio-celeste","status":"publish","type":"product","link":"https:\/\/sietecolores.co\/?product=aceite-corporal-alivio-celeste","title":{"rendered":"Aceite Corporal \u2013 Alivio Celeste"},"content":{"rendered":"<p>Descubre en esta importante selecci\u00f3n de aceites esenciales, energizados con cristales de sodalita, la mixtura necesaria para controlar los dolores , revitalizarte y encontrarte de nuevo con tu cuerpo sano.<\/p>\n<p>Dile adi\u00f3s a la tensi\u00f3n y al cansancio f\u00edsico que tu cuerpo ha acumulado durante a\u00f1os. Aplica sobre las sienes, cuello, detr\u00e1s de las orejas, entrecejo y coronilla.<\/p>\n<p>Controla dolores articulares y musculares. Siente un efecto analg\u00e9sico y relajante sin efectos secundarios.<\/p>\n<p>Principales componentes:<\/p>\n<p>Ylang Ylang, Eucalipto Menta, \u00c1rbol de t\u00e9, Romero, Cal\u00e9ndula, \u00c1rnica, Cannabis, Pronto Alivio, Or\u00e9gano, Jengibre, Winter Green, C\u00farcuma, Pimienta negra y cristales de Sodalita y Celestita.<\/p>\n<p>Usos:<\/p>\n<p>&#8211; T\u00f3pico. Inhalaci\u00f3n.<\/p>\n<p>&#8211; Aplica sobre las sienes, cuello, detr\u00e1s de las orejas, entrecejo y coronilla.<\/p>\n<p>&#8211; Aplica sobre puntos energ\u00e9ticos para una sensaci\u00f3n de bienestar y alivio.<\/p>\n<p>Presentaci\u00f3n:<\/p>\n<p>Aceite Corporal Prop\u00f3sito Maestro x 30 ml<br \/>\nEsta presentaci\u00f3n con v\u00e1lvula dispensadora te permitir\u00e1 mediante un push extraer la cantidad que requieras para frotar sobre tu piel. Es ideal para masajear tu cuerpo ya que tiene una r\u00e1pida absorci\u00f3n sin sensaci\u00f3n grasosa.<\/p>\n<p>Otras Presentaciones:<\/p>\n<p>Aceite Prop\u00f3sito Maestro x 5 ml<\/p>\n<p>Esencia Ambiente x 70 ml<\/p>\n<p>Aceite Corporal x 30 ml<\/p>\n<p>Bruma x30 ml<\/p>\n<p>Intenso Roll-On x 10ml<\/p>\n<p>Aroma:<\/p>\n<p>Frescura campestre.<\/p>\n<p>Modo de extracci\u00f3n:<\/p>\n<p>Destilaci\u00f3n o extracci\u00f3n por arrastre de vapor.<\/p>\n<p>Recomendaciones:<\/p>\n<p>No lo ingieras o pongas en contacto con los ojos u otras mucosas. Mantenlo fuera del alcance de los ni\u00f1os.<\/p>\n","protected":false},"excerpt":{"rendered":"<p>Dile adi\u00f3s a la tensi\u00f3n y al cansancio f\u00edsico que tu cuerpo ha acumulado durante a\u00f1os.<br \/>\nAplica sobre las sienes, cuello, detr\u00e1s de las orejas, entrecejo y coronilla.<\/p>\n","protected":false},"featured_media":192,"comment_status":"open","ping_status":"closed","template":"","meta":{"_monsterinsights_skip_tracking":false,"_monsterinsights_sitenote_active":false,"_monsterinsights_sitenote_note":"","_monsterinsights_sitenote_category":0,"_joinchat":[]},"product_brand":[],"product_cat":[43,34,25],"product_tag":[],"class_list":{"0":"post-617","1":"product","2":"type-product","3":"status-publish","4":"has-post-thumbnail","6":"product_cat-aceites-corporales","7":"product_cat-alivio-celeste","8":"product_cat-propositos-maestros","10":"first","11":"instock","12":"shipping-taxable","13":"purchasable","14":"product-type-simple"},"aioseo_notices":[],"_links":{"self":[{"href":"https:\/\/sietecolores.co\/index.php?rest_route=\/wp\/v2\/product\/617","targetHints":{"allow":["GET"]}}],"collection":[{"href":"https:\/\/sietecolores.co\/index.php?rest_route=\/wp\/v2\/product"}],"about":[{"href":"https:\/\/sietecolores.co\/index.php?rest_route=\/wp\/v2\/types\/product"}],"replies":[{"embeddable":true,"href":"https:\/\/sietecolores.co\/index.php?rest_route=%2Fwp%2Fv2%2Fcomments&post=617"}],"wp:featuredmedia":[{"embeddable":true,"href":"https:\/\/sietecolores.co\/index.php?rest_route=\/wp\/v2\/media\/192"}],"wp:attachment":[{"href":"https:\/\/sietecolores.co\/index.php?rest_route=%2Fwp%2Fv2%2Fmedia&parent=617"}],"wp:term":[{"taxonomy":"product_brand","embeddable":true,"href":"https:\/\/sietecolores.co\/index.php?rest_route=%2Fwp%2Fv2%2Fproduct_brand&post=617"},{"taxonomy":"product_cat","embeddable":true,"href":"https:\/\/sietecolores.co\/index.php?rest_route=%2Fwp%2Fv2%2Fproduct_cat&post=617"},{"taxonomy":"product_tag","embeddable":true,"href":"https:\/\/sietecolores.co\/index.php?rest_route=%2Fwp%2Fv2%2Fproduct_tag&post=617"}],"curies":[{"name":"wp","href":"https:\/\/api.w.org\/{rel}","templated":true}]}}