{"id":618,"date":"2023-10-31T22:16:50","date_gmt":"2023-10-31T22:16:50","guid":{"rendered":"https:\/\/sietecolores.co\/?product=aceite-corporal-vitalidad-granate"},"modified":"2025-04-01T21:10:47","modified_gmt":"2025-04-01T21:10:47","slug":"aceite-corporal-vitalidad-granate","status":"publish","type":"product","link":"https:\/\/sietecolores.co\/?product=aceite-corporal-vitalidad-granate","title":{"rendered":"Aceite Corporal \u2013 Vitalidad Granate"},"content":{"rendered":"<p>Te dar\u00e1 la energ\u00eda y la concentraci\u00f3n que requieres para rendir de manera efectiva en tus actividades diarias.<\/p>\n<p>Aplica sobre las sienes, cuello, detr\u00e1s de las orejas, entrecejo y coronilla.<\/p>\n<p>La fusi\u00f3n de estos aceites esenciales y la energ\u00eda del cristal de Jaspe rojo, te dar\u00e1n la energ\u00eda y la concentraci\u00f3n que requieres para rendir de manera efectiva en tus actividades diarias.<\/p>\n<p>Uso y aplicaci\u00f3n:<\/p>\n<p>T\u00f3pico. Inhalaci\u00f3n.<br \/>\nAplica sobre las sienes, cuello, detr\u00e1s de las orejas, entrecejo y coronilla.<\/p>\n<p>Modo de extracci\u00f3n:<\/p>\n<p>Destilaci\u00f3n o extracci\u00f3n por arrastre de vapor.<\/p>\n<p>Presentaci\u00f3n:<\/p>\n<p>Aceite Corporal Prop\u00f3sito Maestro x 30 ml<br \/>\nEsta presentaci\u00f3n con v\u00e1lvula dispensadora te permitir\u00e1 mediante un push extraer la cantidad que requieras para frotar sobre tu piel.Es ideal para masajear tu cuerpo ya que tiene una r\u00e1pida absorci\u00f3n sin sensaci\u00f3n grasosa.<\/p>\n<p>Otras Presentaciones:<br \/>\nIntenso Roll-On x 10ml<br \/>\nAceite Prop\u00f3sito Maestro x 5 ml<br \/>\nEsencia Ambiente x 70 ml<br \/>\nAceite Corporal x 30 ml<br \/>\nBruma x30 ml<\/p>\n<p>Recomendaciones:<\/p>\n<p>No lo ingieras o pongas en contacto con los ojos u otras mucosas. Mantenlo fuera del alcance de los ni\u00f1os.<\/p>\n","protected":false},"excerpt":{"rendered":"<p>Te dar\u00e1 la energ\u00eda y la concentraci\u00f3n que requieres para rendir de manera efectiva en tus actividades diarias.<\/p>\n","protected":false},"featured_media":838,"comment_status":"open","ping_status":"closed","template":"","meta":{"_monsterinsights_skip_tracking":false,"_monsterinsights_sitenote_active":false,"_monsterinsights_sitenote_note":"","_monsterinsights_sitenote_category":0,"_joinchat":[]},"product_brand":[],"product_cat":[43,25,37],"product_tag":[],"class_list":{"0":"post-618","1":"product","2":"type-product","3":"status-publish","4":"has-post-thumbnail","6":"product_cat-aceites-corporales","7":"product_cat-propositos-maestros","8":"product_cat-vitalidad-granate","10":"first","11":"instock","12":"shipping-taxable","13":"purchasable","14":"product-type-simple"},"aioseo_notices":[],"_links":{"self":[{"href":"https:\/\/sietecolores.co\/index.php?rest_route=\/wp\/v2\/product\/618","targetHints":{"allow":["GET"]}}],"collection":[{"href":"https:\/\/sietecolores.co\/index.php?rest_route=\/wp\/v2\/product"}],"about":[{"href":"https:\/\/sietecolores.co\/index.php?rest_route=\/wp\/v2\/types\/product"}],"replies":[{"embeddable":true,"href":"https:\/\/sietecolores.co\/index.php?rest_route=%2Fwp%2Fv2%2Fcomments&post=618"}],"wp:featuredmedia":[{"embeddable":true,"href":"https:\/\/sietecolores.co\/index.php?rest_route=\/wp\/v2\/media\/838"}],"wp:attachment":[{"href":"https:\/\/sietecolores.co\/index.php?rest_route=%2Fwp%2Fv2%2Fmedia&parent=618"}],"wp:term":[{"taxonomy":"product_brand","embeddable":true,"href":"https:\/\/sietecolores.co\/index.php?rest_route=%2Fwp%2Fv2%2Fproduct_brand&post=618"},{"taxonomy":"product_cat","embeddable":true,"href":"https:\/\/sietecolores.co\/index.php?rest_route=%2Fwp%2Fv2%2Fproduct_cat&post=618"},{"taxonomy":"product_tag","embeddable":true,"href":"https:\/\/sietecolores.co\/index.php?rest_route=%2Fwp%2Fv2%2Fproduct_tag&post=618"}],"curies":[{"name":"wp","href":"https:\/\/api.w.org\/{rel}","templated":true}]}}