{"id":619,"date":"2023-10-31T22:16:50","date_gmt":"2023-10-31T22:16:50","guid":{"rendered":"https:\/\/sietecolores.co\/?product=aceite-esencial-alivio-celeste"},"modified":"2023-11-07T17:06:01","modified_gmt":"2023-11-07T17:06:01","slug":"aceite-esencial-alivio-celeste","status":"publish","type":"product","link":"https:\/\/sietecolores.co\/?product=aceite-esencial-alivio-celeste","title":{"rendered":"Aceite Esencial \u2013 Alivio Celeste"},"content":{"rendered":"<p>Descubre en esta importante selecci\u00f3n de aceites esenciales, energizados con cristales de sodalita, la mixtura necesaria para controlar los dolores , revitalizarte y encontrarte de nuevo con tu cuerpo sano.<\/p>\n<p>Dile adi\u00f3s a la tensi\u00f3n y al cansancio f\u00edsico que tu cuerpo ha acumulado durante a\u00f1os. No est\u00e1 mezclado con ning\u00fan aceite vegetal, son solo la mezcla de aceites esenciales.<\/p>\n<p>Controla dolores como la migra\u00f1a, articulares y musculares. Siente un efecto analg\u00e9sico y relajante sin efectos secundarios.<\/p>\n<p>Puede ser mezclado de acuerdo a la necesidad con un aceite vegetal en masajes. Puede ser usado puro en puntos energ\u00e9ticos. Tambi\u00e9n puede usarse en difusores o nebulizadores. Es ideal para terapeutas.<\/p>\n<p>Aplica sobre puntos energ\u00e9ticos para una sensaci\u00f3n de bienestar y alivio.<\/p>\n<p>Principales componentes:<\/p>\n<p>Ylang Ylang, Eucalipto Menta, \u00c1rbol de t\u00e9, Romero, Cal\u00e9ndula, \u00c1rnica, Cannabis, Pronto Alivio, Or\u00e9gano, Jengibre, Winter Green, C\u00farcuma, Pimienta negra y cristales de Sodalita y Celestita.<\/p>\n<p>Usos:<\/p>\n<p>T\u00f3pico. Inhalaci\u00f3n.<\/p>\n<p>&#8211; Aplica sobre las sienes, cuello, detr\u00e1s de las orejas, entrecejo y coronilla.<\/p>\n<p>&#8211; Su inhalaci\u00f3n o aplicaci\u00f3n a trav\u00e9s de masaje corporal activa puntos cerebrales que se encargan de armonizar y controlar la percepci\u00f3n de dolor.<\/p>\n<p>Presentaci\u00f3n:<\/p>\n<p>Aceite Prop\u00f3sito Maestro x 5 ml<\/p>\n<p>En una botellita de 5 ml, con gotero dosificador podr\u00e1s portar esta mezcla con prop\u00f3sito superior, para aplicar la cantidad necesaria sobre tus manos y disfrutar de la energ\u00eda de esta mezcla especial.<\/p>\n<p>Otras Presentaciones:<\/p>\n<p>Intenso Roll-On Prop\u00f3sito Maestro x 10 ml<br \/>\nDifusor Esencia Ambiente Prop\u00f3sito Maestro x 70 ml<br \/>\nAceite Corporal Prop\u00f3sito Maestro x 30 ml<br \/>\nBruma Prop\u00f3sito Maestro x 30 ml<\/p>\n<p>Aroma:<\/p>\n<p>Frescura campestre.<\/p>\n<p>Modo de extracci\u00f3n:<\/p>\n<p>Destilaci\u00f3n o extracci\u00f3n por arrastre de vapor.<\/p>\n<p>Recomendaciones:<\/p>\n<p>No lo ingieras o pongas en contacto con los ojos u otras mucosas. Mantenlo fuera del alcance de los ni\u00f1os.<\/p>\n","protected":false},"excerpt":{"rendered":"<p>Dile adi\u00f3s a la tensi\u00f3n y al cansancio f\u00edsico que tu cuerpo ha acumulado durante a\u00f1os. No est\u00e1 mezclado con ning\u00fan aceite vegetal, son solo la mezcla de aceites esenciales.<\/p>\n<p>&nbsp;<\/p>\n","protected":false},"featured_media":213,"comment_status":"open","ping_status":"closed","template":"","meta":{"_monsterinsights_skip_tracking":false,"_monsterinsights_sitenote_active":false,"_monsterinsights_sitenote_note":"","_monsterinsights_sitenote_category":0,"_joinchat":[]},"product_brand":[],"product_cat":[42,34,25],"product_tag":[],"class_list":{"0":"post-619","1":"product","2":"type-product","3":"status-publish","4":"has-post-thumbnail","6":"product_cat-aceites-maestros","7":"product_cat-alivio-celeste","8":"product_cat-propositos-maestros","10":"first","11":"instock","12":"shipping-taxable","13":"purchasable","14":"product-type-simple"},"aioseo_notices":[],"_links":{"self":[{"href":"https:\/\/sietecolores.co\/index.php?rest_route=\/wp\/v2\/product\/619","targetHints":{"allow":["GET"]}}],"collection":[{"href":"https:\/\/sietecolores.co\/index.php?rest_route=\/wp\/v2\/product"}],"about":[{"href":"https:\/\/sietecolores.co\/index.php?rest_route=\/wp\/v2\/types\/product"}],"replies":[{"embeddable":true,"href":"https:\/\/sietecolores.co\/index.php?rest_route=%2Fwp%2Fv2%2Fcomments&post=619"}],"wp:featuredmedia":[{"embeddable":true,"href":"https:\/\/sietecolores.co\/index.php?rest_route=\/wp\/v2\/media\/213"}],"wp:attachment":[{"href":"https:\/\/sietecolores.co\/index.php?rest_route=%2Fwp%2Fv2%2Fmedia&parent=619"}],"wp:term":[{"taxonomy":"product_brand","embeddable":true,"href":"https:\/\/sietecolores.co\/index.php?rest_route=%2Fwp%2Fv2%2Fproduct_brand&post=619"},{"taxonomy":"product_cat","embeddable":true,"href":"https:\/\/sietecolores.co\/index.php?rest_route=%2Fwp%2Fv2%2Fproduct_cat&post=619"},{"taxonomy":"product_tag","embeddable":true,"href":"https:\/\/sietecolores.co\/index.php?rest_route=%2Fwp%2Fv2%2Fproduct_tag&post=619"}],"curies":[{"name":"wp","href":"https:\/\/api.w.org\/{rel}","templated":true}]}}