{"id":620,"date":"2023-10-31T22:16:50","date_gmt":"2023-10-31T22:16:50","guid":{"rendered":"https:\/\/sietecolores.co\/?product=aceite-esencial-equilibrio-ambar"},"modified":"2023-11-07T17:07:07","modified_gmt":"2023-11-07T17:07:07","slug":"aceite-esencial-equilibrio-ambar","status":"publish","type":"product","link":"https:\/\/sietecolores.co\/?product=aceite-esencial-equilibrio-ambar","title":{"rendered":"Aceite Esencial \u2013 Equilibrio Ambar"},"content":{"rendered":"<p>Con dispensador de cuenta gotas. Es la mezcla pura de acuerdo al prop\u00f3sito; no est\u00e1 mezclado con ning\u00fan aceite vegetal, son solo la mezcla de aceites esenciales.<\/p>\n<p>Controla ansiedades, depresiones, fobias y adicciones. No est\u00e1 mezclado con ning\u00fan aceite vegetal, son solo la mezcla de aceites esenciales<\/p>\n<p>Puede ser mezclado de acuerdo a la necesidad con un aceite vegetal en masajes. Puede ser usado puro en puntos energ\u00e9ticos. Tambi\u00e9n puede usarse en difusores o nebulizadores. Es ideal para terapeutas.<\/p>\n<p>La poderosa combinaci\u00f3n de los aceites esenciales seleccionados para este prop\u00f3sito, energizados con cristales de Obsidiana, brindan el equilibrio que tu cuerpo y mente necesitan para sentirse en armon\u00eda y estabilidad, elevando tu conciencia, disminuyendo tus niveles de ansiedad y los altibajos emocionales.<\/p>\n<p>Programa tus sentidos para encontrar la armon\u00eda con tu entorno y conectarte de nuevo con tu energ\u00eda vital. Controla ansiedades, depresiones, fobias y adicciones.<\/p>\n<p>Expande tu consciencia, estabiliza tu plexo solar controlando tu ansiedad y tus emociones permitiendo una relaci\u00f3n arm\u00f3nica con tu entorno.<\/p>\n<p>Principales componentes:<\/p>\n<p>Salvia, Rosa, Bergamota, Naranja, Limoncillo, Ylang Ylang, Romero, Jazm\u00edn, Patchouli, Incienso, Albahaca, \u00c1rbol de t\u00e9, S\u00e1ndalo, Neroli, An\u00eds, C\u00farcuma, Tomillo, Vainilla, Mirra, Cipr\u00e9s Eucalipto.<\/p>\n<p>Usos:<\/p>\n<p>&#8211; T\u00f3pico. Inhalaci\u00f3n.<br \/>\n&#8211; Aplica sobre las sienes, cuello, detr\u00e1s de las orejas, entrecejo y coronilla.<br \/>\n&#8211; A trav\u00e9s del masaje corporal, la inhalaci\u00f3n o la aplicaci\u00f3n en puntos energ\u00e9ticos, reconforta y te da una sensaci\u00f3n de bienestar y tranquilidad. Ayuda a armonizar el tercer chakra o plexo solar como punto vital.<\/p>\n<p>Te recomendamos usar Equilibrio \u00c1mbar en el centro energ\u00e9tico de tu cuerpo, alrededor del ombligo.<\/p>\n<p>Aroma:<\/p>\n<p>Resinoso, dulce, profundo y le\u00f1oso.<\/p>\n<p>Modo de extracci\u00f3n:<\/p>\n<p>Destilaci\u00f3n o extracci\u00f3n por arrastre de vapor.<\/p>\n<p>Recomendaciones:<\/p>\n<p>No lo ingieras o pongas en contacto con los ojos u otras mucosas. Mantenlo fuera del alcance de los ni\u00f1os.<\/p>\n<p>Presentaci\u00f3n:<\/p>\n<p>Aceite Prop\u00f3sito Maestro x 5 ml<br \/>\nEn una botellita de 5 ml, con gotero dosificador podr\u00e1s portar esta mezcla con prop\u00f3sito superior, para aplicar la cantidad necesaria sobre tus manos y disfrutar de la energ\u00eda de esta mezcla especial.<\/p>\n<p>Otras Presentaciones:<\/p>\n<p>&#8211; Intenso Roll-On x 10ml<br \/>\n&#8211; Aceite Prop\u00f3sito Maestro x 5 ml<br \/>\n&#8211; Esencia Ambiente x 70 ml<br \/>\n&#8211; Aceite Corporal x 30 ml<br \/>\n&#8211; Bruma x30 ml<\/p>\n","protected":false},"excerpt":{"rendered":"<p>Controla ansiedades, depresiones, fobias y adicciones. No est\u00e1 mezclado con ning\u00fan aceite vegetal, son solo la mezcla de aceites esenciales.<\/p>\n<p>Puede ser mezclado de acuerdo a la necesidad con un aceite vegetal en masajes. Puede ser usado puro en puntos energ\u00e9ticos. Tambi\u00e9n puede usarse en difusores o nebulizadores. Es ideal para terapeutas.<\/p>\n","protected":false},"featured_media":215,"comment_status":"open","ping_status":"closed","template":"","meta":{"_monsterinsights_skip_tracking":false,"_monsterinsights_sitenote_active":false,"_monsterinsights_sitenote_note":"","_monsterinsights_sitenote_category":0,"_joinchat":[]},"product_brand":[],"product_cat":[42,36,25],"product_tag":[],"class_list":{"0":"post-620","1":"product","2":"type-product","3":"status-publish","4":"has-post-thumbnail","6":"product_cat-aceites-maestros","7":"product_cat-equilibrio-ambar","8":"product_cat-propositos-maestros","10":"first","11":"instock","12":"shipping-taxable","13":"purchasable","14":"product-type-simple"},"aioseo_notices":[],"_links":{"self":[{"href":"https:\/\/sietecolores.co\/index.php?rest_route=\/wp\/v2\/product\/620","targetHints":{"allow":["GET"]}}],"collection":[{"href":"https:\/\/sietecolores.co\/index.php?rest_route=\/wp\/v2\/product"}],"about":[{"href":"https:\/\/sietecolores.co\/index.php?rest_route=\/wp\/v2\/types\/product"}],"replies":[{"embeddable":true,"href":"https:\/\/sietecolores.co\/index.php?rest_route=%2Fwp%2Fv2%2Fcomments&post=620"}],"wp:featuredmedia":[{"embeddable":true,"href":"https:\/\/sietecolores.co\/index.php?rest_route=\/wp\/v2\/media\/215"}],"wp:attachment":[{"href":"https:\/\/sietecolores.co\/index.php?rest_route=%2Fwp%2Fv2%2Fmedia&parent=620"}],"wp:term":[{"taxonomy":"product_brand","embeddable":true,"href":"https:\/\/sietecolores.co\/index.php?rest_route=%2Fwp%2Fv2%2Fproduct_brand&post=620"},{"taxonomy":"product_cat","embeddable":true,"href":"https:\/\/sietecolores.co\/index.php?rest_route=%2Fwp%2Fv2%2Fproduct_cat&post=620"},{"taxonomy":"product_tag","embeddable":true,"href":"https:\/\/sietecolores.co\/index.php?rest_route=%2Fwp%2Fv2%2Fproduct_tag&post=620"}],"curies":[{"name":"wp","href":"https:\/\/api.w.org\/{rel}","templated":true}]}}