{"id":621,"date":"2023-10-31T22:16:50","date_gmt":"2023-10-31T22:16:50","guid":{"rendered":"https:\/\/sietecolores.co\/?product=aceite-esencial-plenitud-rosa"},"modified":"2023-11-07T17:10:50","modified_gmt":"2023-11-07T17:10:50","slug":"aceite-esencial-plenitud-rosa","status":"publish","type":"product","link":"https:\/\/sietecolores.co\/?product=aceite-esencial-plenitud-rosa","title":{"rendered":"Aceite Esencial \u2013 Plenitud Rosa"},"content":{"rendered":"<p>Esta delicada uni\u00f3n de esencias te brinda la capacidad de reconstruir tu amor propio e impulsar tus pasos hacia la felicidad y la plenitud con tu ser interior. No est\u00e1 mezclado con ning\u00fan aceite vegetal, son solo la mezcla de aceites esenciales.<\/p>\n<p>Puede ser mezclado de acuerdo a la necesidad con un aceite vegetal en masajes. Puede ser usado puro en puntos energ\u00e9ticos. Tambi\u00e9n puede usarse en difusores o nebulizadores. Es ideal para terapeutas.<\/p>\n<p>Con dispensador de cuenta gotas. Es la mezcla pura de acuerdo al prop\u00f3sito; no est\u00e1 mezclado con ning\u00fan aceite vegetal, son solo la mezcla de aceites esenciales.<\/p>\n<p>Es un aceite para masajes y fricci\u00f3n de acuerdo al prop\u00f3sito. El aceite vehicular y portador vegetal es el aceite de jojoba que tiene r\u00e1pida absorci\u00f3n en piel y no te deja sensaci\u00f3n grasosa.<\/p>\n<p>Inspirada en la felicidad, la suavidad y la fortaleza, esta delicada uni\u00f3n de esencias te brinda la capacidad de reconstruir tu amor propio e impulsar tus pasos hacia la felicidad y la plenitud con tu ser interior. Energizado con cristales de Cuarzo Rosa.<\/p>\n<p>Principales componentes:<\/p>\n<p>Geranio, Vainilla, Lim\u00f3n, Rosa, Neroli, An\u00eds, Gardenia.<\/p>\n<p>Uso y aplicaci\u00f3n:<\/p>\n<p>T\u00f3pico. Inhalaci\u00f3n.<br \/>\nAplica sobre las sienes, cuello, detr\u00e1s de las orejas, entrecejo y coronilla.<\/p>\n<p>Aroma:<\/p>\n<p>Suave dulzura floral, con toques \u00e1cidos.<\/p>\n<p>Modo de extracci\u00f3n:<\/p>\n<p>Destilaci\u00f3n o extracci\u00f3n por arrastre de vapor.<\/p>\n<p>Presentaci\u00f3n:<\/p>\n<p>Aceite Prop\u00f3sito Maestro x 5 ml<br \/>\nEn una botellita de 5 ml, con gotero dosificador podr\u00e1s portar esta mezcla con prop\u00f3sito superior, para aplicar la cantidad necesaria sobre tus manos y disfrutar de la energ\u00eda de esta mezcla especial.<\/p>\n<p>Otras Presentaciones:<\/p>\n<p>Intenso Roll-On x 10ml<br \/>\nAceite Prop\u00f3sito Maestro x 5 ml<br \/>\nEsencia Ambiente x 70 ml<br \/>\nAceite Corporal x 30 ml<br \/>\nBruma x30 ml<\/p>\n<p>Recomendaciones:<\/p>\n<p>No lo ingieras o pongas en contacto con los ojos u otras mucosas. Mantenlo fuera del alcance de los ni\u00f1os.<\/p>\n","protected":false},"excerpt":{"rendered":"<p>Esta delicada uni\u00f3n de esencias te brinda la capacidad de reconstruir tu amor propio e impulsar tus pasos hacia la felicidad y la plenitud con tu ser interior. No est\u00e1 mezclado con ning\u00fan aceite vegetal, son solo la mezcla de aceites esenciales.<\/p>\n<p>Puede ser mezclado de acuerdo a la necesidad con un aceite vegetal en masajes. Puede ser usado puro en puntos energ\u00e9ticos. Tambi\u00e9n puede usarse en difusores o nebulizadores. Es ideal para terapeutas.<\/p>\n","protected":false},"featured_media":217,"comment_status":"open","ping_status":"closed","template":"","meta":{"_monsterinsights_skip_tracking":false,"_monsterinsights_sitenote_active":false,"_monsterinsights_sitenote_note":"","_monsterinsights_sitenote_category":0,"_joinchat":[]},"product_brand":[],"product_cat":[42,38,25],"product_tag":[],"class_list":{"0":"post-621","1":"product","2":"type-product","3":"status-publish","4":"has-post-thumbnail","6":"product_cat-aceites-maestros","7":"product_cat-plenitud-rosa","8":"product_cat-propositos-maestros","10":"first","11":"instock","12":"shipping-taxable","13":"purchasable","14":"product-type-simple"},"aioseo_notices":[],"_links":{"self":[{"href":"https:\/\/sietecolores.co\/index.php?rest_route=\/wp\/v2\/product\/621","targetHints":{"allow":["GET"]}}],"collection":[{"href":"https:\/\/sietecolores.co\/index.php?rest_route=\/wp\/v2\/product"}],"about":[{"href":"https:\/\/sietecolores.co\/index.php?rest_route=\/wp\/v2\/types\/product"}],"replies":[{"embeddable":true,"href":"https:\/\/sietecolores.co\/index.php?rest_route=%2Fwp%2Fv2%2Fcomments&post=621"}],"wp:featuredmedia":[{"embeddable":true,"href":"https:\/\/sietecolores.co\/index.php?rest_route=\/wp\/v2\/media\/217"}],"wp:attachment":[{"href":"https:\/\/sietecolores.co\/index.php?rest_route=%2Fwp%2Fv2%2Fmedia&parent=621"}],"wp:term":[{"taxonomy":"product_brand","embeddable":true,"href":"https:\/\/sietecolores.co\/index.php?rest_route=%2Fwp%2Fv2%2Fproduct_brand&post=621"},{"taxonomy":"product_cat","embeddable":true,"href":"https:\/\/sietecolores.co\/index.php?rest_route=%2Fwp%2Fv2%2Fproduct_cat&post=621"},{"taxonomy":"product_tag","embeddable":true,"href":"https:\/\/sietecolores.co\/index.php?rest_route=%2Fwp%2Fv2%2Fproduct_tag&post=621"}],"curies":[{"name":"wp","href":"https:\/\/api.w.org\/{rel}","templated":true}]}}