{"id":622,"date":"2023-10-31T22:16:51","date_gmt":"2023-10-31T22:16:51","guid":{"rendered":"https:\/\/sietecolores.co\/?product=aceite-esencial-sueno-violeta"},"modified":"2023-11-07T17:24:30","modified_gmt":"2023-11-07T17:24:30","slug":"aceite-esencial-sueno-violeta","status":"publish","type":"product","link":"https:\/\/sietecolores.co\/?product=aceite-esencial-sueno-violeta","title":{"rendered":"Aceite Esencial \u2013 Sue\u00f1o Violeta"},"content":{"rendered":"<p>Su prop\u00f3sito es inducir a un sue\u00f1o reparador y un completo descanso. Cuando duermes le entregas al universo tus sue\u00f1os y anhelos. No est\u00e1 mezclado con ning\u00fan aceite vegetal, son solo la mezcla de aceites esenciales.<\/p>\n<p>Puede ser mezclado de acuerdo a la necesidad con un aceite vegetal en masajes. Puede ser usado puro en puntos energ\u00e9ticos. Tambi\u00e9n puede usarse en difusores o nebulizadores. Es ideal para terapeutas<\/p>\n<p>Cuando duermes le entregas al universo tus sue\u00f1os y anhelos.<\/p>\n<p>Con Sue\u00f1o Violeta podr\u00e1s conectarte con lo que el universo tiene planeado para ti.<\/p>\n<p>Mezcla de Aceites esenciales de: Lavanda, Romero, Vainilla, Cedro, Mirra, Neroli, Jazm\u00edn, Cannabis.<\/p>\n<p>Aroma:<\/p>\n<p>Fresco, dulce y amaderado.<\/p>\n<p>Usos y aplicaci\u00f3n:<\/p>\n<p>T\u00f3pico. Inhalaci\u00f3n.<\/p>\n<p>Aplicar sobre las alas de la nariz, entrecejo, sienes, detr\u00e1s de las orejas, interior de codos, mu\u00f1ecas, rodillas y tobillos y en puntos f\u00edsicos de tus chacras.<\/p>\n<p>Modo de extracci\u00f3n:<\/p>\n<p>Destilaci\u00f3n o extracci\u00f3n por arrastre de vapor.<\/p>\n<p>Presentaci\u00f3n:<\/p>\n<p>Aceite Prop\u00f3sito Maestro x 5 ml<br \/>\nEn una botellita de 5 ml, con gotero dosificador podr\u00e1s portar esta mezcla con prop\u00f3sito superior, para aplicar la cantidad necesaria sobre tus manos y disfrutar de la energ\u00eda de esta mezcla especial.<\/p>\n<p>Otras Presentaciones:<\/p>\n<p>Intenso Roll-On Prop\u00f3sito Maestro x 10 ml<br \/>\nDifusor Esencia Ambiente Prop\u00f3sito Maestro x 70 ml<br \/>\nAceite Corporal Prop\u00f3sito Maestro x 30 ml<br \/>\nBruma Prop\u00f3sito Maestro x 30 ml<\/p>\n<p>Recomendaciones:<\/p>\n<p>No lo ingieras o pongas en contacto con los ojos u otras mucosas. Mantenlo fuera del alcance de los ni\u00f1os.<\/p>\n","protected":false},"excerpt":{"rendered":"<p>Su prop\u00f3sito es inducir a un sue\u00f1o reparador y un completo descanso. Cuando duermes le entregas al universo tus sue\u00f1os y anhelos. No est\u00e1 mezclado con ning\u00fan aceite vegetal, son solo la mezcla de aceites esenciales.<br \/>\nPuede ser mezclado de acuerdo a la necesidad con un aceite vegetal en masajes. Puede ser usado puro en puntos energ\u00e9ticos. Tambi\u00e9n puede usarse en difusores o nebulizadores. Es ideal para terapeutas.<\/p>\n","protected":false},"featured_media":218,"comment_status":"open","ping_status":"closed","template":"","meta":{"_monsterinsights_skip_tracking":false,"_monsterinsights_sitenote_active":false,"_monsterinsights_sitenote_note":"","_monsterinsights_sitenote_category":0,"_joinchat":[]},"product_brand":[],"product_cat":[42,25,35],"product_tag":[],"class_list":{"0":"post-622","1":"product","2":"type-product","3":"status-publish","4":"has-post-thumbnail","6":"product_cat-aceites-maestros","7":"product_cat-propositos-maestros","8":"product_cat-sueno-violeta","10":"first","11":"instock","12":"shipping-taxable","13":"purchasable","14":"product-type-simple"},"aioseo_notices":[],"_links":{"self":[{"href":"https:\/\/sietecolores.co\/index.php?rest_route=\/wp\/v2\/product\/622","targetHints":{"allow":["GET"]}}],"collection":[{"href":"https:\/\/sietecolores.co\/index.php?rest_route=\/wp\/v2\/product"}],"about":[{"href":"https:\/\/sietecolores.co\/index.php?rest_route=\/wp\/v2\/types\/product"}],"replies":[{"embeddable":true,"href":"https:\/\/sietecolores.co\/index.php?rest_route=%2Fwp%2Fv2%2Fcomments&post=622"}],"wp:featuredmedia":[{"embeddable":true,"href":"https:\/\/sietecolores.co\/index.php?rest_route=\/wp\/v2\/media\/218"}],"wp:attachment":[{"href":"https:\/\/sietecolores.co\/index.php?rest_route=%2Fwp%2Fv2%2Fmedia&parent=622"}],"wp:term":[{"taxonomy":"product_brand","embeddable":true,"href":"https:\/\/sietecolores.co\/index.php?rest_route=%2Fwp%2Fv2%2Fproduct_brand&post=622"},{"taxonomy":"product_cat","embeddable":true,"href":"https:\/\/sietecolores.co\/index.php?rest_route=%2Fwp%2Fv2%2Fproduct_cat&post=622"},{"taxonomy":"product_tag","embeddable":true,"href":"https:\/\/sietecolores.co\/index.php?rest_route=%2Fwp%2Fv2%2Fproduct_tag&post=622"}],"curies":[{"name":"wp","href":"https:\/\/api.w.org\/{rel}","templated":true}]}}