{"id":627,"date":"2023-10-31T22:16:52","date_gmt":"2023-10-31T22:16:52","guid":{"rendered":"https:\/\/sietecolores.co\/?product=bruma-sueno-violeta"},"modified":"2023-12-07T16:35:02","modified_gmt":"2023-12-07T16:35:02","slug":"bruma-sueno-violeta","status":"publish","type":"product","link":"https:\/\/sietecolores.co\/?product=bruma-sueno-violeta","title":{"rendered":"Bruma \u2013 Sue\u00f1o Violeta"},"content":{"rendered":"<p>&#8211; La bruma de Siete Colores es un producto dise\u00f1ado en alcohol de uso cosm\u00e9tico y agua desionizada para ser usado en ambientes y espacios por su poder de aspersi\u00f3n, en mascotas, en ropa de cama, en veh\u00edculos, en el cuerpo o sobre joyer\u00eda arom\u00e1tica.<\/p>\n<p>&#8211; Su prop\u00f3sito es inducir a un sue\u00f1o reparador y un completo descanso. Cuando duermes le entregas al universo tus sue\u00f1os y anhelos. Perfecto para ser usado en ambientes y espacios por su poder de aspersi\u00f3n, en mascotas, en ropa de cama, en veh\u00edculos, en el cuerpo o sobre joyer\u00eda arom\u00e1tica.<\/p>\n<p>&#8211; Una mezcla de aceites esenciales seleccionados y extractados cuidadosamente de manera artesanal y energizados con cristales de amatista, para inducir a un sue\u00f1o reparador y un completo descanso.<\/p>\n<p>&#8211; Cuando duermes le entregas al universo tus sue\u00f1os y anhelos.<\/p>\n<p>&#8211; Con Sue\u00f1o Violeta podr\u00e1s conectarte con lo que el universo tiene planeado para ti.<\/p>\n<p>Mezcla de Aceites esenciales de:<\/p>\n<p>Lavanda<br \/>\nRomero<br \/>\nVainilla<br \/>\nCedro<br \/>\nMirra<\/p>\n<p>Neroli<br \/>\nJazm\u00edn<br \/>\nCannabis<\/p>\n<p>Aroma:<br \/>\nFresco, dulce y amaderado.<\/p>\n<p>Usos y aplicaci\u00f3n:<br \/>\nT\u00f3pico. Inhalaci\u00f3n. Aplica sobre las alas de la nariz, entrecejo, sienes, detr\u00e1s de las orejas, interior de codos, mu\u00f1ecas, rodillas y tobillos y en puntos f\u00edsicos de tus chacras.<\/p>\n<p>Modo de extracci\u00f3n:<\/p>\n<p>Destilaci\u00f3n o extracci\u00f3n por arrastre de vapor.<\/p>\n<p>Recomendaciones:<br \/>\nNo lo ingieras o pongas en contacto con los ojos u otras mucosas. Mantenlo fuera del alcance de los ni\u00f1os.<\/p>\n<p>Presentaci\u00f3n:<\/p>\n<p>Bruma Prop\u00f3sito Maestro x 30 ml.<br \/>\nBruma Siete Colores es un producto elaborado a base de agua desionizada, alcohol de uso cosm\u00e9tico y aceites esenciales. Un solo toque, permitir\u00e1 que diminutas part\u00edculas se esparzan por tus ambientes d\u00e1ndoles un suave y refrescante aroma que te dejar\u00e1 sentir la energ\u00eda renovadora y vital de las plantas, despertando tus sentidos.<\/p>\n<p>Otras Presentaciones:<\/p>\n<p>Intenso Roll-On x 10ml<br \/>\nAceite Prop\u00f3sito Maestro x 5 ml<br \/>\nEsencia Ambiente x 70 ml<br \/>\nAceite Corporal x 30 ml<br \/>\nBruma x 50 ml<\/p>\n","protected":false},"excerpt":{"rendered":"<p>Su prop\u00f3sito es inducir a un sue\u00f1o reparador y un completo descanso. Cuando duermes le entregas al universo tus sue\u00f1os y anhelos. Perfecto para ser usado en ambientes y espacios por su poder de aspersi\u00f3n, en mascotas, en ropa de cama, en veh\u00edculos, en el cuerpo o sobre joyer\u00eda arom\u00e1tica.<\/p>\n","protected":false},"featured_media":204,"comment_status":"open","ping_status":"closed","template":"","meta":{"_monsterinsights_skip_tracking":false,"_monsterinsights_sitenote_active":false,"_monsterinsights_sitenote_note":"","_monsterinsights_sitenote_category":0,"_joinchat":[]},"product_brand":[],"product_cat":[41,25,35],"product_tag":[],"class_list":{"0":"post-627","1":"product","2":"type-product","3":"status-publish","4":"has-post-thumbnail","6":"product_cat-bruma","7":"product_cat-propositos-maestros","8":"product_cat-sueno-violeta","10":"first","11":"onbackorder","12":"shipping-taxable","13":"purchasable","14":"product-type-simple"},"aioseo_notices":[],"_links":{"self":[{"href":"https:\/\/sietecolores.co\/index.php?rest_route=\/wp\/v2\/product\/627","targetHints":{"allow":["GET"]}}],"collection":[{"href":"https:\/\/sietecolores.co\/index.php?rest_route=\/wp\/v2\/product"}],"about":[{"href":"https:\/\/sietecolores.co\/index.php?rest_route=\/wp\/v2\/types\/product"}],"replies":[{"embeddable":true,"href":"https:\/\/sietecolores.co\/index.php?rest_route=%2Fwp%2Fv2%2Fcomments&post=627"}],"wp:featuredmedia":[{"embeddable":true,"href":"https:\/\/sietecolores.co\/index.php?rest_route=\/wp\/v2\/media\/204"}],"wp:attachment":[{"href":"https:\/\/sietecolores.co\/index.php?rest_route=%2Fwp%2Fv2%2Fmedia&parent=627"}],"wp:term":[{"taxonomy":"product_brand","embeddable":true,"href":"https:\/\/sietecolores.co\/index.php?rest_route=%2Fwp%2Fv2%2Fproduct_brand&post=627"},{"taxonomy":"product_cat","embeddable":true,"href":"https:\/\/sietecolores.co\/index.php?rest_route=%2Fwp%2Fv2%2Fproduct_cat&post=627"},{"taxonomy":"product_tag","embeddable":true,"href":"https:\/\/sietecolores.co\/index.php?rest_route=%2Fwp%2Fv2%2Fproduct_tag&post=627"}],"curies":[{"name":"wp","href":"https:\/\/api.w.org\/{rel}","templated":true}]}}