{"id":628,"date":"2023-10-31T22:16:52","date_gmt":"2023-10-31T22:16:52","guid":{"rendered":"https:\/\/sietecolores.co\/?product=bruma-vitalidad-granate"},"modified":"2023-12-07T16:34:55","modified_gmt":"2023-12-07T16:34:55","slug":"bruma-vitalidad-granate","status":"publish","type":"product","link":"https:\/\/sietecolores.co\/?product=bruma-vitalidad-granate","title":{"rendered":"Bruma \u2013 Vitalidad Granate"},"content":{"rendered":"<p>&#8211; La bruma de Siete Colores es un producto dise\u00f1ado en alcohol de uso cosm\u00e9tico y agua desionizada para ser usado en ambientes y espacios por su poder de aspersi\u00f3n, en mascotas, en ropa de cama, en veh\u00edculos, en el cuerpo o sobre joyer\u00eda arom\u00e1tica.<\/p>\n<p>&#8211; La fusi\u00f3n de estos aceites esenciales y la energ\u00eda del cristal de Jaspe rojo, te dar\u00e1n la energ\u00eda y la concentraci\u00f3n que requieres para rendir de manera efectiva en tus actividades diarias.<\/p>\n<p>&#8211; Te dar\u00e1 la energ\u00eda y la concentraci\u00f3n que requieres para rendir de manera efectiva en tus actividades diarias. Perfecto para ser usado en ambientes y espacios por su poder de aspersi\u00f3n, en mascotas, en ropa de cama, en veh\u00edculos, en el cuerpo o sobre joyer\u00eda arom\u00e1tica.<\/p>\n<p>Reactiva las fibras interiores de tu ser y transf\u00f3rmalas en una malla energ\u00e9tica que se nutre de todo lo que el universo nos ofrece.<br \/>\nPermite que tus chacras se recarguen de la energ\u00eda vital para mantener tu cuerpo en \u00f3ptimas condiciones y \u00e9ste pueda ser el veh\u00edculo de tus experiencias en el plano f\u00edsico, para lograr de manera arm\u00f3nica, los aprendizajes que como almas eternas, debemos tener.<\/p>\n<p>Uso y aplicaci\u00f3n:<\/p>\n<p>T\u00f3pico. Inhalaci\u00f3n.<br \/>\nAplica sobre las sienes, cuello, detr\u00e1s de las orejas, entrecejo y coronilla.<\/p>\n<p>Modo de extracci\u00f3n:<\/p>\n<p>Destilaci\u00f3n o extracci\u00f3n por arrastre de vapor.<\/p>\n<p>Presentaci\u00f3n:<br \/>\nBruma Prop\u00f3sito Maestro x 30 ml.<\/p>\n<p>Bruma Siete Colores es un producto elaborado a base de agua des ionizada, alcohol de uso cosm\u00e9tico y aceites esenciales.<\/p>\n<p>Un solo toque, permitir\u00e1 que diminutas part\u00edculas se esparzan por tus ambientes d\u00e1ndoles un suave y refrescante aroma que te dejar\u00e1 sentir la energ\u00eda renovadora y vital de las plantas, despertando tus sentidos. Por su poder de aspersi\u00f3n, podr\u00e1s usarlo en tu joyer\u00eda arom\u00e1tica, tus mascotas, ropa de cama o autom\u00f3vil.<\/p>\n<p>Otras Presentaciones:<br \/>\nIntenso Roll-On Prop\u00f3sito Maestro x 10 ml<br \/>\nAceite Prop\u00f3sito Maestro x 5 ml<br \/>\nDifusor Esencia Ambiente Prop\u00f3sito Maestro x 70 ml<br \/>\nAceite Corporal Prop\u00f3sito Maestro x 30 ml<\/p>\n<p>Recomendaciones:<\/p>\n<p>No lo ingieras o pongas en contacto con los ojos u otras mucosas. Mantenlo fuera del alcance de los ni\u00f1os.<\/p>\n","protected":false},"excerpt":{"rendered":"<p>Te dar\u00e1 la energ\u00eda y la concentraci\u00f3n que requieres para rendir de manera efectiva en tus actividades diarias. Perfecto para ser usado en ambientes y espacios por su poder de aspersi\u00f3n, en mascotas, en ropa de cama, en veh\u00edculos, en el cuerpo o sobre joyer\u00eda arom\u00e1tica.<\/p>\n","protected":false},"featured_media":205,"comment_status":"open","ping_status":"closed","template":"","meta":{"_monsterinsights_skip_tracking":false,"_monsterinsights_sitenote_active":false,"_monsterinsights_sitenote_note":"","_monsterinsights_sitenote_category":0,"_joinchat":[]},"product_brand":[],"product_cat":[41,25,37],"product_tag":[],"class_list":{"0":"post-628","1":"product","2":"type-product","3":"status-publish","4":"has-post-thumbnail","6":"product_cat-bruma","7":"product_cat-propositos-maestros","8":"product_cat-vitalidad-granate","10":"first","11":"onbackorder","12":"shipping-taxable","13":"purchasable","14":"product-type-simple"},"aioseo_notices":[],"_links":{"self":[{"href":"https:\/\/sietecolores.co\/index.php?rest_route=\/wp\/v2\/product\/628","targetHints":{"allow":["GET"]}}],"collection":[{"href":"https:\/\/sietecolores.co\/index.php?rest_route=\/wp\/v2\/product"}],"about":[{"href":"https:\/\/sietecolores.co\/index.php?rest_route=\/wp\/v2\/types\/product"}],"replies":[{"embeddable":true,"href":"https:\/\/sietecolores.co\/index.php?rest_route=%2Fwp%2Fv2%2Fcomments&post=628"}],"wp:featuredmedia":[{"embeddable":true,"href":"https:\/\/sietecolores.co\/index.php?rest_route=\/wp\/v2\/media\/205"}],"wp:attachment":[{"href":"https:\/\/sietecolores.co\/index.php?rest_route=%2Fwp%2Fv2%2Fmedia&parent=628"}],"wp:term":[{"taxonomy":"product_brand","embeddable":true,"href":"https:\/\/sietecolores.co\/index.php?rest_route=%2Fwp%2Fv2%2Fproduct_brand&post=628"},{"taxonomy":"product_cat","embeddable":true,"href":"https:\/\/sietecolores.co\/index.php?rest_route=%2Fwp%2Fv2%2Fproduct_cat&post=628"},{"taxonomy":"product_tag","embeddable":true,"href":"https:\/\/sietecolores.co\/index.php?rest_route=%2Fwp%2Fv2%2Fproduct_tag&post=628"}],"curies":[{"name":"wp","href":"https:\/\/api.w.org\/{rel}","templated":true}]}}