{"id":629,"date":"2023-10-31T22:16:53","date_gmt":"2023-10-31T22:16:53","guid":{"rendered":"https:\/\/sietecolores.co\/?product=frailejon"},"modified":"2023-11-23T19:09:55","modified_gmt":"2023-11-23T19:09:55","slug":"frailejon","status":"publish","type":"product","link":"https:\/\/sietecolores.co\/?product=frailejon","title":{"rendered":"Frailejon"},"content":{"rendered":"<p>RETIRA LOS VELOS QUE NO TE PERMITEN VER LA VERDAD, DESNUDANDO LA MENTIRA<\/p>\n<p>(Espeletia Schultzii)<\/p>\n<p>-RETIRA LOS VELOS QUE NO TE PERMITEN VER LA VERDAD, DESNUDANDO LA MENTIRA. Extracci\u00f3n consciente no industrializada<\/p>\n<p>&#8211; Es una planta que alcanza hasta 1 m de altura.El frailej\u00f3n crece 1 o 2 cm por a\u00f1o, puede tardar 100 a\u00f1os en alcanzar su tama\u00f1o, puede llegar a 200 o 300 a\u00f1os de vida por eso son llamados los \u201cabuelitos del p\u00e1ramo\u201d.<\/p>\n<p>&#8211; Es end\u00e9mica de los Andes de Colombia, de Ecuador y de Venezuela. Crece hasta los 4300 msnm en el p\u00e1ramo. Su aceite esencial se extrae de sus flores por procesos de destilaci\u00f3n al vapor, es un aceite sutil, dulzura et\u00e9rica muy fina.<\/p>\n<p>PROPIEDADES TERAP\u00c9UTICAS F\u00cdSICAS<\/p>\n<p>&#8211; Potente antiinflamatorio<br \/>\n&#8211; Act\u00faa en enfermedades degenerativas: reumatismo, artritis, inflamaciones articulares, etc<br \/>\n&#8211; Es un regenerador de cart\u00edlago<br \/>\n&#8211; Antioxidante celular<br \/>\n&#8211; Controla la hipertensi\u00f3n<br \/>\n&#8211; Fortalece el sistema inmunol\u00f3gico<br \/>\n&#8211; Cicatrizante y regenerador celular<\/p>\n<p>PROPIEDADES TERAP\u00c9UTICAS ENERG\u00c9TICAS<\/p>\n<p>&#8211; Aceite que me lleva a memorias de instantes de vida donde mi alma ha estado desnuda, donde mi \u00fanico soporte es la conexi\u00f3n espiritual<br \/>\n&#8211; Nos lleva a lugares que hemos evitado hasta ahora pero que est\u00e1n en nosotros, pueden ser de esta vida o de otras vidas<br \/>\n&#8211; Puede diluir emociones del pasado ocultas, por temor de encontrar m\u00e1s de lo recuerdas; si le permitimos al aceite llegar a esas memorias el aceite puede ir m\u00e1s profundo y apoyarte en tus procesos<br \/>\n&#8211; Por su calidad sutil y et\u00e9rea nos conecta con lo divino y por otro lado nos conecta con lo humano, con lo que no hemos podido superar, con miedos ocultos y prohibidos<br \/>\n&#8211; Nos libera del ego y del control<br \/>\n&#8211; Nos ayuda a tomar decisiones m\u00e1s all\u00e1 de lo f\u00edsico<br \/>\n&#8211; Tenemos 2 voces la luz y la oscuridad, un lado que quiere liberarte y otro lado que quiere someterte, las dos voces son muy cercanas y es f\u00e1cil caer en la farsa de la mentira. Este aceite si t\u00fa lo permites te permite resolver la farsa de la mentira, te libera de la m\u00e1scara, m\u00e1scara que hemos creado; nos apoya en descubrir d\u00f3nde esta esa falsedad.<br \/>\n&#8211; Libera un gran dolor, pero necesario para sanar<br \/>\n&#8211; Nos lleva al sentido de vulnerabilidad que hemos desarrollado y que ocultamos tras la m\u00e1scara del Ego<br \/>\n&#8211; Este aceite nos lleva a la flexibilidad<br \/>\n&#8211; El aceite nos permite ver y sentir los opuestos, me muestra la oscuridad para reconocer la luz<br \/>\n&#8211; Con este aceite nos volvemos cocreadores de lo divino, disminuye el umbral hacia otra dimensi\u00f3n, trae el mundo espiritual al mundo f\u00edsico<br \/>\n&#8211; Es una planta poderosamente sanadora, no es para todos, requiere tener un nivel alto para que ella pueda hacer el cambio y la transformaci\u00f3n<br \/>\n&#8211; Este aceite es un maestro, puro, inocente y purificante<br \/>\n&#8211; Con este aceite si has iniciado procesos de sanaci\u00f3n, puede empujarte a un siguiente nivel<br \/>\n&#8211; Es un aceite que apoya en las adicciones<br \/>\n&#8211; Con el aceite de frailej\u00f3n se modifica la vibraci\u00f3n, se eleva.<br \/>\n&#8211; El frailej\u00f3n nos puede ayudar en los cambios que debe enfrentar la humanidad, cuando lo veloz desaparezca y se manifieste la verdad.<\/p>\n<p>RETIRA LOS VELOS QUE NO TE PERMITEN VER LA VERDAD, DESNUDANDO LA MENTIRA<\/p>\n","protected":false},"excerpt":{"rendered":"<p>RETIRA LOS VELOS QUE NO TE PERMITEN VER LA VERDAD, DESNUDANDO LA MENTIRA. Extracci\u00f3n consciente no industrializada.<\/p>\n<p>Controla la hipertensi\u00f3n. Nos libera del ego y del control<\/p>\n","protected":false},"featured_media":172,"comment_status":"open","ping_status":"closed","template":"","meta":{"_monsterinsights_skip_tracking":false,"_monsterinsights_sitenote_active":false,"_monsterinsights_sitenote_note":"","_monsterinsights_sitenote_category":0,"_joinchat":[]},"product_brand":[],"product_cat":[26],"product_tag":[],"class_list":{"0":"post-629","1":"product","2":"type-product","3":"status-publish","4":"has-post-thumbnail","6":"product_cat-aceites-sagrados","8":"first","9":"onbackorder","10":"shipping-taxable","11":"purchasable","12":"product-type-simple"},"aioseo_notices":[],"_links":{"self":[{"href":"https:\/\/sietecolores.co\/index.php?rest_route=\/wp\/v2\/product\/629","targetHints":{"allow":["GET"]}}],"collection":[{"href":"https:\/\/sietecolores.co\/index.php?rest_route=\/wp\/v2\/product"}],"about":[{"href":"https:\/\/sietecolores.co\/index.php?rest_route=\/wp\/v2\/types\/product"}],"replies":[{"embeddable":true,"href":"https:\/\/sietecolores.co\/index.php?rest_route=%2Fwp%2Fv2%2Fcomments&post=629"}],"wp:featuredmedia":[{"embeddable":true,"href":"https:\/\/sietecolores.co\/index.php?rest_route=\/wp\/v2\/media\/172"}],"wp:attachment":[{"href":"https:\/\/sietecolores.co\/index.php?rest_route=%2Fwp%2Fv2%2Fmedia&parent=629"}],"wp:term":[{"taxonomy":"product_brand","embeddable":true,"href":"https:\/\/sietecolores.co\/index.php?rest_route=%2Fwp%2Fv2%2Fproduct_brand&post=629"},{"taxonomy":"product_cat","embeddable":true,"href":"https:\/\/sietecolores.co\/index.php?rest_route=%2Fwp%2Fv2%2Fproduct_cat&post=629"},{"taxonomy":"product_tag","embeddable":true,"href":"https:\/\/sietecolores.co\/index.php?rest_route=%2Fwp%2Fv2%2Fproduct_tag&post=629"}],"curies":[{"name":"wp","href":"https:\/\/api.w.org\/{rel}","templated":true}]}}